{"id":4366,"date":"2024-06-24T19:53:34","date_gmt":"2024-06-24T19:53:34","guid":{"rendered":"https:\/\/sauzedoulx.net\/ete\/randonee\/carte-de-randonnee\/"},"modified":"2025-04-24T13:57:35","modified_gmt":"2025-04-24T13:57:35","slug":"carte-de-randonnee","status":"publish","type":"page","link":"https:\/\/sauzedoulx.net\/fr\/ete\/randonee\/carte-de-randonnee\/","title":{"rendered":"Carte de randonn\u00e9e"},"content":{"rendered":"\n<style type=\"text\/css\" data-created_by=\"avia_inline_auto\" id=\"style-css-av-w4zha5-02f10786b7fe5cc1d604ae5493d56882\">\n.avia-section.av-w4zha5-02f10786b7fe5cc1d604ae5493d56882{\nbackground-color:#ffffff;\nbackground-image:unset;\n}\n<\/style>\n<div id='av_section_1'  class='avia-section av-w4zha5-02f10786b7fe5cc1d604ae5493d56882 main_color avia-section-default avia-no-shadow  avia-builder-el-0  el_before_av_layout_row  avia-builder-el-first  avia-bg-style-scroll container_wrap fullsize'  ><div class='container av-section-cont-open' ><main  role=\"main\" itemprop=\"mainContentOfPage\"  class='template-page content  av-content-full alpha units'><div class='post-entry post-entry-type-page post-entry-4366'><div class='entry-content-wrapper clearfix'>\n<div class='flex_column_table av-u9jxb1-ee54c4d45a27b1f48c108a9a4441f36f sc-av_one_full av-break-at-tablet-flextable av-equal-height-column-flextable'><div  class='flex_column av-u9jxb1-ee54c4d45a27b1f48c108a9a4441f36f av_one_full  avia-builder-el-1  avia-builder-el-no-sibling  first av-break-at-tablet flex_column_table_cell av-equal-height-column av-align-middle  '     ><section  class='av_textblock_section av-lxteao97-d49a05e92c9ce643d1243eaf8731b584 '   itemscope=\"itemscope\" itemtype=\"https:\/\/schema.org\/CreativeWork\" ><div class='avia_textblock'  itemprop=\"text\" ><div class=\"leftaligncenter\">\n<h2 style=\"text-align: center; margin-top: 20px!important;\">Carte interactive des randonn\u00e9es<\/h2>\n<p style=\"text-align: center;\">La carte interactive ci-dessous vous permet d&rsquo;imprimer les d\u00e9tails de l&rsquo;itin\u00e9raire choisi, de t\u00e9l\u00e9charger un fichier GPX, etc.<\/p>\n<p style=\"text-align: center;\">Avant de partir, assurez-vous toujours que vos v\u00eatements et vos chaussures sont adapt\u00e9s au climat et \u00e0 l&rsquo;altitude de la montagne, qui changent souvent rapidement.<\/p>\n<p style=\"text-align: center;\">Pour revenir \u00e0 la page pr\u00e9c\u00e9dente, utilisez le bouton ci-dessous.<\/p>\n<\/div>\n<\/div><\/section><br \/>\n<div  class='avia-button-wrap av-sqim59-4f54c57a6b9a13f3fb71787ed5b66b32-wrap avia-button-center  avia-builder-el-3  el_after_av_textblock  avia-builder-el-last '>\n<style type=\"text\/css\" data-created_by=\"avia_inline_auto\" id=\"style-css-av-sqim59-4f54c57a6b9a13f3fb71787ed5b66b32\">\n#top #wrap_all .avia-button.av-sqim59-4f54c57a6b9a13f3fb71787ed5b66b32{\nbackground-color:#2693e6;\nborder-color:#2693e6;\ntransition:all 0.4s ease-in-out;\n}\n#top #wrap_all .avia-button.av-sqim59-4f54c57a6b9a13f3fb71787ed5b66b32:hover{\ncolor:white;\ntransition:all 0.4s ease-in-out;\n}\n<\/style>\n<a href='https:\/\/sauzedoulx.net\/fr\/ete\/randonee\/'  class='avia-button av-sqim59-4f54c57a6b9a13f3fb71787ed5b66b32 av-link-btn avia-icon_select-yes-left-icon avia-size-large avia-position-center avia-font-color-theme-color'   aria-label=\"RANDONN\u00c9E\"><span class='avia_button_icon avia_button_icon_left' aria-hidden='true' data-av_icon='\ue830' data-av_iconfont='entypo-fontello'><\/span><span class='avia_iconbox_title' >RANDONN\u00c9E<\/span><span class='avia_button_background avia-button avia-color-theme-color-highlight' ><\/span><\/a><\/div><\/p><\/div><\/div><!--close column table wrapper. Autoclose: 1 --><\/div><\/div><\/main><!-- close content main element --><\/div><\/div><div id='av-layout-grid-1'  class='av-layout-grid-container av-2q54h9-f5654279dd6566a9e63b1a79f6caf568 entry-content-wrapper main_color av-flex-cells  avia-builder-el-4  el_after_av_section  avia-builder-el-last  backgroundf8 av-cell-min-height av-cell-min-height-75 grid-row-not-first  container_wrap fullsize'   data-av_minimum_height_pc='75'>\n<div class='flex_cell av-pposh9-9642689073a55d88d28a3671425beedf av-gridrow-cell av_one_full no_margin  avia-builder-el-5  avia-builder-el-no-sibling '  ><div class='flex_cell_inner'><section  class='av_textblock_section av-oq1crx-a5021ca40f895df899c4e75e9570e219 '   itemscope=\"itemscope\" itemtype=\"https:\/\/schema.org\/CreativeWork\" ><div class='avia_textblock'  itemprop=\"text\" ><p><script type=\"text\/javascript\" src=https:\/\/api-oa.com\/jscr\/loader.js?id=db8zvk&#038;lang=fr><\/script><\/p>\n<\/div><\/section>\n<\/div><\/div>\n<\/div><\/p>\n","protected":false},"excerpt":{"rendered":"","protected":false},"author":1,"featured_media":0,"parent":4362,"menu_order":0,"comment_status":"closed","ping_status":"closed","template":"","meta":{"footnotes":""},"class_list":["post-4366","page","type-page","status-publish","hentry"],"_links":{"self":[{"href":"https:\/\/sauzedoulx.net\/fr\/wp-json\/wp\/v2\/pages\/4366","targetHints":{"allow":["GET"]}}],"collection":[{"href":"https:\/\/sauzedoulx.net\/fr\/wp-json\/wp\/v2\/pages"}],"about":[{"href":"https:\/\/sauzedoulx.net\/fr\/wp-json\/wp\/v2\/types\/page"}],"author":[{"embeddable":true,"href":"https:\/\/sauzedoulx.net\/fr\/wp-json\/wp\/v2\/users\/1"}],"replies":[{"embeddable":true,"href":"https:\/\/sauzedoulx.net\/fr\/wp-json\/wp\/v2\/comments?post=4366"}],"version-history":[{"count":2,"href":"https:\/\/sauzedoulx.net\/fr\/wp-json\/wp\/v2\/pages\/4366\/revisions"}],"predecessor-version":[{"id":5692,"href":"https:\/\/sauzedoulx.net\/fr\/wp-json\/wp\/v2\/pages\/4366\/revisions\/5692"}],"up":[{"embeddable":true,"href":"https:\/\/sauzedoulx.net\/fr\/wp-json\/wp\/v2\/pages\/4362"}],"wp:attachment":[{"href":"https:\/\/sauzedoulx.net\/fr\/wp-json\/wp\/v2\/media?parent=4366"}],"curies":[{"name":"wp","href":"https:\/\/api.w.org\/{rel}","templated":true}]}}