{"id":4389,"date":"2024-06-24T16:48:26","date_gmt":"2024-06-24T16:48:26","guid":{"rendered":"https:\/\/sauzedoulx.net\/ete\/vtt\/carte-interactive-du-vtt\/"},"modified":"2025-04-24T13:51:11","modified_gmt":"2025-04-24T13:51:11","slug":"carte-interactive-du-vtt","status":"publish","type":"page","link":"https:\/\/sauzedoulx.net\/fr\/ete\/vtt\/carte-interactive-du-vtt\/","title":{"rendered":"Carte interactive du VTT"},"content":{"rendered":"\n<style type=\"text\/css\" data-created_by=\"avia_inline_auto\" id=\"style-css-av-2wjbgo-e517f4310414b2cd4e34570cffa20384\">\n.avia-section.av-2wjbgo-e517f4310414b2cd4e34570cffa20384{\nbackground-color:#ffffff;\nbackground-image:unset;\n}\n<\/style>\n<div id='av_section_1'  class='avia-section av-2wjbgo-e517f4310414b2cd4e34570cffa20384 main_color avia-section-default avia-no-shadow  avia-builder-el-0  el_before_av_layout_row  avia-builder-el-first  avia-bg-style-scroll container_wrap fullsize'  ><div class='container av-section-cont-open' ><main  role=\"main\" itemprop=\"mainContentOfPage\"  class='template-page content  av-content-full alpha units'><div class='post-entry post-entry-type-page post-entry-4389'><div class='entry-content-wrapper clearfix'>\n<div class='flex_column_table av-quq75k-78605c5a115d8c27dd4d5d5b05cf5c50 sc-av_one_full av-break-at-tablet-flextable av-equal-height-column-flextable'><div  class='flex_column av-quq75k-78605c5a115d8c27dd4d5d5b05cf5c50 av_one_full  avia-builder-el-1  avia-builder-el-no-sibling  first av-break-at-tablet flex_column_table_cell av-equal-height-column av-align-middle  '     ><section  class='av_textblock_section av-lxt7rahp-121ebf6fcfeba84e95784f18d84b0c80 '   itemscope=\"itemscope\" itemtype=\"https:\/\/schema.org\/CreativeWork\" ><div class='avia_textblock'  itemprop=\"text\" ><div class=\"leftaligncenter\">\n<h2 style=\"text-align: center; margin-top: 20px!important;\">Carte interactive du VTT<\/h2>\n<p style=\"text-align: center;\">Le temps en montagne peut changer rapidement, il est donc conseill\u00e9 de v\u00e9rifier les conditions m\u00e9t\u00e9orologiques avant de partir.<br \/>\nPortez des v\u00eatements et des chaussures appropri\u00e9s et emportez toujours de la nourriture et de l&rsquo;eau avec vous.<\/p>\n<\/div>\n<\/div><\/section><br \/>\n<div  class='avia-button-wrap av-lxt7rkok-e8957132e81ad2feef35ab601ea4acb1-wrap avia-button-center  avia-builder-el-3  el_after_av_textblock  avia-builder-el-last '>\n<style type=\"text\/css\" data-created_by=\"avia_inline_auto\" id=\"style-css-av-lxt7rkok-e8957132e81ad2feef35ab601ea4acb1\">\n#top #wrap_all .avia-button.av-lxt7rkok-e8957132e81ad2feef35ab601ea4acb1{\nbackground-color:#2693e6;\nborder-color:#2693e6;\ntransition:all 0.4s ease-in-out;\n}\n#top #wrap_all .avia-button.av-lxt7rkok-e8957132e81ad2feef35ab601ea4acb1:hover{\ncolor:white;\ntransition:all 0.4s ease-in-out;\n}\n<\/style>\n<a href='https:\/\/sauzedoulx.net\/fr\/ete\/vtt\/'  class='avia-button av-lxt7rkok-e8957132e81ad2feef35ab601ea4acb1 av-link-btn avia-icon_select-yes-left-icon avia-size-large avia-position-center avia-font-color-theme-color'   aria-label=\"VTT\"><span class='avia_button_icon avia_button_icon_left' aria-hidden='true' data-av_icon='\ue830' data-av_iconfont='entypo-fontello'><\/span><span class='avia_iconbox_title' >VTT<\/span><span class='avia_button_background avia-button avia-color-theme-color-highlight' ><\/span><\/a><\/div><\/p><\/div><\/div><!--close column table wrapper. Autoclose: 1 --><\/div><\/div><\/main><!-- close content main element --><\/div><\/div><div id='av-layout-grid-1'  class='av-layout-grid-container av-pepzgo-326272195bbac0c0d6498a807912eebb entry-content-wrapper main_color av-flex-cells  avia-builder-el-4  el_after_av_section  avia-builder-el-last  backgroundf8 av-cell-min-height av-cell-min-height-75 grid-row-not-first  container_wrap fullsize'   data-av_minimum_height_pc='75'>\n<div class='flex_cell av-o15fmw-8a3adec94d19b98694eb4a0f5ac0da18 av-gridrow-cell av_one_full no_margin  avia-builder-el-5  avia-builder-el-no-sibling '  ><div class='flex_cell_inner'><section  class='av_textblock_section av-lxt7tmty-4900fccb40923b14fc8afcf31c4fb6d6 '   itemscope=\"itemscope\" itemtype=\"https:\/\/schema.org\/CreativeWork\" ><div class='avia_textblock'  itemprop=\"text\" ><p><script type=\"text\/javascript\" src=https:\/\/api-oa.com\/jscr\/loader.js?id=db8zvf&#038;lang=fr><\/script><!-- container used by FlexView API --><\/p>\n<div class=\"oax-top-cont\"><\/div>\n<p><!-- and some lines of javascript inside a script tag --><script type=\"text\/javascript\">var conf = {\n          frontendtype:   \"tour\",          \/\/ choose content type\n          zoom:           11,              \/\/ set initial zoom level\n          center:       [ 10.292, 47.546 ] \/\/ set initial map center\n      };<\/p>\n<p>      var fvp = oa.api.flexviewpage( conf );<\/p>\n<p>    <\/script><\/p>\n<\/div><\/section>\n<\/div><\/div>\n<\/div><\/p>\n","protected":false},"excerpt":{"rendered":"","protected":false},"author":1,"featured_media":0,"parent":4385,"menu_order":0,"comment_status":"closed","ping_status":"closed","template":"","meta":{"footnotes":""},"class_list":["post-4389","page","type-page","status-publish","hentry"],"_links":{"self":[{"href":"https:\/\/sauzedoulx.net\/fr\/wp-json\/wp\/v2\/pages\/4389","targetHints":{"allow":["GET"]}}],"collection":[{"href":"https:\/\/sauzedoulx.net\/fr\/wp-json\/wp\/v2\/pages"}],"about":[{"href":"https:\/\/sauzedoulx.net\/fr\/wp-json\/wp\/v2\/types\/page"}],"author":[{"embeddable":true,"href":"https:\/\/sauzedoulx.net\/fr\/wp-json\/wp\/v2\/users\/1"}],"replies":[{"embeddable":true,"href":"https:\/\/sauzedoulx.net\/fr\/wp-json\/wp\/v2\/comments?post=4389"}],"version-history":[{"count":2,"href":"https:\/\/sauzedoulx.net\/fr\/wp-json\/wp\/v2\/pages\/4389\/revisions"}],"predecessor-version":[{"id":6352,"href":"https:\/\/sauzedoulx.net\/fr\/wp-json\/wp\/v2\/pages\/4389\/revisions\/6352"}],"up":[{"embeddable":true,"href":"https:\/\/sauzedoulx.net\/fr\/wp-json\/wp\/v2\/pages\/4385"}],"wp:attachment":[{"href":"https:\/\/sauzedoulx.net\/fr\/wp-json\/wp\/v2\/media?parent=4389"}],"curies":[{"name":"wp","href":"https:\/\/api.w.org\/{rel}","templated":true}]}}