{"id":4393,"date":"2024-06-28T20:04:16","date_gmt":"2024-06-28T20:04:16","guid":{"rendered":"https:\/\/sauzedoulx.net\/carte-interactive-off-road\/"},"modified":"2024-11-15T13:01:40","modified_gmt":"2024-11-15T13:01:40","slug":"carte-interactive-off-road","status":"publish","type":"page","link":"https:\/\/sauzedoulx.net\/fr\/ete\/off-road\/carte-interactive-off-road\/","title":{"rendered":"Carte interactive Off Road"},"content":{"rendered":"\n<style type=\"text\/css\" data-created_by=\"avia_inline_auto\" id=\"style-css-av-aszt0c-e7c40516b5aba02d34679746b5f6e3e9\">\n.avia-section.av-aszt0c-e7c40516b5aba02d34679746b5f6e3e9{\nbackground-color:#ffffff;\nbackground-image:unset;\n}\n<\/style>\n<div id='av_section_1'  class='avia-section av-aszt0c-e7c40516b5aba02d34679746b5f6e3e9 main_color avia-section-default avia-no-shadow  avia-builder-el-0  el_before_av_layout_row  avia-builder-el-first  avia-bg-style-scroll container_wrap fullsize'  ><div class='container av-section-cont-open' ><main  role=\"main\" itemprop=\"mainContentOfPage\"  class='template-page content  av-content-full alpha units'><div class='post-entry post-entry-type-page post-entry-4393'><div class='entry-content-wrapper clearfix'>\n<div class='flex_column_table av-96vong-0617da727ec8be0559397b3cad657618 sc-av_one_full av-break-at-tablet-flextable av-equal-height-column-flextable'><div  class='flex_column av-96vong-0617da727ec8be0559397b3cad657618 av_one_full  avia-builder-el-1  avia-builder-el-no-sibling  first av-break-at-tablet flex_column_table_cell av-equal-height-column av-align-middle  '     ><section  class='av_textblock_section av-81i9to-b9e0bfe83ebe9e3cf128b157c44857ee '   itemscope=\"itemscope\" itemtype=\"https:\/\/schema.org\/CreativeWork\" ><div class='avia_textblock'  itemprop=\"text\" ><div class=\"leftaligncenter\">\n<h2 style=\"text-align: center; margin-top: 20px!important;\">Carte interactive Off Road<\/h2>\n<p style=\"text-align: center;\">S\u00e9lectionnez un itin\u00e9raire et cliquez sur l\u2019onglet d\u2019information.<\/p>\n<p style=\"text-align: center;\">Pr\u00e9parez-vous toujours \u00e0 des conditions changeantes en montagne et v\u00e9rifiez les pr\u00e9visions m\u00e9t\u00e9orologiques avant de partir.<\/p>\n<\/div>\n<\/div><\/section><br \/>\n<div  class='avia-button-wrap av-6e7pos-6a29782b51268bab2a7ee4c0af85053c-wrap avia-button-center  avia-builder-el-3  el_after_av_textblock  avia-builder-el-last '>\n<style type=\"text\/css\" data-created_by=\"avia_inline_auto\" id=\"style-css-av-6e7pos-6a29782b51268bab2a7ee4c0af85053c\">\n#top #wrap_all .avia-button.av-6e7pos-6a29782b51268bab2a7ee4c0af85053c{\nbackground-color:#2693e6;\nborder-color:#2693e6;\ntransition:all 0.4s ease-in-out;\n}\n#top #wrap_all .avia-button.av-6e7pos-6a29782b51268bab2a7ee4c0af85053c:hover{\ncolor:white;\ntransition:all 0.4s ease-in-out;\n}\n<\/style>\n<a href='https:\/\/sauzedoulx.net\/en\/summer\/off-road\/'  class='avia-button av-6e7pos-6a29782b51268bab2a7ee4c0af85053c av-link-btn avia-icon_select-yes-left-icon avia-size-large avia-position-center avia-font-color-theme-color'   aria-label=\"OFF ROAD\"><span class='avia_button_icon avia_button_icon_left' aria-hidden='true' data-av_icon='\ue830' data-av_iconfont='entypo-fontello'><\/span><span class='avia_iconbox_title' >OFF ROAD<\/span><span class='avia_button_background avia-button avia-color-theme-color-highlight' ><\/span><\/a><\/div><\/p><\/div><\/div><!--close column table wrapper. Autoclose: 1 -->\n\n<\/div><\/div><\/main><!-- close content main element --><\/div><\/div><div id='av-layout-grid-1'  class='av-layout-grid-container av-3m6gmk-b5af1b034526b96440bcfaf8b9ce0a73 entry-content-wrapper main_color av-flex-cells  avia-builder-el-4  el_after_av_section  avia-builder-el-last  backgroundf8 av-cell-min-height av-cell-min-height-75 grid-row-not-first  container_wrap fullsize'   data-av_minimum_height_pc='75'>\n<div class='flex_cell av-2lut0c-1d6db828b251c355eaa173176ae5b860 av-gridrow-cell av_one_full no_margin  avia-builder-el-5  avia-builder-el-no-sibling '  ><div class='flex_cell_inner'><section  class='av_textblock_section av-lxz4g4bo-6e25776227129b5d738b3f0f7b463b5c '   itemscope=\"itemscope\" itemtype=\"https:\/\/schema.org\/CreativeWork\" ><div class='avia_textblock'  itemprop=\"text\" ><p><script type=\"text\/javascript\" src=https:\/\/api-oa.com\/jscr\/loader.js?id=daguo9&#038;lang=fr><\/script><\/p>\n<\/div><\/section>\n<\/div><\/div><\/div>\n","protected":false},"excerpt":{"rendered":"","protected":false},"author":1,"featured_media":0,"parent":4399,"menu_order":0,"comment_status":"closed","ping_status":"closed","template":"","meta":{"footnotes":""},"class_list":["post-4393","page","type-page","status-publish","hentry"],"_links":{"self":[{"href":"https:\/\/sauzedoulx.net\/fr\/wp-json\/wp\/v2\/pages\/4393","targetHints":{"allow":["GET"]}}],"collection":[{"href":"https:\/\/sauzedoulx.net\/fr\/wp-json\/wp\/v2\/pages"}],"about":[{"href":"https:\/\/sauzedoulx.net\/fr\/wp-json\/wp\/v2\/types\/page"}],"author":[{"embeddable":true,"href":"https:\/\/sauzedoulx.net\/fr\/wp-json\/wp\/v2\/users\/1"}],"replies":[{"embeddable":true,"href":"https:\/\/sauzedoulx.net\/fr\/wp-json\/wp\/v2\/comments?post=4393"}],"version-history":[{"count":1,"href":"https:\/\/sauzedoulx.net\/fr\/wp-json\/wp\/v2\/pages\/4393\/revisions"}],"predecessor-version":[{"id":5089,"href":"https:\/\/sauzedoulx.net\/fr\/wp-json\/wp\/v2\/pages\/4393\/revisions\/5089"}],"up":[{"embeddable":true,"href":"https:\/\/sauzedoulx.net\/fr\/wp-json\/wp\/v2\/pages\/4399"}],"wp:attachment":[{"href":"https:\/\/sauzedoulx.net\/fr\/wp-json\/wp\/v2\/media?parent=4393"}],"curies":[{"name":"wp","href":"https:\/\/api.w.org\/{rel}","templated":true}]}}