{"id":4408,"date":"2024-06-25T09:28:28","date_gmt":"2024-06-25T09:28:28","guid":{"rendered":"https:\/\/sauzedoulx.net\/carte-du-velo-de-route\/"},"modified":"2024-11-19T11:37:34","modified_gmt":"2024-11-19T11:37:34","slug":"carte-du-velo-de-route","status":"publish","type":"page","link":"https:\/\/sauzedoulx.net\/fr\/ete\/velo-de-route\/carte-du-velo-de-route\/","title":{"rendered":"Carte du v\u00e9lo de route"},"content":{"rendered":"\n<style type=\"text\/css\" data-created_by=\"avia_inline_auto\" id=\"style-css-av-wsw19s-f89d2076024c0f1600a5389425020af1\">\n.avia-section.av-wsw19s-f89d2076024c0f1600a5389425020af1{\nbackground-color:#ffffff;\nbackground-image:unset;\n}\n<\/style>\n<div id='av_section_1'  class='avia-section av-wsw19s-f89d2076024c0f1600a5389425020af1 main_color avia-section-default avia-no-shadow  avia-builder-el-0  el_before_av_layout_row  avia-builder-el-first  avia-bg-style-scroll container_wrap fullsize'  ><div class='container av-section-cont-open' ><main  role=\"main\" itemprop=\"mainContentOfPage\"  class='template-page content  av-content-full alpha units'><div class='post-entry post-entry-type-page post-entry-4408'><div class='entry-content-wrapper clearfix'>\n<div class='flex_column_table av-uydpa8-b54c2cb554e1b0f0ce4a511494cd21bb sc-av_one_full av-break-at-tablet-flextable av-equal-height-column-flextable'><div  class='flex_column av-uydpa8-b54c2cb554e1b0f0ce4a511494cd21bb av_one_full  avia-builder-el-1  avia-builder-el-no-sibling  first av-break-at-tablet flex_column_table_cell av-equal-height-column av-align-middle  '     ><section  class='av_textblock_section av-lxu7ajw4-043acc838466b678d4c9ac85d64d5a01 '   itemscope=\"itemscope\" itemtype=\"https:\/\/schema.org\/CreativeWork\" ><div class='avia_textblock'  itemprop=\"text\" ><div class=\"leftaligncenter\">\n<h2 style=\"text-align: center; margin-top: 20px!important;\">Carte interactive du cyclisme sur route<\/h2>\n<p style=\"text-align: center;\">Il est toujours n\u00e9cessaire de porter des v\u00eatements et des chaussures adapt\u00e9s \u00e0 la montagne et \u00e0 la saison.<\/p>\n<p style=\"text-align: center;\">Avant toute excursion, veuillez consulter les pr\u00e9visions m\u00e9t\u00e9orologiques.<\/p>\n<\/div>\n<\/div><\/section><br \/>\n<div  class='avia-button-wrap av-ta04ts-8efb700e2b1f60ea9525cfb5e4e1db92-wrap avia-button-center  avia-builder-el-3  el_after_av_textblock  avia-builder-el-last '>\n<style type=\"text\/css\" data-created_by=\"avia_inline_auto\" id=\"style-css-av-ta04ts-8efb700e2b1f60ea9525cfb5e4e1db92\">\n#top #wrap_all .avia-button.av-ta04ts-8efb700e2b1f60ea9525cfb5e4e1db92{\nbackground-color:#2693e6;\nborder-color:#2693e6;\ntransition:all 0.4s ease-in-out;\n}\n#top #wrap_all .avia-button.av-ta04ts-8efb700e2b1f60ea9525cfb5e4e1db92:hover{\ncolor:white;\ntransition:all 0.4s ease-in-out;\n}\n<\/style>\n<a href='https:\/\/sauzedoulx.net\/en\/summer\/road-cycling\/'  class='avia-button av-ta04ts-8efb700e2b1f60ea9525cfb5e4e1db92 av-link-btn avia-icon_select-yes-left-icon avia-size-large avia-position-center avia-font-color-theme-color'   aria-label=\"CYCLISME SUR ROUTE\"><span class='avia_button_icon avia_button_icon_left' aria-hidden='true' data-av_icon='\ue830' data-av_iconfont='entypo-fontello'><\/span><span class='avia_iconbox_title' >CYCLISME SUR ROUTE<\/span><span class='avia_button_background avia-button avia-color-theme-color-highlight' ><\/span><\/a><\/div><\/p><\/div><\/div><!--close column table wrapper. Autoclose: 1 -->\n\n<\/div><\/div><\/main><!-- close content main element --><\/div><\/div><div id='av-layout-grid-1'  class='av-layout-grid-container av-rkchf4-8110563795ddd174e61bbd15b150947e entry-content-wrapper main_color av-flex-cells  avia-builder-el-4  el_after_av_section  avia-builder-el-last  backgroundf8 av-cell-min-height av-cell-min-height-75 grid-row-not-first  container_wrap fullsize'   data-av_minimum_height_pc='75'>\n<div class='flex_cell av-pbdj5c-4623e62a0135c87e2e507f78ff0e061d av-gridrow-cell av_one_full no_margin  avia-builder-el-5  avia-builder-el-no-sibling '  ><div class='flex_cell_inner'><section  class='av_textblock_section av-nm5yg0-02f610f5cb5719f6e34cbf6a9006e583 '   itemscope=\"itemscope\" itemtype=\"https:\/\/schema.org\/CreativeWork\" ><div class='avia_textblock'  itemprop=\"text\" ><p><script type=\"text\/javascript\" src=https:\/\/api-oa.com\/jscr\/loader.js?id=db8zvk&#038;lang=fr><\/script><\/p>\n<\/div><\/section>\n<\/div><\/div><\/div>\n","protected":false},"excerpt":{"rendered":"","protected":false},"author":1,"featured_media":0,"parent":4414,"menu_order":0,"comment_status":"closed","ping_status":"closed","template":"","meta":{"footnotes":""},"class_list":["post-4408","page","type-page","status-publish","hentry"],"_links":{"self":[{"href":"https:\/\/sauzedoulx.net\/fr\/wp-json\/wp\/v2\/pages\/4408","targetHints":{"allow":["GET"]}}],"collection":[{"href":"https:\/\/sauzedoulx.net\/fr\/wp-json\/wp\/v2\/pages"}],"about":[{"href":"https:\/\/sauzedoulx.net\/fr\/wp-json\/wp\/v2\/types\/page"}],"author":[{"embeddable":true,"href":"https:\/\/sauzedoulx.net\/fr\/wp-json\/wp\/v2\/users\/1"}],"replies":[{"embeddable":true,"href":"https:\/\/sauzedoulx.net\/fr\/wp-json\/wp\/v2\/comments?post=4408"}],"version-history":[{"count":2,"href":"https:\/\/sauzedoulx.net\/fr\/wp-json\/wp\/v2\/pages\/4408\/revisions"}],"predecessor-version":[{"id":5093,"href":"https:\/\/sauzedoulx.net\/fr\/wp-json\/wp\/v2\/pages\/4408\/revisions\/5093"}],"up":[{"embeddable":true,"href":"https:\/\/sauzedoulx.net\/fr\/wp-json\/wp\/v2\/pages\/4414"}],"wp:attachment":[{"href":"https:\/\/sauzedoulx.net\/fr\/wp-json\/wp\/v2\/media?parent=4408"}],"curies":[{"name":"wp","href":"https:\/\/api.w.org\/{rel}","templated":true}]}}