{"id":4419,"date":"2024-06-29T15:54:04","date_gmt":"2024-06-29T15:54:04","guid":{"rendered":"https:\/\/sauzedoulx.net\/carte-strada-dellassietta\/"},"modified":"2024-11-15T13:06:06","modified_gmt":"2024-11-15T13:06:06","slug":"carte-strada-dellassietta","status":"publish","type":"page","link":"https:\/\/sauzedoulx.net\/fr\/ete\/route-de-lassiette\/carte-strada-dellassietta\/","title":{"rendered":"Carte Strada dell&rsquo;Assietta"},"content":{"rendered":"\n<style type=\"text\/css\" data-created_by=\"avia_inline_auto\" id=\"style-css-av-aadd9s-1d4f985049adc14f264be6b6a690ae91\">\n.avia-section.av-aadd9s-1d4f985049adc14f264be6b6a690ae91{\nbackground-color:#ffffff;\nbackground-image:unset;\n}\n<\/style>\n<div id='av_section_1'  class='avia-section av-aadd9s-1d4f985049adc14f264be6b6a690ae91 main_color avia-section-default avia-no-shadow  avia-builder-el-0  el_before_av_layout_row  avia-builder-el-first  avia-bg-style-scroll container_wrap fullsize'  ><div class='container av-section-cont-open' ><main  role=\"main\" itemprop=\"mainContentOfPage\"  class='template-page content  av-content-full alpha units'><div class='post-entry post-entry-type-page post-entry-4419'><div class='entry-content-wrapper clearfix'>\n<div class='flex_column_table av-9bwss0-23fd83ba6bee5d0941915413c8b62174 sc-av_one_full av-break-at-tablet-flextable av-equal-height-column-flextable'><div  class='flex_column av-9bwss0-23fd83ba6bee5d0941915413c8b62174 av_one_full  avia-builder-el-1  avia-builder-el-no-sibling  first av-break-at-tablet flex_column_table_cell av-equal-height-column av-align-middle  '     ><section  class='av_textblock_section av-ly0aybaq-3dfa0ad0f4b625411ed3bafc2914110c '   itemscope=\"itemscope\" itemtype=\"https:\/\/schema.org\/CreativeWork\" ><div class='avia_textblock'  itemprop=\"text\" ><div class=\"leftaligncenter\">\n<h2 style=\"text-align: center; margin-top: 20px!important;\">Carte Strada dell&rsquo;Assietta<\/h2>\n<p style=\"text-align: center;\">Il est toujours n\u00e9cessaire de porter des v\u00eatements et des chaussures adapt\u00e9s \u00e0 la montagne et \u00e0 la saison.<\/p>\n<p style=\"text-align: center;\">V\u00e9rifiez toujours les pr\u00e9visions m\u00e9t\u00e9orologiques avant votre voyage<\/p>\n<p style=\"text-align: center;\">Consultez le site web de l&rsquo;ARPA Piemonte ou renseignez-vous aupr\u00e8s de l&rsquo;office du tourisme de Sauze d&rsquo;Oulx.<\/p>\n<\/div>\n<\/div><\/section><br \/>\n<div  class='avia-button-wrap av-758kwg-495adbaf35952781b17d0abadcba16aa-wrap avia-button-center  avia-builder-el-3  el_after_av_textblock  avia-builder-el-last '>\n<style type=\"text\/css\" data-created_by=\"avia_inline_auto\" id=\"style-css-av-758kwg-495adbaf35952781b17d0abadcba16aa\">\n#top #wrap_all .avia-button.av-758kwg-495adbaf35952781b17d0abadcba16aa{\nbackground-color:#2693e6;\nborder-color:#2693e6;\ntransition:all 0.4s ease-in-out;\n}\n#top #wrap_all .avia-button.av-758kwg-495adbaf35952781b17d0abadcba16aa:hover{\ncolor:white;\ntransition:all 0.4s ease-in-out;\n}\n<\/style>\n<a href='https:\/\/sauzedoulx.net\/fr\/ete\/route-de-lassiette\/'  class='avia-button av-758kwg-495adbaf35952781b17d0abadcba16aa av-link-btn avia-icon_select-yes-left-icon avia-size-large avia-position-center avia-font-color-theme-color'   aria-label=\"Strada dell\u2019Assietta\"><span class='avia_button_icon avia_button_icon_left' aria-hidden='true' data-av_icon='\ue830' data-av_iconfont='entypo-fontello'><\/span><span class='avia_iconbox_title' >Strada dell\u2019Assietta<\/span><span class='avia_button_background avia-button avia-color-theme-color-highlight' ><\/span><\/a><\/div><\/p><\/div><\/div><!--close column table wrapper. Autoclose: 1 --><\/div><\/div><\/main><!-- close content main element --><\/div><\/div><div id='av-layout-grid-1'  class='av-layout-grid-container av-5zngao-2d290f7cf3972d99ce3daca916209a79 entry-content-wrapper main_color av-flex-cells  avia-builder-el-4  el_after_av_section  avia-builder-el-last  backgroundf8 av-cell-min-height av-cell-min-height-75 grid-row-not-first  container_wrap fullsize'   data-av_minimum_height_pc='75'>\n<div class='flex_cell av-3jcfuo-c3acb944a5ff96bede81994ed55a49ae av-gridrow-cell av_one_full no_margin  avia-builder-el-5  avia-builder-el-no-sibling '  ><div class='flex_cell_inner'><section  class='av_textblock_section av-2lp0qo-5129888d47c4ca1814f4226b646a9891 '   itemscope=\"itemscope\" itemtype=\"https:\/\/schema.org\/CreativeWork\" ><div class='avia_textblock'  itemprop=\"text\" ><p><script type=\"text\/javascript\" src=https:\/\/api-oa.com\/jscr\/loader.js?id=db8zvk&#038;lang=fr><\/script><\/p>\n<\/div><\/section>\n<\/div><\/div><\/div><\/p>\n","protected":false},"excerpt":{"rendered":"","protected":false},"author":1,"featured_media":0,"parent":4425,"menu_order":0,"comment_status":"closed","ping_status":"closed","template":"","meta":{"footnotes":""},"class_list":["post-4419","page","type-page","status-publish","hentry"],"_links":{"self":[{"href":"https:\/\/sauzedoulx.net\/fr\/wp-json\/wp\/v2\/pages\/4419","targetHints":{"allow":["GET"]}}],"collection":[{"href":"https:\/\/sauzedoulx.net\/fr\/wp-json\/wp\/v2\/pages"}],"about":[{"href":"https:\/\/sauzedoulx.net\/fr\/wp-json\/wp\/v2\/types\/page"}],"author":[{"embeddable":true,"href":"https:\/\/sauzedoulx.net\/fr\/wp-json\/wp\/v2\/users\/1"}],"replies":[{"embeddable":true,"href":"https:\/\/sauzedoulx.net\/fr\/wp-json\/wp\/v2\/comments?post=4419"}],"version-history":[{"count":0,"href":"https:\/\/sauzedoulx.net\/fr\/wp-json\/wp\/v2\/pages\/4419\/revisions"}],"up":[{"embeddable":true,"href":"https:\/\/sauzedoulx.net\/fr\/wp-json\/wp\/v2\/pages\/4425"}],"wp:attachment":[{"href":"https:\/\/sauzedoulx.net\/fr\/wp-json\/wp\/v2\/media?parent=4419"}],"curies":[{"name":"wp","href":"https:\/\/api.w.org\/{rel}","templated":true}]}}