{"id":4486,"date":"2024-06-09T11:03:21","date_gmt":"2024-06-09T11:03:21","guid":{"rendered":"https:\/\/sauzedoulx.net\/sauze-doulx\/jeux-olympiques-dhiver-2006\/"},"modified":"2024-11-13T14:10:48","modified_gmt":"2024-11-13T14:10:48","slug":"jeux-olympiques-dhiver-2006","status":"publish","type":"page","link":"https:\/\/sauzedoulx.net\/fr\/sauze-doulx\/jeux-olympiques-dhiver-2006\/","title":{"rendered":"Jeux Olympiques d\u2019Hiver 2006"},"content":{"rendered":"<p>\n<style type=\"text\/css\" data-created_by=\"avia_inline_auto\" id=\"style-css-av-4ifn7y-25e1da231502e4780a1208adf82b37a0\">\n.avia-section.av-4ifn7y-25e1da231502e4780a1208adf82b37a0{\nbackground-color:#f8f8f8;\nbackground-image:unset;\n}\n<\/style>\n<div id='av_section_1'  class='avia-section av-4ifn7y-25e1da231502e4780a1208adf82b37a0 main_color avia-section-default avia-no-shadow  avia-builder-el-0  el_before_av_section  avia-builder-el-first  avia-bg-style-scroll container_wrap fullsize'  ><div class='container av-section-cont-open' ><main  role=\"main\" itemprop=\"mainContentOfPage\"  class='template-page content  av-content-full alpha units'><div class='post-entry post-entry-type-page post-entry-4486'><div class='entry-content-wrapper clearfix'>\n<div  class='flex_column av-4g3jfy-a7c9715324c7fb8fca5c6b7a94dc61a4 av_one_full  avia-builder-el-1  avia-builder-el-no-sibling  first flex_column_div  '     ><section  class='av_textblock_section av-m0wo1a77-f082c88827780eff050f7a56852dacc7 '   itemscope=\"itemscope\" itemtype=\"https:\/\/schema.org\/CreativeWork\" ><div class='avia_textblock'  itemprop=\"text\" ><h1 style=\"text-align: center;\">Jeux Olympiques d\u2019Hiver 2006<\/h1>\n<p style=\"text-align: center;\">Sauze d\u2019Oulx a \u00e9t\u00e9 le si\u00e8ge de comp\u00e9tition de 4 \u00e9v\u00e9nements de ski acrobatique pendant la XXe \u00e9dition des Jeux Olympiques d\u2019Hiver de Turin.<\/p>\n<p style=\"text-align: center;\">Les athl\u00e8tes masculins et f\u00e9minins de saut et bosse ont fait des \u00e9volutions, pendant les competitions, vraiment spectaculaires et passionnants. Le jury international les a jug\u00e9s par la technique et la vitesse, en d\u00e9cernant l\u2019or, l\u2019argent et le bronze aux meilleurs athl\u00e8tes pour chaque sp\u00e9cialit\u00e9.  <\/p>\n<p style=\"text-align: center;\">Le lieu o\u00f9 les competitions ont \u00e9t\u00e9 faites est encore visible, venant \u00e0 Sauze d\u2019Oulx il y a un mur en pierre avec les cercles olympiques en \u00e9vidence.<\/p>\n<\/div><\/section><\/div>\n<\/div><\/div><\/main><!-- close content main element --><\/div><\/div>\n<style type=\"text\/css\" data-created_by=\"avia_inline_auto\" id=\"style-css-av-47orr2-dbdf0878684ae89a40c2e89ad63cb0c0\">\n.avia-section.av-47orr2-dbdf0878684ae89a40c2e89ad63cb0c0{\nbackground-color:#ffffff;\nbackground-image:unset;\n}\n<\/style>\n<div id='av_section_2'  class='avia-section av-47orr2-dbdf0878684ae89a40c2e89ad63cb0c0 main_color avia-section-default avia-no-shadow  avia-builder-el-3  el_after_av_section  el_before_av_section  avia-bg-style-scroll container_wrap fullsize'  ><div class='container av-section-cont-open' ><div class='template-page content  av-content-full alpha units'><div class='post-entry post-entry-type-page post-entry-4486'><div class='entry-content-wrapper clearfix'>\n<div class='flex_column_table av-4070by-db24fd225ebd810500f73544b7438f50 sc-av_one_half av-equal-height-column-flextable'>\n<style type=\"text\/css\" data-created_by=\"avia_inline_auto\" id=\"style-css-av-4070by-db24fd225ebd810500f73544b7438f50\">\n.flex_column.av-4070by-db24fd225ebd810500f73544b7438f50{\nwidth:46.75%;\nmargin-left:0;\n}\n#top .flex_column_table.av-equal-height-column-flextable.av-4070by-db24fd225ebd810500f73544b7438f50 .av-flex-placeholder{\nwidth:6.5%;\n}\n<\/style>\n<div  class='flex_column av-4070by-db24fd225ebd810500f73544b7438f50 av_one_half  avia-builder-el-4  el_before_av_one_half  avia-builder-el-first  first flex_column_table_cell av-equal-height-column av-align-middle  '     ><style type=\"text\/css\" data-created_by=\"avia_inline_auto\" id=\"style-css-av-m0wo317h-1b1175c13b81db2f60ad4a17ca6be62d\">\n.avia-image-container.av-m0wo317h-1b1175c13b81db2f60ad4a17ca6be62d img.avia_image{\nbox-shadow:none;\n}\n.avia-image-container.av-m0wo317h-1b1175c13b81db2f60ad4a17ca6be62d .av-image-caption-overlay-center{\ncolor:#ffffff;\n}\n<\/style>\n<div  id=\"imgbr\"  class='avia-image-container av-m0wo317h-1b1175c13b81db2f60ad4a17ca6be62d av-styling- avia-align-center  avia-builder-el-5  avia-builder-el-no-sibling  imgbr'   itemprop=\"image\" itemscope=\"itemscope\" itemtype=\"https:\/\/schema.org\/ImageObject\" ><div class=\"avia-image-container-inner\"><div class=\"avia-image-overlay-wrap\"><img decoding=\"async\" fetchpriority=\"high\" class='wp-image-2335 avia-img-lazy-loading-not-2335 avia_image ' src=\"https:\/\/sauzedoulx.net\/wp-content\/uploads\/2024\/09\/olympics-1500x630-1-495x400.jpg\" alt='' title='olympics-1500x630'  height=\"400\" width=\"495\"  itemprop=\"thumbnailUrl\"  \/><\/div><\/div><\/div><\/div><div class='av-flex-placeholder'><\/div>\n<style type=\"text\/css\" data-created_by=\"avia_inline_auto\" id=\"style-css-av-e3eri-16be4690c41c5d49c5ecb9d8b33de604\">\n.flex_column.av-e3eri-16be4690c41c5d49c5ecb9d8b33de604{\nwidth:46.75%;\nmargin-left:0;\n}\n#top .flex_column_table.av-equal-height-column-flextable.av-e3eri-16be4690c41c5d49c5ecb9d8b33de604 .av-flex-placeholder{\nwidth:6.5%;\n}\n<\/style>\n<div  class='flex_column av-e3eri-16be4690c41c5d49c5ecb9d8b33de604 av_one_half  avia-builder-el-6  el_after_av_one_half  avia-builder-el-last  flex_column_table_cell av-equal-height-column av-align-middle  '     ><section  class='av_textblock_section av-m0wo2hpo-2acf3a71fa540b444e2fd2e72d0c4610 '   itemscope=\"itemscope\" itemtype=\"https:\/\/schema.org\/CreativeWork\" ><div class='avia_textblock'  itemprop=\"text\" ><div class=\"leftaligncenter\">\n<h2>Vid\u00e9o des Jeux Olympiques de Ski Acrobatique<\/h2>\n<p>Le vid\u00e9o des competitions de ski acrobatique des Jeux Olympiques de Turin 2006 est disponible sur YouTube:<\/p>\n<p><a href=\"https:\/\/youtu.be\/Y9XYnXXXelA\" target=\"_blank\" rel=\"noopener\">Bosses Hommes<\/a><\/p>\n<p><a href=\"https:\/\/youtu.be\/c9cYU4drNmI\" target=\"_blank\" rel=\"noopener\">Saut Hommes<\/a><\/p>\n<p><a href=\"https:\/\/www.youtube.com\/watch?v=SEmP7s_cj-E\" target=\"_blank\" rel=\"noopener\">Bosses Femmes<\/a><\/p>\n<p><a href=\"https:\/\/youtu.be\/XgIUdLwKCI4\" target=\"_blank\" rel=\"noopener\">Saut Femmes<\/a><\/p>\n<\/div>\n<\/div><\/section><\/div><\/div><!--close column table wrapper. Autoclose: 1 -->\n<\/p>\n<\/div><\/div><\/div><!-- close content main div --><\/div><\/div>\n<style type=\"text\/css\" data-created_by=\"avia_inline_auto\" id=\"style-css-av-3oyjdi-51a57619480c3dd7358ce87549697a47\">\n.avia-section.av-3oyjdi-51a57619480c3dd7358ce87549697a47{\nbackground-color:#f8f8f8;\nbackground-image:unset;\n}\n<\/style>\n<div id='av_section_3'  class='avia-section av-3oyjdi-51a57619480c3dd7358ce87549697a47 main_color avia-section-default avia-no-shadow  avia-builder-el-8  el_after_av_section  el_before_av_section  avia-bg-style-scroll container_wrap fullsize'  ><div class='container av-section-cont-open' ><div class='template-page content  av-content-full alpha units'><div class='post-entry post-entry-type-page post-entry-4486'><div class='entry-content-wrapper clearfix'>\n<div class='flex_column_table av-3k0urq-104940ea987fa2c6848fc714b79d4862 sc-av_one_full av-break-at-tablet-flextable av-equal-height-column-flextable'><div  class='flex_column av-3k0urq-104940ea987fa2c6848fc714b79d4862 av_one_full  avia-builder-el-9  el_before_av_one_half  avia-builder-el-first  first av-break-at-tablet flex_column_table_cell av-equal-height-column av-align-middle  '     ><section  class='av_textblock_section av-3e1qxy-3c2f8ba4c2c7f402e292f8b80432bc41 '   itemscope=\"itemscope\" itemtype=\"https:\/\/schema.org\/CreativeWork\" ><div class='avia_textblock'  itemprop=\"text\" ><h2 style=\"text-align: center;\">Passion Lives Here<\/h2>\n<p style=\"text-align: center;\">Deux des posters des Jeux olympiques d\u2019hiver \u2013 Torino 2006: \u00e0 la gauche les \u00e9preuves de ski acrobatique et \u00e0 la droite les Jeux olympiques officiels. Pour comm\u00e9morer l\u2019\u00e9v\u00e9nement, au rond-point de Sauze d\u2019Oulx il y a une sculpture repr\u00e9sentant un skieur acrobatique. <\/p>\n<\/div><\/section><\/div><\/div><!--close column table wrapper. Autoclose: 1 --><div class='flex_column_table av-izeeu-65a344c7d38f4162b66ca584380ce0ea sc-av_one_half av-equal-height-column-flextable'>\n<style type=\"text\/css\" data-created_by=\"avia_inline_auto\" id=\"style-css-av-izeeu-65a344c7d38f4162b66ca584380ce0ea\">\n.flex_column.av-izeeu-65a344c7d38f4162b66ca584380ce0ea{\nwidth:46.75%;\nmargin-left:0;\n}\n#top .flex_column_table.av-equal-height-column-flextable.av-izeeu-65a344c7d38f4162b66ca584380ce0ea .av-flex-placeholder{\nwidth:6.5%;\n}\n<\/style>\n<div  class='flex_column av-izeeu-65a344c7d38f4162b66ca584380ce0ea av_one_half  avia-builder-el-11  el_after_av_one_full  el_before_av_one_half  first flex_column_table_cell av-equal-height-column av-align-middle  column-top-margin'     ><style type=\"text\/css\" data-created_by=\"avia_inline_auto\" id=\"style-css-av-m0wo7elh-34e7b137d86a5b73ceee0a0fbc1ee4f0\">\n.avia-image-container.av-m0wo7elh-34e7b137d86a5b73ceee0a0fbc1ee4f0 img.avia_image{\nbox-shadow:none;\n}\n.avia-image-container.av-m0wo7elh-34e7b137d86a5b73ceee0a0fbc1ee4f0 .av-image-caption-overlay-center{\ncolor:#ffffff;\n}\n<\/style>\n<div  id=\"imgbr\"  class='avia-image-container av-m0wo7elh-34e7b137d86a5b73ceee0a0fbc1ee4f0 av-styling- avia-align-center  avia-builder-el-12  avia-builder-el-no-sibling  imgbr'   itemprop=\"image\" itemscope=\"itemscope\" itemtype=\"https:\/\/schema.org\/ImageObject\" ><div class=\"avia-image-container-inner\"><div class=\"avia-image-overlay-wrap\"><img decoding=\"async\" fetchpriority=\"high\" class='wp-image-2340 avia-img-lazy-loading-not-2340 avia_image ' src=\"https:\/\/sauzedoulx.net\/wp-content\/uploads\/2024\/09\/freestylesmall.jpg\" alt='' title='freestylesmall'  height=\"500\" width=\"351\"  itemprop=\"thumbnailUrl\" srcset=\"https:\/\/sauzedoulx.net\/wp-content\/uploads\/2024\/09\/freestylesmall.jpg 351w, https:\/\/sauzedoulx.net\/wp-content\/uploads\/2024\/09\/freestylesmall-211x300.jpg 211w\" sizes=\"(max-width: 351px) 100vw, 351px\" \/><\/div><\/div><\/div><\/div><div class='av-flex-placeholder'><\/div>\n<style type=\"text\/css\" data-created_by=\"avia_inline_auto\" id=\"style-css-av-2k8nrq-71fd9bb3eec83be4e4e5046e43ba2524\">\n.flex_column.av-2k8nrq-71fd9bb3eec83be4e4e5046e43ba2524{\nwidth:46.75%;\nmargin-left:0;\n}\n#top .flex_column_table.av-equal-height-column-flextable.av-2k8nrq-71fd9bb3eec83be4e4e5046e43ba2524 .av-flex-placeholder{\nwidth:6.5%;\n}\n<\/style>\n<div  class='flex_column av-2k8nrq-71fd9bb3eec83be4e4e5046e43ba2524 av_one_half  avia-builder-el-13  el_after_av_one_half  avia-builder-el-last  flex_column_table_cell av-equal-height-column av-align-middle  column-top-margin'     ><style type=\"text\/css\" data-created_by=\"avia_inline_auto\" id=\"style-css-av-2dqh7q-b34434ae55e7d2e4ec2b94e22db2f316\">\n.avia-image-container.av-2dqh7q-b34434ae55e7d2e4ec2b94e22db2f316 img.avia_image{\nbox-shadow:none;\n}\n.avia-image-container.av-2dqh7q-b34434ae55e7d2e4ec2b94e22db2f316 .av-image-caption-overlay-center{\ncolor:#ffffff;\n}\n<\/style>\n<div  id=\"imgbr\"  class='avia-image-container av-2dqh7q-b34434ae55e7d2e4ec2b94e22db2f316 av-styling- avia-align-center  avia-builder-el-14  avia-builder-el-no-sibling  imgbr'   itemprop=\"image\" itemscope=\"itemscope\" itemtype=\"https:\/\/schema.org\/ImageObject\" ><div class=\"avia-image-container-inner\"><div class=\"avia-image-overlay-wrap\"><img decoding=\"async\" fetchpriority=\"high\" class='wp-image-2343 avia-img-lazy-loading-not-2343 avia_image ' src=\"https:\/\/sauzedoulx.net\/wp-content\/uploads\/2024\/09\/olysmall.jpg\" alt='' title='olysmall'  height=\"500\" width=\"351\"  itemprop=\"thumbnailUrl\" srcset=\"https:\/\/sauzedoulx.net\/wp-content\/uploads\/2024\/09\/olysmall.jpg 351w, https:\/\/sauzedoulx.net\/wp-content\/uploads\/2024\/09\/olysmall-211x300.jpg 211w\" sizes=\"(max-width: 351px) 100vw, 351px\" \/><\/div><\/div><\/div><\/div><\/div><!--close column table wrapper. Autoclose: 1 -->\n\n<\/div><\/div><\/div><!-- close content main div --><\/div><\/div>\n<style type=\"text\/css\" data-created_by=\"avia_inline_auto\" id=\"style-css-av-e2ko6-95d7a107ec384148dabb5baf95074863\">\n.avia-section.av-e2ko6-95d7a107ec384148dabb5baf95074863{\nbackground-color:#ffffff;\nbackground-image:unset;\n}\n<\/style>\n<div id='av_section_4'  class='avia-section av-e2ko6-95d7a107ec384148dabb5baf95074863 main_color avia-section-default avia-no-shadow  avia-builder-el-15  el_after_av_section  avia-builder-el-last  avia-bg-style-scroll container_wrap fullsize'  ><div class='container av-section-cont-open' ><div class='template-page content  av-content-full alpha units'><div class='post-entry post-entry-type-page post-entry-4486'><div class='entry-content-wrapper clearfix'>\n<div  class='flex_column av-apyum-aaecd84e4e32a4c47990d750a4a5414f av_one_full  avia-builder-el-16  el_before_av_one_full  avia-builder-el-first  first flex_column_div  '     ><section  class='av_textblock_section av-m0wo9p36-8d3ec614b8e386833c0c04e128e3a189 '   itemscope=\"itemscope\" itemtype=\"https:\/\/schema.org\/CreativeWork\" ><div class='avia_textblock'  itemprop=\"text\" ><h2 style=\"text-align: center;\">M\u00c9DAILLES OLYMPIQUES SKI ACROBATIQUE<\/h2>\n<\/div><\/section><\/div><div  class='flex_column av-dn19a-f786eb28c49f136eb74a384711fda5c0 av_one_full  avia-builder-el-18  el_after_av_one_full  avia-builder-el-last  first flex_column_div  column-top-margin'     ><section  class='av_textblock_section av-6t1jq-3975f2b8039dc67bb9569bb7afb80d4e '   itemscope=\"itemscope\" itemtype=\"https:\/\/schema.org\/CreativeWork\" ><div class='avia_textblock'  itemprop=\"text\" ><div class=\"avia-data-table-wrap av-1jc2jwl-3ed58041084b73363d1fd74ce4a75c82 avia_responsive_table avia-table-1\">\n<table class=\"avia-table avia-data-table avia_pricing_minimal avia-builder-el-7 el_after_av_textblock avia-builder-el-last \" itemscope=\"itemscope\" itemtype=\"https:\/\/schema.org\/Table\">\n<tbody>\n<tr class=\"avia-heading-row\">\n<th class=\"\">EVENT<\/th>\n<th class=\"\">GOLD<\/th>\n<th class=\"\">SILVER<\/th>\n<th class=\"\">BRONZE<\/th>\n<\/tr>\n<tr class=\"\">\n<td class=\"\">Men\u2019s Moguls<\/td>\n<td class=\"\">Dale Begg-Smith 26.77<br \/>\n(Australia)<\/td>\n<td class=\"\">Mikko Ronkainen 26.62<br \/>\n(Finland)<\/td>\n<td class=\"\">Toby Dawson 26.30<br \/>\n(USA)<\/td>\n<\/tr>\n<tr class=\"\">\n<td class=\"\">Men\u2019s Aerials<\/td>\n<td class=\"\">Han Xiaopeng 250.77<br \/>\n(China)<\/td>\n<td class=\"\">Dmitri Dashinski 248.68<br \/>\n(Belarus)<\/td>\n<td class=\"\">Vladimir Lebedev 246.76<br \/>\n(Russia)<\/td>\n<\/tr>\n<tr class=\"\">\n<td class=\"\">Women\u2019s Moguls<\/td>\n<td class=\"\">Jennifer Heil 26.50<br \/>\n(Canada)<\/td>\n<td class=\"\">Kari Traa 25.65<br \/>\n(Norway)<\/td>\n<td class=\"\">Sandra Laoura 25.37<br \/>\n(France)<\/td>\n<\/tr>\n<tr class=\"\">\n<td class=\"\">Women\u2019s Aerials<\/td>\n<td class=\"\">Evelyne Leu 202.55<br \/>\n(Switzerland)<\/td>\n<td class=\"\">Li Nina 197.39<br \/>\n(China)<\/td>\n<td class=\"\">Alisa Camplin 191.39<br \/>\n(Australia)<\/td>\n<\/tr>\n<\/tbody>\n<\/table>\n<\/div>\n<\/div><\/section><\/div>\n\n","protected":false},"excerpt":{"rendered":"","protected":false},"author":1,"featured_media":0,"parent":4479,"menu_order":0,"comment_status":"closed","ping_status":"closed","template":"","meta":{"footnotes":""},"class_list":["post-4486","page","type-page","status-publish","hentry"],"_links":{"self":[{"href":"https:\/\/sauzedoulx.net\/fr\/wp-json\/wp\/v2\/pages\/4486","targetHints":{"allow":["GET"]}}],"collection":[{"href":"https:\/\/sauzedoulx.net\/fr\/wp-json\/wp\/v2\/pages"}],"about":[{"href":"https:\/\/sauzedoulx.net\/fr\/wp-json\/wp\/v2\/types\/page"}],"author":[{"embeddable":true,"href":"https:\/\/sauzedoulx.net\/fr\/wp-json\/wp\/v2\/users\/1"}],"replies":[{"embeddable":true,"href":"https:\/\/sauzedoulx.net\/fr\/wp-json\/wp\/v2\/comments?post=4486"}],"version-history":[{"count":0,"href":"https:\/\/sauzedoulx.net\/fr\/wp-json\/wp\/v2\/pages\/4486\/revisions"}],"up":[{"embeddable":true,"href":"https:\/\/sauzedoulx.net\/fr\/wp-json\/wp\/v2\/pages\/4479"}],"wp:attachment":[{"href":"https:\/\/sauzedoulx.net\/fr\/wp-json\/wp\/v2\/media?parent=4486"}],"curies":[{"name":"wp","href":"https:\/\/api.w.org\/{rel}","templated":true}]}}