{"id":4490,"date":"2024-06-09T11:04:49","date_gmt":"2024-06-09T11:04:49","guid":{"rendered":"https:\/\/sauzedoulx.net\/sauze-doulx\/piemonte\/"},"modified":"2024-11-13T14:15:55","modified_gmt":"2024-11-13T14:15:55","slug":"piemonte","status":"publish","type":"page","link":"https:\/\/sauzedoulx.net\/fr\/sauze-doulx\/piemonte\/","title":{"rendered":"Piemonte"},"content":{"rendered":"\n<style type=\"text\/css\" data-created_by=\"avia_inline_auto\" id=\"style-css-av-52i598-43b17e374f9b486fd1ae994a66c8d797\">\n.avia-section.av-52i598-43b17e374f9b486fd1ae994a66c8d797{\nbackground-repeat:no-repeat;\nbackground-image:url(https:\/\/sauzedoulx.net\/wp-content\/uploads\/2024\/09\/photodune-4226142-snowy-mountain-landscape-in-a-winter-clear-day-western-alps-piemonte-italy-l-1-1500x630-1.jpg);\nbackground-position:50% 50%;\nbackground-attachment:scroll;\n}\n<\/style>\n<div id='av_section_1'  class='avia-section av-52i598-43b17e374f9b486fd1ae994a66c8d797 main_color avia-section-default avia-no-border-styling  avia-builder-el-0  el_before_av_layout_row  avia-builder-el-first  av-medium-hide av-small-hide av-mini-hide avia-full-stretch avia-bg-style-scroll av-minimum-height av-minimum-height-75 av-height-75  container_wrap fullsize'  data-section-bg-repeat='stretch' data-av_minimum_height_pc='75' data-av_min_height_opt='75'><div class='container av-section-cont-open' ><main  role=\"main\" itemprop=\"mainContentOfPage\"  class='template-page content  av-content-full alpha units'><div class='post-entry post-entry-type-page post-entry-4490'><div class='entry-content-wrapper clearfix'>\n<\/div><\/div><\/main><!-- close content main element --><\/div><\/div><div id='av-layout-grid-1'  class='av-layout-grid-container av-4yadis-93d557467edce648f5e23f7be342cf59 entry-content-wrapper main_color av-fixed-cells  avia-builder-el-1  el_after_av_section  el_before_av_section  av-cell-min-height av-cell-min-height-50 grid-row-not-first av-desktop-hide container_wrap fullsize'   data-av_minimum_height_pc='50'>\n\n<style type=\"text\/css\" data-created_by=\"avia_inline_auto\" id=\"style-css-av-4s6jxw-d683362c8243ecd149188076c1582822\">\n.flex_cell.av-4s6jxw-d683362c8243ecd149188076c1582822{\nvertical-align:top;\nbackground:url(https:\/\/sauzedoulx.net\/wp-content\/uploads\/2024\/09\/photodune-4226142-snowy-mountain-landscape-in-a-winter-clear-day-western-alps-piemonte-italy-l-1-1500x630-1-1030x433.jpg) 50% 50% no-repeat scroll ;\n}\n.responsive #top #wrap_all .flex_cell.av-4s6jxw-d683362c8243ecd149188076c1582822{\npadding:0px 0px 0px 0px !important;\n}\n<\/style>\n<div class='flex_cell av-4s6jxw-d683362c8243ecd149188076c1582822 av-gridrow-cell av_one_full no_margin  avia-builder-el-2  avia-builder-el-no-sibling  av-zero-padding avia-full-stretch'  ><div class='flex_cell_inner'><\/div><\/div>\n<\/div>\n\n<style type=\"text\/css\" data-created_by=\"avia_inline_auto\" id=\"style-css-av-4kd050-f69204f0cfc15a540658e258c970e17b\">\n.avia-section.av-4kd050-f69204f0cfc15a540658e258c970e17b{\nbackground-color:#f8f8f8;\nbackground-image:unset;\n}\n<\/style>\n<div id='av_section_2'  class='avia-section av-4kd050-f69204f0cfc15a540658e258c970e17b main_color avia-section-default avia-no-shadow  avia-builder-el-3  el_after_av_layout_row  el_before_av_section  avia-bg-style-scroll container_wrap fullsize'  ><div class='container av-section-cont-open' ><div class='template-page content  av-content-full alpha units'><div class='post-entry post-entry-type-page post-entry-4490'><div class='entry-content-wrapper clearfix'>\n<div  class='flex_column av-4eam98-8174ff5c5d9f58b6e92c904376e7b912 av_one_full  avia-builder-el-4  avia-builder-el-no-sibling  first flex_column_div  '     ><section  class='av_textblock_section av-m0r105n9-2b637ad3f47eef1e4c9c2c5a7a6a8c4e '   itemscope=\"itemscope\" itemtype=\"https:\/\/schema.org\/CreativeWork\" ><div class='avia_textblock'  itemprop=\"text\" ><h1 style=\"text-align: center;\">Piemonte (Piedmont)<\/h1>\n<p style=\"text-align: center;\">Sauze d\u2019Oulx est situ\u00e9 en Piemonte \u00e0 la fronti\u00e8re avec la France. Le nom Piemonte signifie \u00abau pied de la montagne\u00bb, et fid\u00e8le \u00e0 ce nom, Piemonte est en effet entour\u00e9 de trois c\u00f4t\u00e9s par la cha\u00eene alpine, qui comprend ici les plus hauts sommets et les plus grands glaciers d\u2019Italia. <\/p>\n<p style=\"text-align: center;\">Le Pi\u00e9mont est connu pour sa cuisine sophistiqu\u00e9e et ses excellents vins tels que Barolo et Barbera. Torino, la capitale est un centre d\u2019architecture baroque au milieu duquel se trouve le symbole de la ville: la <a href=\"https:\/\/www.museocinema.it\/en\/museum-and-ma-prolo-foundation\/mole-antonelliana\" target=\"_blank\" rel=\"noopener\">Mole Antonelliana<\/a>. Ne manquez pas le <a href=\"https:\/\/www.museoauto.com\/en\/\" target=\"_blank\" rel=\"noopener\">Mus\u00e9e de l\u2019Automobile<\/a>, un hommage au Turin industriel et au <a href=\"https:\/\/www.museoegizio.it\/en\/\" target=\"_blank\" rel=\"noopener\">Mus\u00e9e \u00e9gyptien<\/a>, le plus important mus\u00e9e au monde d\u00e9di\u00e9 \u00e0 l\u2019art et \u00e0 la culture de l\u2019Egypte ancienne.   <\/p>\n<p style=\"text-align: center;\">Les montagnes spectaculaires de la r\u00e9gion cr\u00e9ent de beaux paysages et de fantastiques possibilit\u00e9s de skier dans des endroits merveilleux.<\/p>\n<\/div><\/section><\/div>\n\n<\/div><\/div><\/div><!-- close content main div --><\/div><\/div>\n<style type=\"text\/css\" data-created_by=\"avia_inline_auto\" id=\"style-css-av-48jqq4-1befc341338a282381f9a8815cb82a47\">\n.avia-section.av-48jqq4-1befc341338a282381f9a8815cb82a47{\nbackground-color:#ffffff;\nbackground-image:unset;\n}\n<\/style>\n<div id='av_section_3'  class='avia-section av-48jqq4-1befc341338a282381f9a8815cb82a47 main_color avia-section-default avia-no-shadow  avia-builder-el-6  el_after_av_section  el_before_av_section  avia-bg-style-scroll container_wrap fullsize'  ><div class='container av-section-cont-open' ><div class='template-page content  av-content-full alpha units'><div class='post-entry post-entry-type-page post-entry-4490'><div class='entry-content-wrapper clearfix'>\n<div class='flex_column_table av-41mx5w-927113782dd4a2cc9586fff59ae025a2 sc-av_one_half av-equal-height-column-flextable'>\n<style type=\"text\/css\" data-created_by=\"avia_inline_auto\" id=\"style-css-av-41mx5w-927113782dd4a2cc9586fff59ae025a2\">\n.flex_column.av-41mx5w-927113782dd4a2cc9586fff59ae025a2{\nwidth:46.75%;\nmargin-left:0;\n}\n#top .flex_column_table.av-equal-height-column-flextable.av-41mx5w-927113782dd4a2cc9586fff59ae025a2 .av-flex-placeholder{\nwidth:6.5%;\n}\n<\/style>\n<div  class='flex_column av-41mx5w-927113782dd4a2cc9586fff59ae025a2 av_one_half  avia-builder-el-7  el_before_av_one_half  avia-builder-el-first  first flex_column_table_cell av-equal-height-column av-align-middle  '     ><p>\n<style type=\"text\/css\" data-created_by=\"avia_inline_auto\" id=\"style-css-av-m0r19tk8-e2588aca6eeacab167d2e882fb5596c8\">\n.avia-image-container.av-m0r19tk8-e2588aca6eeacab167d2e882fb5596c8 img.avia_image{\nbox-shadow:none;\n}\n.avia-image-container.av-m0r19tk8-e2588aca6eeacab167d2e882fb5596c8 .av-image-caption-overlay-center{\ncolor:#ffffff;\n}\n<\/style>\n<div  id=\"imgbr\"  class='avia-image-container av-m0r19tk8-e2588aca6eeacab167d2e882fb5596c8 av-styling- avia-align-center  avia-builder-el-8  el_before_av_image  avia-builder-el-first  imgbr'   itemprop=\"image\" itemscope=\"itemscope\" itemtype=\"https:\/\/schema.org\/ImageObject\" ><div class=\"avia-image-container-inner\"><div class=\"avia-image-overlay-wrap\"><img decoding=\"async\" fetchpriority=\"high\" class='wp-image- avia-img-lazy-loading-not- avia_image ' src=\"https:\/\/sauzedoulx.net\/wp-content\/uploads\/2024\/09\/dreamstime_xxl_198751410-845x684.jpg\" alt='' title=''   itemprop=\"thumbnailUrl\"  \/><\/div><\/div><\/div><br \/>\n\n<style type=\"text\/css\" data-created_by=\"avia_inline_auto\" id=\"style-css-av-m35unmul-153d243308fc994f951712d33e6de12d\">\n.avia-image-container.av-m35unmul-153d243308fc994f951712d33e6de12d img.avia_image{\nbox-shadow:none;\n}\n.avia-image-container.av-m35unmul-153d243308fc994f951712d33e6de12d .av-image-caption-overlay-center{\ncolor:#ffffff;\n}\n<\/style>\n<div  id=\"imgbr\"  class='avia-image-container av-m35unmul-153d243308fc994f951712d33e6de12d av-styling- avia-align-center  avia-builder-el-9  el_after_av_image  avia-builder-el-last  imgbr'   itemprop=\"image\" itemscope=\"itemscope\" itemtype=\"https:\/\/schema.org\/ImageObject\" ><div class=\"avia-image-container-inner\"><div class=\"avia-image-overlay-wrap\"><img decoding=\"async\" fetchpriority=\"high\" class='wp-image-3987 avia-img-lazy-loading-not-3987 avia_image ' src=\"https:\/\/sauzedoulx.net\/wp-content\/uploads\/2024\/11\/dreamstime_xxl_198751410_edit-495x400.jpg\" alt='' title='dreamstime_xxl_198751410_edit'  height=\"400\" width=\"495\"  itemprop=\"thumbnailUrl\" srcset=\"https:\/\/sauzedoulx.net\/wp-content\/uploads\/2024\/11\/dreamstime_xxl_198751410_edit-495x400.jpg 495w, https:\/\/sauzedoulx.net\/wp-content\/uploads\/2024\/11\/dreamstime_xxl_198751410_edit-845x684.jpg 845w\" sizes=\"(max-width: 495px) 100vw, 495px\" \/><\/div><\/div><\/div><\/p><\/div><div class='av-flex-placeholder'><\/div>\n<style type=\"text\/css\" data-created_by=\"avia_inline_auto\" id=\"style-css-av-3upkb8-0c8b0a10aa210de98a8abbd2e28702ec\">\n.flex_column.av-3upkb8-0c8b0a10aa210de98a8abbd2e28702ec{\nwidth:46.75%;\nmargin-left:0;\n}\n#top .flex_column_table.av-equal-height-column-flextable.av-3upkb8-0c8b0a10aa210de98a8abbd2e28702ec .av-flex-placeholder{\nwidth:6.5%;\n}\n<\/style>\n<div  class='flex_column av-3upkb8-0c8b0a10aa210de98a8abbd2e28702ec av_one_half  avia-builder-el-10  el_after_av_one_half  avia-builder-el-last  flex_column_table_cell av-equal-height-column av-align-middle  '     ><section  class='av_textblock_section av-m0r1561t-71ad8f54b604deef315f80170aee62c3 '   itemscope=\"itemscope\" itemtype=\"https:\/\/schema.org\/CreativeWork\" ><div class='avia_textblock'  itemprop=\"text\" ><div class=\"leftaligncenter\">\n<p>Des \u00e9tendues collinaires verdoyantes, des bourgs historiques caract\u00e9ristiques, des ch\u00e2teaux perch\u00e9s, et des pentes rev\u00eatues de terrains cultiv\u00e9s de vignobles ainsi se pr\u00e9sentent les cadres paysagers vinicoles des Langhe, du Roero et de Monferrato. Il s\u2019agit d\u2019aires de production de vins d\u2019excellence qui sont appr\u00e9ci\u00e9s dans le monde entier- comme le Barolo, le Barbaresco, l\u2019Asti Spumante et le Barbera d\u2019Asti. <\/p>\n<div class=\"credittext\">Image: Dreamstime<\/div>\n<\/div>\n<\/div><\/section><\/div><\/div><!--close column table wrapper. Autoclose: 1 -->\n\n<p><\/div><\/div><\/div><!-- close content main div --><\/div><\/div>\n<style type=\"text\/css\" data-created_by=\"avia_inline_auto\" id=\"style-css-av-3rhhas-cd798c806bc927e79443183de58a710b\">\n.avia-section.av-3rhhas-cd798c806bc927e79443183de58a710b{\nbackground-color:#f8f8f8;\nbackground-image:unset;\n}\n<\/style>\n<div id='av_section_4'  class='avia-section av-3rhhas-cd798c806bc927e79443183de58a710b main_color avia-section-default avia-no-shadow  avia-builder-el-12  el_after_av_section  el_before_av_section  avia-bg-style-scroll container_wrap fullsize'  ><div class='container av-section-cont-open' ><div class='template-page content  av-content-full alpha units'><div class='post-entry post-entry-type-page post-entry-4490'><div class='entry-content-wrapper clearfix'>\n<div class='flex_column_table av-e2mzo-0139347ee56103111596bfd2c9cff4a5 sc-av_one_half av-equal-height-column-flextable'>\n<style type=\"text\/css\" data-created_by=\"avia_inline_auto\" id=\"style-css-av-e2mzo-0139347ee56103111596bfd2c9cff4a5\">\n.flex_column.av-e2mzo-0139347ee56103111596bfd2c9cff4a5{\nwidth:46.75%;\nmargin-left:0;\n}\n#top .flex_column_table.av-equal-height-column-flextable.av-e2mzo-0139347ee56103111596bfd2c9cff4a5 .av-flex-placeholder{\nwidth:6.5%;\n}\n<\/style>\n<div  class='flex_column av-e2mzo-0139347ee56103111596bfd2c9cff4a5 av_one_half  avia-builder-el-13  el_before_av_one_half  avia-builder-el-first  first flex_column_table_cell av-equal-height-column av-align-middle  '     ><style type=\"text\/css\" data-created_by=\"avia_inline_auto\" id=\"style-css-av-7zbxg-c7521adfda131a63dcc780c8122c6923\">\n.avia-image-container.av-7zbxg-c7521adfda131a63dcc780c8122c6923 img.avia_image{\nbox-shadow:none;\n}\n.avia-image-container.av-7zbxg-c7521adfda131a63dcc780c8122c6923 .av-image-caption-overlay-center{\ncolor:#ffffff;\n}\n<\/style>\n<div  id=\"imgbr\"  class='avia-image-container av-7zbxg-c7521adfda131a63dcc780c8122c6923 av-styling- avia-align-center  avia-builder-el-14  avia-builder-el-no-sibling  imgbr'   itemprop=\"image\" itemscope=\"itemscope\" itemtype=\"https:\/\/schema.org\/ImageObject\" ><div class=\"avia-image-container-inner\"><div class=\"avia-image-overlay-wrap\"><img decoding=\"async\" fetchpriority=\"high\" class='wp-image-1865 avia-img-lazy-loading-not-1865 avia_image ' src=\"https:\/\/sauzedoulx.net\/wp-content\/uploads\/2024\/08\/Turin_monte_cappuccini-845x681.jpg\" alt='' title='Turin_monte_cappuccini'  height=\"681\" width=\"845\"  itemprop=\"thumbnailUrl\" srcset=\"https:\/\/sauzedoulx.net\/wp-content\/uploads\/2024\/08\/Turin_monte_cappuccini-845x681.jpg 845w, https:\/\/sauzedoulx.net\/wp-content\/uploads\/2024\/08\/Turin_monte_cappuccini-495x400.jpg 495w\" sizes=\"(max-width: 845px) 100vw, 845px\" \/><\/div><\/div><\/div><\/div><div class='av-flex-placeholder'><\/div>\n<style type=\"text\/css\" data-created_by=\"avia_inline_auto\" id=\"style-css-av-3mlif8-4a74bbc992d9d00195530b2f61d89436\">\n.flex_column.av-3mlif8-4a74bbc992d9d00195530b2f61d89436{\nwidth:46.75%;\nmargin-left:0;\n}\n#top .flex_column_table.av-equal-height-column-flextable.av-3mlif8-4a74bbc992d9d00195530b2f61d89436 .av-flex-placeholder{\nwidth:6.5%;\n}\n<\/style>\n<div  class='flex_column av-3mlif8-4a74bbc992d9d00195530b2f61d89436 av_one_half  avia-builder-el-15  el_after_av_one_half  avia-builder-el-last  flex_column_table_cell av-equal-height-column av-align-middle  '     ><section  class='av_textblock_section av-3eufcs-08d1bf15230f9d99824cf5d9e387adcb '   itemscope=\"itemscope\" itemtype=\"https:\/\/schema.org\/CreativeWork\" ><div class='avia_textblock'  itemprop=\"text\" ><div class=\"leftaligncenter\">\n<p>Des miroirs d\u2019eau et des rizi\u00e8res, de longues rang\u00e9es de peupliers et d\u2019anciennes fermes sont les paysages typiques des plaines de Novara et de Vercelli.<br \/>Le lac Maggiore, avec Stresa et les \u00eeles Borromee, sont des sites touristiques renomm\u00e9s, avec des paysages enchanteurs qui abritent de vieilles demeures entour\u00e9es des parcs anglais.<br \/>Le Pi\u00e9mont, en plus de Turin \u2013 la capitale italienne de la voiture \u2013 avec son histoire et son patrimoine artistique remarquable, a beaucoup d\u2019autres villes int\u00e9ressantes et de nombreux centres historiques caract\u00e9ristiques, y compris Cherasco, Alba et Ivrea.<br \/>C\u2019est un territoire parsem\u00e9 de ch\u00e2teaux m\u00e9di\u00e9vaux suggestifs, comme le ch\u00e2teau d\u2019Ivrea et des architectures pr\u00e9cieuses comme les c\u00e9l\u00e8bres R\u00e9sidences Sabaude et les Montagnes Sacr\u00e9es.<br \/>Les c\u00e9l\u00e8bres stations thermales d\u2019Acqui Terme et Vinadio offrent des traitements et des th\u00e9rapies pour des vacances d\u00e9tendues et rajeunissantes.<\/p>\n<div class=\"credittext\">Image: <a class=\"lightbox-added\" href=\"https:\/\/commons.wikimedia.org\/wiki\/File:Turin_monte_cappuccini.jpg\">Hpnx9420<\/a>, <a href=\"https:\/\/creativecommons.org\/licenses\/by\/3.0\">CC BY 3.0<\/a>, via Wikimedia Commons<\/div>\n<\/div>\n<\/div><\/section><\/div><\/div><!--close column table wrapper. Autoclose: 1 -->\n<\/div><\/div><\/div><!-- close content main div --><\/div><\/div>\n<style type=\"text\/css\" data-created_by=\"avia_inline_auto\" id=\"style-css-av-ftjng-2d79708d6200e91807dad244abaf9c09\">\n.avia-section.av-ftjng-2d79708d6200e91807dad244abaf9c09{\nbackground-color:#ffffff;\nbackground-image:unset;\n}\n<\/style>\n<div id='av_section_5'  class='avia-section av-ftjng-2d79708d6200e91807dad244abaf9c09 main_color avia-section-default avia-no-shadow  avia-builder-el-17  el_after_av_section  el_before_av_section  avia-bg-style-scroll container_wrap fullsize'  ><div class='container av-section-cont-open' ><div class='template-page content  av-content-full alpha units'><div class='post-entry post-entry-type-page post-entry-4490'><div class='entry-content-wrapper clearfix'>\n<div class='flex_column_table av-b0d30-377ff172184fd450723862c2e53a008f sc-av_one_full av-equal-height-column-flextable'>\n<style type=\"text\/css\" data-created_by=\"avia_inline_auto\" id=\"style-css-av-b0d30-377ff172184fd450723862c2e53a008f\">\n.flex_column.av-b0d30-377ff172184fd450723862c2e53a008f{\nwidth:100%;\nmargin-left:0;\n}\n#top .flex_column_table.av-equal-height-column-flextable.av-b0d30-377ff172184fd450723862c2e53a008f .av-flex-placeholder{\nwidth:0%;\n}\n<\/style>\n<div  class='flex_column av-b0d30-377ff172184fd450723862c2e53a008f av_one_full  avia-builder-el-18  avia-builder-el-no-sibling  first flex_column_table_cell av-equal-height-column av-align-middle  '     ><div  class='avia-video av-m0r1ilpz-85391fb42db45d50054a4b33924f84bb avia-video-16-9 av-no-preview-image avia-video-load-always av-lazyload-immediate av-lazyload-video-embed'  itemprop=\"video\" itemtype=\"https:\/\/schema.org\/VideoObject\"  data-original_url='https:\/\/www.youtube.com\/watch?v=IyBVQYAsLEs'><script type='text\/html' class='av-video-tmpl'><div class='avia-iframe-wrap'><iframe loading=\"lazy\" title=\"PIEDMONT (Italy) Travel Guide | The region of WINE and mountains [Where to go in Italy]\" width=\"1500\" height=\"844\" src=\"https:\/\/www.youtube.com\/embed\/IyBVQYAsLEs?feature=oembed&autoplay=0&loop=0&controls=1&mute=0\" frameborder=\"0\" allow=\"accelerometer; autoplay; clipboard-write; encrypted-media; gyroscope; picture-in-picture; web-share\" referrerpolicy=\"strict-origin-when-cross-origin\" allowfullscreen><\/iframe><\/div><\/script><div class='av-click-to-play-overlay'><div class=\"avia_playpause_icon\"><\/div><\/div><\/div><\/div><\/div><!--close column table wrapper. Autoclose: 1 -->\n<\/p>\n<\/div><\/div><\/div><!-- close content main div --><\/div><\/div>\n<style type=\"text\/css\" data-created_by=\"avia_inline_auto\" id=\"style-css-av-nmvqk-e5a0050fbeaa0cc513ae870d9c4fa500\">\n.avia-section.av-nmvqk-e5a0050fbeaa0cc513ae870d9c4fa500{\nbackground-color:#f8f8f8;\nbackground-image:unset;\n}\n<\/style>\n<div id='av_section_6'  class='avia-section av-nmvqk-e5a0050fbeaa0cc513ae870d9c4fa500 main_color avia-section-default avia-no-shadow  avia-builder-el-20  el_after_av_section  avia-builder-el-last  avia-bg-style-scroll container_wrap fullsize'  ><div class='container av-section-cont-open' ><div class='template-page content  av-content-full alpha units'><div class='post-entry post-entry-type-page post-entry-4490'><div class='entry-content-wrapper clearfix'>\n<div class='flex_column_table av-guo2k-a4d6e62bd5b1708bd8b18abc1d7686c6 sc-av_one_full av-break-at-tablet-flextable av-equal-height-column-flextable'><div  class='flex_column av-guo2k-a4d6e62bd5b1708bd8b18abc1d7686c6 av_one_full  avia-builder-el-21  el_before_av_one_full  avia-builder-el-first  first av-break-at-tablet flex_column_table_cell av-equal-height-column av-align-middle  '     ><section  class='av_textblock_section av-m0r1l2th-cfc34d0101eacd111d892a4dc8e41d66 '   itemscope=\"itemscope\" itemtype=\"https:\/\/schema.org\/CreativeWork\" ><div class='avia_textblock'  itemprop=\"text\" ><div class=\"leftaligncenter\">\n<h2 style=\"text-align: center;\">Localisation de la Sauze d&rsquo;Oulx dans le Pi\u00e9mont<\/h2>\n<\/div>\n<\/div><\/section><\/div><\/div><!--close column table wrapper. Autoclose: 1 --><div class='flex_column_table av-bwn4c-6c97b72813d64d1cd4b399c8aa0d4b61 sc-av_one_full av-equal-height-column-flextable'>\n<style type=\"text\/css\" data-created_by=\"avia_inline_auto\" id=\"style-css-av-bwn4c-6c97b72813d64d1cd4b399c8aa0d4b61\">\n.flex_column.av-bwn4c-6c97b72813d64d1cd4b399c8aa0d4b61{\nwidth:100%;\nmargin-left:0;\n}\n#top .flex_column_table.av-equal-height-column-flextable.av-bwn4c-6c97b72813d64d1cd4b399c8aa0d4b61 .av-flex-placeholder{\nwidth:0%;\n}\n<\/style>\n<div  class='flex_column av-bwn4c-6c97b72813d64d1cd4b399c8aa0d4b61 av_one_full  avia-builder-el-23  el_after_av_one_full  avia-builder-el-last  first flex_column_table_cell av-equal-height-column av-align-middle  column-top-margin'     ><section  class='av_textblock_section av-m0r1pdyy-b74887e025e65453ab0949fa35a43f7b '   itemscope=\"itemscope\" itemtype=\"https:\/\/schema.org\/CreativeWork\" ><div class='avia_textblock'  itemprop=\"text\" ><p><iframe loading=\"lazy\" width=\"100%\" height=\"650\" src=\"https:\/\/www.openstreetmap.org\/export\/embed.html?bbox=5.7073974609375%2C44.54448397425684%2C8.000793457031252%2C45.499609390726846&amp;layer=mapnik&amp;marker=45.02403855956774%2C6.854095458984375\" style=\"border: 1px solid black\"><\/iframe><br \/>\n<small><a href=\"https:\/\/www.openstreetmap.org\/?mlat=45.0240&amp;mlon=6.8541#map=10\/45.0240\/6.8541\">Agrandir la carte<\/a><\/small><\/p>\n<\/div><\/section><\/div><\/div><!--close column table wrapper. Autoclose: 1 -->\n\n","protected":false},"excerpt":{"rendered":"","protected":false},"author":1,"featured_media":0,"parent":4479,"menu_order":0,"comment_status":"closed","ping_status":"closed","template":"","meta":{"footnotes":""},"class_list":["post-4490","page","type-page","status-publish","hentry"],"_links":{"self":[{"href":"https:\/\/sauzedoulx.net\/fr\/wp-json\/wp\/v2\/pages\/4490","targetHints":{"allow":["GET"]}}],"collection":[{"href":"https:\/\/sauzedoulx.net\/fr\/wp-json\/wp\/v2\/pages"}],"about":[{"href":"https:\/\/sauzedoulx.net\/fr\/wp-json\/wp\/v2\/types\/page"}],"author":[{"embeddable":true,"href":"https:\/\/sauzedoulx.net\/fr\/wp-json\/wp\/v2\/users\/1"}],"replies":[{"embeddable":true,"href":"https:\/\/sauzedoulx.net\/fr\/wp-json\/wp\/v2\/comments?post=4490"}],"version-history":[{"count":0,"href":"https:\/\/sauzedoulx.net\/fr\/wp-json\/wp\/v2\/pages\/4490\/revisions"}],"up":[{"embeddable":true,"href":"https:\/\/sauzedoulx.net\/fr\/wp-json\/wp\/v2\/pages\/4479"}],"wp:attachment":[{"href":"https:\/\/sauzedoulx.net\/fr\/wp-json\/wp\/v2\/media?parent=4490"}],"curies":[{"name":"wp","href":"https:\/\/api.w.org\/{rel}","templated":true}]}}