{"id":4494,"date":"2024-06-09T11:04:24","date_gmt":"2024-06-09T11:04:24","guid":{"rendered":"https:\/\/sauzedoulx.net\/sauze-doulx\/art-in-the-forest\/"},"modified":"2025-05-05T13:52:57","modified_gmt":"2025-05-05T13:52:57","slug":"art-in-the-forest","status":"publish","type":"page","link":"https:\/\/sauzedoulx.net\/fr\/sauze-doulx\/art-in-the-forest\/","title":{"rendered":"The Big Ski Seat"},"content":{"rendered":"\n<style type=\"text\/css\" data-created_by=\"avia_inline_auto\" id=\"style-css-av-w99ci-e33f1e52d80bf17699207ffac39385c5\">\n.avia-section.av-w99ci-e33f1e52d80bf17699207ffac39385c5{\nbackground-color:#f8f8f8;\nbackground-image:unset;\n}\n<\/style>\n<div id='av_section_1'  class='avia-section av-w99ci-e33f1e52d80bf17699207ffac39385c5 main_color avia-section-default avia-no-shadow  avia-builder-el-0  el_before_av_one_full  avia-builder-el-first  avia-bg-style-scroll container_wrap fullsize'  ><div class='container av-section-cont-open' ><main  role=\"main\" itemprop=\"mainContentOfPage\"  class='template-page content  av-content-full alpha units'><div class='post-entry post-entry-type-page post-entry-4494'><div class='entry-content-wrapper clearfix'>\n<div  class='flex_column av-p27qa-aead70cea591826e7c99acee3e4380aa av_one_full  avia-builder-el-1  avia-builder-el-no-sibling  first flex_column_div  '     ><section  class='av_textblock_section av-m0r1xi70-f8e7a2c23c4c8508f07566c6e850dc85 '   itemscope=\"itemscope\" itemtype=\"https:\/\/schema.org\/CreativeWork\" ><div class='avia_textblock'  itemprop=\"text\" ><h1 style=\"text-align: center;\">The Big Ski Seat<\/h1>\n<\/div><\/section><\/div>\n<\/div><\/div><\/main><!-- close content main element --><\/div><\/div><div id='after_section_1'  class='main_color av_default_container_wrap container_wrap fullsize'  ><div class='container av-section-cont-open' ><div class='template-page content  av-content-full alpha units'><div class='post-entry post-entry-type-page post-entry-4494'><div class='entry-content-wrapper clearfix'>\n<div  class='flex_column av-8g3bm-5025cca4f02695f638708ffc260478d7 av_one_full  avia-builder-el-3  el_after_av_section  el_before_av_section  avia-builder-el-no-sibling  first flex_column_div  '     ><section  class='av_textblock_section av-m0r1xwbn-1a660ef33aa1c5a1c90f7ad7ce7a957d '   itemscope=\"itemscope\" itemtype=\"https:\/\/schema.org\/CreativeWork\" ><div class='avia_textblock'  itemprop=\"text\" ><div class=\"leftaligncenter\">\n<p style=\"text-align: center;\"><span style=\"font-size: 16px;\">Ne manquez pas l&rsquo;occasion de prendre unselfie en \u00ab taguant \u00bb @sauzedoulxofficial surune v\u00e9ritable oeuvre d&rsquo;art originale : l\u2019uniquegigantesque fauteuil de t\u00e9l\u00e9si\u00e8ge versionvintage. Con\u00e7u par la commune de Sauze d&rsquo;Oulx etr\u00e9alis\u00e9 par l\u2019artiste Maurizio Perron, let\u00e9l\u00e9si\u00e8ge est situ\u00e9 \u00e0 Clotes, dans un endroitextr\u00eamement panoramique. Le \u00ab big ski seat\u00bb est en bois de m\u00e9l\u00e8ze et mesure plus de 4m\u00e8tres de large et 7 m\u00e8tres de haut. Il estfacilement accessible en \u00e9t\u00e9 \u00e0 pied ou envoiture, tandis qu&rsquo;en hiver il est accessible \u00e0ski pendant les heures d&rsquo;ouverture desremont\u00e9es m\u00e9caniques.<\/span><\/p>\n<\/div>\n<\/div><\/section><\/div><\/div><\/div><\/div><!-- close content main div --><\/div><\/div>\n<style type=\"text\/css\" data-created_by=\"avia_inline_auto\" id=\"style-css-av-l2pu2-bdb81c4ed88414809258f8a5c43645ba\">\n.avia-section.av-l2pu2-bdb81c4ed88414809258f8a5c43645ba{\nbackground-color:#ffffff;\nbackground-image:unset;\n}\n<\/style>\n<div id='av_section_2'  class='avia-section av-l2pu2-bdb81c4ed88414809258f8a5c43645ba main_color avia-section-default avia-no-shadow  avia-builder-el-5  el_after_av_one_full  avia-builder-el-last  avia-bg-style-scroll container_wrap fullsize'  ><div class='container av-section-cont-open' ><div class='template-page content  av-content-full alpha units'><div class='post-entry post-entry-type-page post-entry-4494'><div class='entry-content-wrapper clearfix'>\n<div class='flex_column_table av-dzdpe-48d4b44ac8dffbeaed1e0c9c66fac2b3 sc-av_one_half av-equal-height-column-flextable'>\n<style type=\"text\/css\" data-created_by=\"avia_inline_auto\" id=\"style-css-av-dzdpe-48d4b44ac8dffbeaed1e0c9c66fac2b3\">\n.flex_column.av-dzdpe-48d4b44ac8dffbeaed1e0c9c66fac2b3{\nwidth:46.75%;\nmargin-left:0;\n}\n#top .flex_column_table.av-equal-height-column-flextable.av-dzdpe-48d4b44ac8dffbeaed1e0c9c66fac2b3 .av-flex-placeholder{\nwidth:6.5%;\n}\n<\/style>\n<div  class='flex_column av-dzdpe-48d4b44ac8dffbeaed1e0c9c66fac2b3 av_one_half  avia-builder-el-6  el_before_av_one_half  avia-builder-el-first  first flex_column_table_cell av-equal-height-column av-align-middle  '     ><style type=\"text\/css\" data-created_by=\"avia_inline_auto\" id=\"style-css-av-m0r1yg9g-8b0485e0d993e98730e2cff872af8099\">\n.avia-image-container.av-m0r1yg9g-8b0485e0d993e98730e2cff872af8099 img.avia_image{\nbox-shadow:none;\n}\n.avia-image-container.av-m0r1yg9g-8b0485e0d993e98730e2cff872af8099 .av-image-caption-overlay-center{\ncolor:#ffffff;\n}\n<\/style>\n<div  id=\"imgbr\"  class='avia-image-container av-m0r1yg9g-8b0485e0d993e98730e2cff872af8099 av-styling- avia-align-center  avia-builder-el-7  avia-builder-el-no-sibling  imgbr'   itemprop=\"image\" itemscope=\"itemscope\" itemtype=\"https:\/\/schema.org\/ImageObject\" ><div class=\"avia-image-container-inner\"><div class=\"avia-image-overlay-wrap\"><img decoding=\"async\" fetchpriority=\"high\" class='wp-image-6606 avia-img-lazy-loading-not-6606 avia_image ' src=\"https:\/\/sauzedoulx.net\/wp-content\/uploads\/2025\/05\/3d5ef9cb-c024-4ae1-a797-041a27d6c59e.jpeg\" alt='' title='3d5ef9cb-c024-4ae1-a797-041a27d6c59e'  height=\"1070\" width=\"1600\"  itemprop=\"thumbnailUrl\" srcset=\"https:\/\/sauzedoulx.net\/wp-content\/uploads\/2025\/05\/3d5ef9cb-c024-4ae1-a797-041a27d6c59e.jpeg 1600w, https:\/\/sauzedoulx.net\/wp-content\/uploads\/2025\/05\/3d5ef9cb-c024-4ae1-a797-041a27d6c59e-300x201.jpeg 300w, https:\/\/sauzedoulx.net\/wp-content\/uploads\/2025\/05\/3d5ef9cb-c024-4ae1-a797-041a27d6c59e-1030x689.jpeg 1030w, https:\/\/sauzedoulx.net\/wp-content\/uploads\/2025\/05\/3d5ef9cb-c024-4ae1-a797-041a27d6c59e-768x514.jpeg 768w, https:\/\/sauzedoulx.net\/wp-content\/uploads\/2025\/05\/3d5ef9cb-c024-4ae1-a797-041a27d6c59e-1536x1027.jpeg 1536w, https:\/\/sauzedoulx.net\/wp-content\/uploads\/2025\/05\/3d5ef9cb-c024-4ae1-a797-041a27d6c59e-1500x1003.jpeg 1500w, https:\/\/sauzedoulx.net\/wp-content\/uploads\/2025\/05\/3d5ef9cb-c024-4ae1-a797-041a27d6c59e-705x471.jpeg 705w\" sizes=\"(max-width: 1600px) 100vw, 1600px\" \/><\/div><\/div><\/div><\/div><div class='av-flex-placeholder'><\/div>\n<style type=\"text\/css\" data-created_by=\"avia_inline_auto\" id=\"style-css-av-av_one_half-9c4546585c9a101f69ccfc15c4122b3f\">\n.flex_column.av-av_one_half-9c4546585c9a101f69ccfc15c4122b3f{\nwidth:46.75%;\nmargin-left:0;\n}\n#top .flex_column_table.av-equal-height-column-flextable.av-av_one_half-9c4546585c9a101f69ccfc15c4122b3f .av-flex-placeholder{\nwidth:6.5%;\n}\n<\/style>\n<div  class='flex_column av-av_one_half-9c4546585c9a101f69ccfc15c4122b3f av_one_half  avia-builder-el-8  el_after_av_one_half  avia-builder-el-last  flex_column_table_cell av-equal-height-column av-align-middle  '     ><style type=\"text\/css\" data-created_by=\"avia_inline_auto\" id=\"style-css-av-mab54s49-f9832bfe6087fcc0321d47fe8d1b8d4d\">\n.avia-image-container.av-mab54s49-f9832bfe6087fcc0321d47fe8d1b8d4d img.avia_image{\nbox-shadow:none;\n}\n.avia-image-container.av-mab54s49-f9832bfe6087fcc0321d47fe8d1b8d4d .av-image-caption-overlay-center{\ncolor:#ffffff;\n}\n<\/style>\n<div  id=\"imgbr\"  class='avia-image-container av-mab54s49-f9832bfe6087fcc0321d47fe8d1b8d4d av-styling- avia-align-center  avia-builder-el-9  avia-builder-el-no-sibling  imgbr'   itemprop=\"image\" itemscope=\"itemscope\" itemtype=\"https:\/\/schema.org\/ImageObject\" ><div class=\"avia-image-container-inner\"><div class=\"avia-image-overlay-wrap\"><img decoding=\"async\" fetchpriority=\"high\" class='wp-image-6612 avia-img-lazy-loading-not-6612 avia_image ' src=\"https:\/\/sauzedoulx.net\/wp-content\/uploads\/2025\/05\/Megaseggio.jpg\" alt='' title='Megaseggio'  height=\"1414\" width=\"2000\"  itemprop=\"thumbnailUrl\" srcset=\"https:\/\/sauzedoulx.net\/wp-content\/uploads\/2025\/05\/Megaseggio.jpg 2000w, https:\/\/sauzedoulx.net\/wp-content\/uploads\/2025\/05\/Megaseggio-300x212.jpg 300w, https:\/\/sauzedoulx.net\/wp-content\/uploads\/2025\/05\/Megaseggio-1030x728.jpg 1030w, https:\/\/sauzedoulx.net\/wp-content\/uploads\/2025\/05\/Megaseggio-768x543.jpg 768w, https:\/\/sauzedoulx.net\/wp-content\/uploads\/2025\/05\/Megaseggio-1536x1086.jpg 1536w, https:\/\/sauzedoulx.net\/wp-content\/uploads\/2025\/05\/Megaseggio-1500x1061.jpg 1500w, https:\/\/sauzedoulx.net\/wp-content\/uploads\/2025\/05\/Megaseggio-260x185.jpg 260w, https:\/\/sauzedoulx.net\/wp-content\/uploads\/2025\/05\/Megaseggio-705x498.jpg 705w\" sizes=\"(max-width: 2000px) 100vw, 2000px\" \/><\/div><\/div><\/div><\/div><\/div><!--close column table wrapper. Autoclose: 1 --><\/p>\n","protected":false},"excerpt":{"rendered":"","protected":false},"author":1,"featured_media":2241,"parent":4479,"menu_order":0,"comment_status":"closed","ping_status":"closed","template":"","meta":{"footnotes":""},"class_list":["post-4494","page","type-page","status-publish","has-post-thumbnail","hentry"],"_links":{"self":[{"href":"https:\/\/sauzedoulx.net\/fr\/wp-json\/wp\/v2\/pages\/4494","targetHints":{"allow":["GET"]}}],"collection":[{"href":"https:\/\/sauzedoulx.net\/fr\/wp-json\/wp\/v2\/pages"}],"about":[{"href":"https:\/\/sauzedoulx.net\/fr\/wp-json\/wp\/v2\/types\/page"}],"author":[{"embeddable":true,"href":"https:\/\/sauzedoulx.net\/fr\/wp-json\/wp\/v2\/users\/1"}],"replies":[{"embeddable":true,"href":"https:\/\/sauzedoulx.net\/fr\/wp-json\/wp\/v2\/comments?post=4494"}],"version-history":[{"count":3,"href":"https:\/\/sauzedoulx.net\/fr\/wp-json\/wp\/v2\/pages\/4494\/revisions"}],"predecessor-version":[{"id":6622,"href":"https:\/\/sauzedoulx.net\/fr\/wp-json\/wp\/v2\/pages\/4494\/revisions\/6622"}],"up":[{"embeddable":true,"href":"https:\/\/sauzedoulx.net\/fr\/wp-json\/wp\/v2\/pages\/4479"}],"wp:featuredmedia":[{"embeddable":true,"href":"https:\/\/sauzedoulx.net\/fr\/wp-json\/wp\/v2\/media\/2241"}],"wp:attachment":[{"href":"https:\/\/sauzedoulx.net\/fr\/wp-json\/wp\/v2\/media?parent=4494"}],"curies":[{"name":"wp","href":"https:\/\/api.w.org\/{rel}","templated":true}]}}