{"id":4502,"date":"2024-06-09T11:02:00","date_gmt":"2024-06-09T11:02:00","guid":{"rendered":"https:\/\/sauzedoulx.net\/sauze-doulx\/faits-historiques\/"},"modified":"2025-05-05T13:59:56","modified_gmt":"2025-05-05T13:59:56","slug":"faits-historiques","status":"publish","type":"page","link":"https:\/\/sauzedoulx.net\/fr\/sauze-doulx\/faits-historiques\/","title":{"rendered":"Faits Historiques"},"content":{"rendered":"\n<style type=\"text\/css\" data-created_by=\"avia_inline_auto\" id=\"style-css-av-4r3svd-41c906bad5abf00182f98d2b6cd7800a\">\n.avia-section.av-4r3svd-41c906bad5abf00182f98d2b6cd7800a{\nbackground-color:#f8f8f8;\nbackground-image:unset;\n}\n<\/style>\n<div id='av_section_1'  class='avia-section av-4r3svd-41c906bad5abf00182f98d2b6cd7800a main_color avia-section-default avia-no-shadow  avia-builder-el-0  el_before_av_section  avia-builder-el-first  avia-bg-style-scroll container_wrap fullsize'  ><div class='container av-section-cont-open' ><main  role=\"main\" itemprop=\"mainContentOfPage\"  class='template-page content  av-content-full alpha units'><div class='post-entry post-entry-type-page post-entry-4502'><div class='entry-content-wrapper clearfix'>\n<div  class='flex_column av-4ijzup-3a4b4621ea9f41dd95bb1e1177a73a3c av_one_full  avia-builder-el-1  avia-builder-el-no-sibling  first flex_column_div  '     ><section  class='av_textblock_section av-m0v6eitk-081fdb62b42b930f6c3f74a354852b27 '   itemscope=\"itemscope\" itemtype=\"https:\/\/schema.org\/CreativeWork\" ><div class='avia_textblock'  itemprop=\"text\" ><h1 style=\"text-align: center;\">Faits Historiques<\/h1>\n<p style=\"text-align: center;\">Au Moyen \u00c0ge, Sauze d\u2019Oulx \u00e9tait sous la domination de l\u2019abb\u00e9 de Novalesa et ensuite sous le pr\u00e9v\u00f4t d\u2019Oulx. Depuis l\u2019ann\u00e9e 1000, Sauze d\u2019Oulx fait partie du Dauphin\u00e9 et de la R\u00e9publique des Escarton d\u2019Oulx; histoire qu\u2019on trouve aussi dans les armoiries du pays: le dauphin et le lys de France. En 1713 par le Trait\u00e9 d\u2019Utrecht cette zone fut attribu\u00e9e au royaume de Savoie. Le pays conserve encore de nombreuses caract\u00e9ristiques de l\u2019autonomie qui existait sous les Escartons et la tradition fran\u00e7aise, y compris le dialecte doc. Sur les prairies de Sauze d\u2019Oulx, en 1747, sera livr\u00e9e la bataille historique de l\u2019Assietta, entre la France et la Savoie du Royaume de Sardaigne.<\/p>\n<\/div><\/section><\/div>\n\n<\/div><\/div><\/main><!-- close content main element --><\/div><\/div>\n<style type=\"text\/css\" data-created_by=\"avia_inline_auto\" id=\"style-css-av-4gc9hd-f7ff45bbe41a79aeecd147cd3d5f828b\">\n.avia-section.av-4gc9hd-f7ff45bbe41a79aeecd147cd3d5f828b{\nbackground-color:#ffffff;\nbackground-image:unset;\n}\n<\/style>\n<div id='av_section_2'  class='avia-section av-4gc9hd-f7ff45bbe41a79aeecd147cd3d5f828b main_color avia-section-default avia-no-shadow  avia-builder-el-3  el_after_av_section  el_before_av_section  avia-bg-style-scroll container_wrap fullsize'  ><div class='container av-section-cont-open' ><div class='template-page content  av-content-full alpha units'><div class='post-entry post-entry-type-page post-entry-4502'><div class='entry-content-wrapper clearfix'>\n<div class='flex_column_table av-46lz55-8dcac03f5d31113e5f107b04d207969d sc-av_one_half av-equal-height-column-flextable'>\n<style type=\"text\/css\" data-created_by=\"avia_inline_auto\" id=\"style-css-av-46lz55-8dcac03f5d31113e5f107b04d207969d\">\n.flex_column.av-46lz55-8dcac03f5d31113e5f107b04d207969d{\nwidth:46.75%;\nmargin-left:0;\n}\n#top .flex_column_table.av-equal-height-column-flextable.av-46lz55-8dcac03f5d31113e5f107b04d207969d .av-flex-placeholder{\nwidth:6.5%;\n}\n<\/style>\n<div  class='flex_column av-46lz55-8dcac03f5d31113e5f107b04d207969d av_one_half  avia-builder-el-4  el_before_av_one_half  avia-builder-el-first  first flex_column_table_cell av-equal-height-column av-align-middle  '     ><p>\n<style type=\"text\/css\" data-created_by=\"avia_inline_auto\" id=\"style-css-av-2fgf5d-d146db2ec94791e0e1f97b91dd6168a5\">\n.avia-image-container.av-2fgf5d-d146db2ec94791e0e1f97b91dd6168a5 img.avia_image{\nbox-shadow:none;\n}\n.avia-image-container.av-2fgf5d-d146db2ec94791e0e1f97b91dd6168a5 .av-image-caption-overlay-center{\ncolor:#ffffff;\n}\n<\/style>\n<div  id=\"imgbr\"  class='avia-image-container av-2fgf5d-d146db2ec94791e0e1f97b91dd6168a5 av-styling- avia-align-center  avia-builder-el-5  el_before_av_textblock  avia-builder-el-first  imgbr'   itemprop=\"image\" itemscope=\"itemscope\" itemtype=\"https:\/\/schema.org\/ImageObject\" ><div class=\"avia-image-container-inner\"><div class=\"avia-image-overlay-wrap\"><img decoding=\"async\" fetchpriority=\"high\" class='wp-image-2295 avia-img-lazy-loading-not-2295 avia_image ' src=\"https:\/\/sauzedoulx.net\/wp-content\/uploads\/2024\/09\/Gabinio.Ciabotta_Del_Pra_Val_Pellice-Ing._Kind_Prof.Valbusa-Ing.Benassati-Prime_Esercitazioni_124B2-845x684.jpg\" alt='' title='Gabinio.Ciabotta_Del_Pra_Val_Pellice-Ing._Kind,_Prof.Valbusa-Ing.Benassati-Prime_Esercitazioni_124B2'  height=\"684\" width=\"845\"  itemprop=\"thumbnailUrl\" srcset=\"https:\/\/sauzedoulx.net\/wp-content\/uploads\/2024\/09\/Gabinio.Ciabotta_Del_Pra_Val_Pellice-Ing._Kind_Prof.Valbusa-Ing.Benassati-Prime_Esercitazioni_124B2-845x684.jpg 845w, https:\/\/sauzedoulx.net\/wp-content\/uploads\/2024\/09\/Gabinio.Ciabotta_Del_Pra_Val_Pellice-Ing._Kind_Prof.Valbusa-Ing.Benassati-Prime_Esercitazioni_124B2-495x400.jpg 495w\" sizes=\"(max-width: 845px) 100vw, 845px\" \/><\/div><\/div><\/div><br \/>\n<section  class='av_textblock_section av-m0v6q4bt-1fa3af42445bd95c27d1c3b6c4e5c072 '   itemscope=\"itemscope\" itemtype=\"https:\/\/schema.org\/CreativeWork\" ><div class='avia_textblock'  itemprop=\"text\" ><div class=\"credittext\">Image: <a href=\"https:\/\/commons.wikimedia.org\/wiki\/File:Gabinio.Ciabotta_Del_Pra_Val_Pellice-Ing._Kind,_Prof.Valbusa-Ing.Benassati-Prime_Esercitazioni_124B2.jpg\">Fondazione Torino Musei<\/a>, <a href=\"https:\/\/creativecommons.org\/licenses\/by\/3.0\/it\/deed.en\">CC BY 3.0 IT<\/a>, via Wikimedia Commons<\/div>\n<\/div><\/section><\/p><\/div><div class='av-flex-placeholder'><\/div>\n<style type=\"text\/css\" data-created_by=\"avia_inline_auto\" id=\"style-css-av-3uod3d-eb3815daee275ca189eedc6eb967dc71\">\n.flex_column.av-3uod3d-eb3815daee275ca189eedc6eb967dc71{\nwidth:46.75%;\nmargin-left:0;\n}\n#top .flex_column_table.av-equal-height-column-flextable.av-3uod3d-eb3815daee275ca189eedc6eb967dc71 .av-flex-placeholder{\nwidth:6.5%;\n}\n<\/style>\n<div  class='flex_column av-3uod3d-eb3815daee275ca189eedc6eb967dc71 av_one_half  avia-builder-el-7  el_after_av_one_half  avia-builder-el-last  flex_column_table_cell av-equal-height-column av-align-middle  '     ><section  class='av_textblock_section av-m0v6i09y-3c6d87cd5fb522e8f4fe7d123a50ff20 '   itemscope=\"itemscope\" itemtype=\"https:\/\/schema.org\/CreativeWork\" ><div class='avia_textblock'  itemprop=\"text\" ><div class=\"leftaligncenter\">\n<h2>NAISSANCE ET D\u00c9VELOPPEMENT DU TOURISME<\/h2>\n<p>L\u2019Haute Valle de Susa, et en particulier Sauze d\u2019Oulx, a \u00e9t\u00e9 le berceau du ski en Italie, un sport introduit par l\u2019ing\u00e9nieur suisse <a href=\"https:\/\/en.wikipedia.org\/wiki\/Adolfo_Kind\" target=\"_blank\" rel=\"noopener\">Adolfo Kind<\/a> depuis 1896. Mais le v\u00e9ritable promoteur du ski \u00e0 Sauze d\u2019Oulx est consid\u00e9r\u00e9 Placido Eydallin, photographe talentueux qui ouvre en 1919 le Miravalle, premier h\u00f4tel \u00e0 accueillir les skieurs. Le ski devint ainsi la principale source \u00e9conomique de la station. En 1927, avec le fascisme, le nom de Sauze d\u2019Oulx fut chang\u00e9 par force en \u00ab Salice d\u2019Ulzio \u00bb (probablement plus pour l\u2019assonance que pour la pr\u00e9sence de saules), seulement apr\u00e8s la 2\u00b0 Guerre Mondiale la ville repris son nom d\u2019origine. Village traditionnellement d\u00e9di\u00e9 aux activit\u00e9s agropastorales, Sauze d\u2019Oulx a converti son \u00e9conomie vers 1960 et est devenue une station touristique moderne.<\/p>\n<div class=\"credittext\"><\/div>\n<\/div>\n<\/div><\/section><\/div><\/div><!--close column table wrapper. Autoclose: 1 -->\n\n<\/div><\/div><\/div><!-- close content main div --><\/div><\/div>\n<style type=\"text\/css\" data-created_by=\"avia_inline_auto\" id=\"style-css-av-3pxgbd-f17499d5825b37140a286bff6e4898d6\">\n.avia-section.av-3pxgbd-f17499d5825b37140a286bff6e4898d6{\nbackground-color:#f8f8f8;\nbackground-image:unset;\n}\n<\/style>\n<div id='av_section_3'  class='avia-section av-3pxgbd-f17499d5825b37140a286bff6e4898d6 main_color avia-section-default avia-no-shadow  avia-builder-el-9  el_after_av_section  el_before_av_section  avia-bg-style-scroll container_wrap fullsize'  ><div class='container av-section-cont-open' ><div class='template-page content  av-content-full alpha units'><div class='post-entry post-entry-type-page post-entry-4502'><div class='entry-content-wrapper clearfix'>\n<div class='flex_column_table av-2jk5tl-4feef6f1877ec2015530a8701ce28b11 sc-av_one_half av-equal-height-column-flextable'>\n<style type=\"text\/css\" data-created_by=\"avia_inline_auto\" id=\"style-css-av-2jk5tl-4feef6f1877ec2015530a8701ce28b11\">\n.flex_column.av-2jk5tl-4feef6f1877ec2015530a8701ce28b11{\nwidth:46.75%;\nmargin-left:0;\n}\n#top .flex_column_table.av-equal-height-column-flextable.av-2jk5tl-4feef6f1877ec2015530a8701ce28b11 .av-flex-placeholder{\nwidth:6.5%;\n}\n<\/style>\n<div  class='flex_column av-2jk5tl-4feef6f1877ec2015530a8701ce28b11 av_one_half  avia-builder-el-10  el_before_av_one_half  avia-builder-el-first  first flex_column_table_cell av-equal-height-column av-align-middle  '     ><div  class='avia-video av-m0v6tf6x-e12b168ea3d96de2e34bb830fcd2a894 avia-video-16-9 av-no-preview-image avia-video-load-always av-lazyload-immediate av-lazyload-video-embed'  itemprop=\"video\" itemtype=\"https:\/\/schema.org\/VideoObject\"  data-original_url='https:\/\/www.youtube.com\/watch?v=gjsKzSzpFEk'><script type='text\/html' class='av-video-tmpl'><div class='avia-iframe-wrap'><iframe loading=\"lazy\" title=\"San Giovanni Procession in Sauze d&#039;Oulx\" width=\"1500\" height=\"844\" src=\"https:\/\/www.youtube.com\/embed\/gjsKzSzpFEk?feature=oembed&autoplay=0&loop=0&controls=1&mute=0\" frameborder=\"0\" allow=\"accelerometer; autoplay; clipboard-write; encrypted-media; gyroscope; picture-in-picture; web-share\" referrerpolicy=\"strict-origin-when-cross-origin\" allowfullscreen><\/iframe><\/div><\/script><div class='av-click-to-play-overlay'><div class=\"avia_playpause_icon\"><\/div><\/div><\/div><\/div><div class='av-flex-placeholder'><\/div>\n<style type=\"text\/css\" data-created_by=\"avia_inline_auto\" id=\"style-css-av-3jrnqx-3d6ebd8f27dfea3163203146224a8184\">\n.flex_column.av-3jrnqx-3d6ebd8f27dfea3163203146224a8184{\nwidth:46.75%;\nmargin-left:0;\n}\n#top .flex_column_table.av-equal-height-column-flextable.av-3jrnqx-3d6ebd8f27dfea3163203146224a8184 .av-flex-placeholder{\nwidth:6.5%;\n}\n<\/style>\n<div  class='flex_column av-3jrnqx-3d6ebd8f27dfea3163203146224a8184 av_one_half  avia-builder-el-12  el_after_av_one_half  avia-builder-el-last  flex_column_table_cell av-equal-height-column av-align-middle  '     ><section  class='av_textblock_section av-3flh41-138e313896303e77de56e5882fff45a7 '   itemscope=\"itemscope\" itemtype=\"https:\/\/schema.org\/CreativeWork\" ><div class='avia_textblock'  itemprop=\"text\" ><div class=\"leftaligncenter\">\n<h2>Fete Patronale<\/h2>\n<p>Le 24 juin, toute la communaut\u00e9 c\u00e9l\u00e8bre saint Jean-Baptiste, le saint patron. Les festivit\u00e9s commencent le 23 juin au soir, \u00e0 la veille de Saint-Jean, o\u00f9, selon la tradition, il est de coutume d\u2019allumer un grand feu. Les c\u00e9l\u00e9brations rappellent les feux des anciens Celtes qui adoraient le dieu du soleil pour tenter de prolonger les heures de lumi\u00e8re au moment o\u00f9, vers le solstice d\u2019\u00e9t\u00e9, les jours commenc\u00e8rent \u00e0 se raccourcir en annon\u00e7ant le retour de l\u2019hiver. Dans un pass\u00e9 pas trop loin, les feux de Saint-Jean ont \u00e9t\u00e9 allum\u00e9s sur les hauteurs de nombreux villages de la Valle di Susa.<br \/>\nLe jour suivant, \u00e0 l\u2019aube, il \u00e9tait de coutume d\u2019aller dans les prairies humides pour mouiller les yeux de ros\u00e9e purifiante. De petites bouquets de fleurs sauvages on cueillait en forme de croix sur la porte des maisons comme protection, tandis que le les animaux on faisait p\u00e2turer sur les cendres de l\u2019incendie pour pr\u00e9venir la maladie de la fi\u00e8vre aphteuse.<\/p>\n<\/div>\n<\/div><\/section><\/div><\/div><!--close column table wrapper. Autoclose: 1 -->\n\n<\/div><\/div><\/div><!-- close content main div --><\/div><\/div>\n<style type=\"text\/css\" data-created_by=\"avia_inline_auto\" id=\"style-css-av-n8hzd-9039196852499e8ba30f8bbd0123adea\">\n.avia-section.av-n8hzd-9039196852499e8ba30f8bbd0123adea{\nbackground-color:#f8f8f8;\nbackground-image:unset;\n}\n<\/style>\n<div id='av_section_4'  class='avia-section av-n8hzd-9039196852499e8ba30f8bbd0123adea main_color avia-section-default avia-no-shadow  avia-builder-el-14  el_after_av_section  avia-builder-el-last  avia-bg-style-scroll container_wrap fullsize'  ><div class='container av-section-cont-open' ><div class='template-page content  av-content-full alpha units'><div class='post-entry post-entry-type-page post-entry-4502'><div class='entry-content-wrapper clearfix'>\n<div class='flex_column_table av-hap81-dcd8fcd0e47f59d90c9870fc23733ef0 sc-av_one_half av-equal-height-column-flextable'>\n<style type=\"text\/css\" data-created_by=\"avia_inline_auto\" id=\"style-css-av-hap81-dcd8fcd0e47f59d90c9870fc23733ef0\">\n.flex_column.av-hap81-dcd8fcd0e47f59d90c9870fc23733ef0{\nwidth:46.75%;\nmargin-left:0;\n}\n#top .flex_column_table.av-equal-height-column-flextable.av-hap81-dcd8fcd0e47f59d90c9870fc23733ef0 .av-flex-placeholder{\nwidth:6.5%;\n}\n<\/style>\n<div  class='flex_column av-hap81-dcd8fcd0e47f59d90c9870fc23733ef0 av_one_half  avia-builder-el-15  el_before_av_one_half  avia-builder-el-first  first flex_column_table_cell av-equal-height-column av-align-middle  '     ><div  class='avia-video av-m0v71c1a-dc2eeb16c5487bb82837a1e7397b7eee avia-video-16-9 av-no-preview-image avia-video-load-always av-lazyload-immediate av-lazyload-video-embed'  itemprop=\"video\" itemtype=\"https:\/\/schema.org\/VideoObject\"  data-original_url='https:\/\/www.youtube.com\/watch?v=qy9h0ArTvfo&amp;t'><script type='text\/html' class='av-video-tmpl'><div class='avia-iframe-wrap'><iframe loading=\"lazy\" title=\"Sauze d&#039;Oulx 1952\" width=\"1333\" height=\"1000\" src=\"https:\/\/www.youtube.com\/embed\/qy9h0ArTvfo?feature=oembed&autoplay=0&loop=0&controls=1&mute=0\" frameborder=\"0\" allow=\"accelerometer; autoplay; clipboard-write; encrypted-media; gyroscope; picture-in-picture; web-share\" referrerpolicy=\"strict-origin-when-cross-origin\" allowfullscreen><\/iframe><\/div><\/script><div class='av-click-to-play-overlay'><div class=\"avia_playpause_icon\"><\/div><\/div><\/div><\/div><div class='av-flex-placeholder'><\/div>\n<style type=\"text\/css\" data-created_by=\"avia_inline_auto\" id=\"style-css-av-b03td-54f969b2ff47b85785de37f934758823\">\n.flex_column.av-b03td-54f969b2ff47b85785de37f934758823{\nwidth:46.75%;\nmargin-left:0;\n}\n#top .flex_column_table.av-equal-height-column-flextable.av-b03td-54f969b2ff47b85785de37f934758823 .av-flex-placeholder{\nwidth:6.5%;\n}\n<\/style>\n<div  class='flex_column av-b03td-54f969b2ff47b85785de37f934758823 av_one_half  avia-builder-el-17  el_after_av_one_half  avia-builder-el-last  flex_column_table_cell av-equal-height-column av-align-middle  '     ><section  class='av_textblock_section av-m0v74mkx-cfcfe0882f926abbcbf95b234c3d436c '   itemscope=\"itemscope\" itemtype=\"https:\/\/schema.org\/CreativeWork\" ><div class='avia_textblock'  itemprop=\"text\" ><div class=\"leftaligncenter\">\n<h3>Sauze d\u2019Oulx dans les Ann\u00e9es 1920<\/h3>\n<p>Ci-dessous un film fascinant des ann\u00e9es 1920, quand Sauze d\u2019Oulx s\u2019est impos\u00e9 comme une station de ski.<\/p>\n<\/div>\n<\/div><\/section><\/div><\/div><!--close column table wrapper. Autoclose: 1 -->\n\n","protected":false},"excerpt":{"rendered":"","protected":false},"author":1,"featured_media":0,"parent":4479,"menu_order":0,"comment_status":"closed","ping_status":"closed","template":"","meta":{"footnotes":""},"class_list":["post-4502","page","type-page","status-publish","hentry"],"_links":{"self":[{"href":"https:\/\/sauzedoulx.net\/fr\/wp-json\/wp\/v2\/pages\/4502","targetHints":{"allow":["GET"]}}],"collection":[{"href":"https:\/\/sauzedoulx.net\/fr\/wp-json\/wp\/v2\/pages"}],"about":[{"href":"https:\/\/sauzedoulx.net\/fr\/wp-json\/wp\/v2\/types\/page"}],"author":[{"embeddable":true,"href":"https:\/\/sauzedoulx.net\/fr\/wp-json\/wp\/v2\/users\/1"}],"replies":[{"embeddable":true,"href":"https:\/\/sauzedoulx.net\/fr\/wp-json\/wp\/v2\/comments?post=4502"}],"version-history":[{"count":2,"href":"https:\/\/sauzedoulx.net\/fr\/wp-json\/wp\/v2\/pages\/4502\/revisions"}],"predecessor-version":[{"id":6628,"href":"https:\/\/sauzedoulx.net\/fr\/wp-json\/wp\/v2\/pages\/4502\/revisions\/6628"}],"up":[{"embeddable":true,"href":"https:\/\/sauzedoulx.net\/fr\/wp-json\/wp\/v2\/pages\/4479"}],"wp:attachment":[{"href":"https:\/\/sauzedoulx.net\/fr\/wp-json\/wp\/v2\/media?parent=4502"}],"curies":[{"name":"wp","href":"https:\/\/api.w.org\/{rel}","templated":true}]}}