{"id":4513,"date":"2024-06-09T11:05:24","date_gmt":"2024-06-09T11:05:24","guid":{"rendered":"https:\/\/sauzedoulx.net\/sauze-doulx\/office-de-tourisme\/"},"modified":"2024-11-13T14:44:20","modified_gmt":"2024-11-13T14:44:20","slug":"office-de-tourisme","status":"publish","type":"page","link":"https:\/\/sauzedoulx.net\/fr\/sauze-doulx\/office-de-tourisme\/","title":{"rendered":"OFFICE DE TOURISME"},"content":{"rendered":"\n<style type=\"text\/css\" data-created_by=\"avia_inline_auto\" id=\"style-css-av-3gpri-a5e9a86f7fd3d5027c74373c4b25c367\">\n.avia-section.av-3gpri-a5e9a86f7fd3d5027c74373c4b25c367{\nbackground-color:#f8f8f8;\nbackground-image:unset;\n}\n<\/style>\n<div id='av_section_1'  class='avia-section av-3gpri-a5e9a86f7fd3d5027c74373c4b25c367 main_color avia-section-default avia-no-shadow  avia-builder-el-0  el_before_av_section  avia-builder-el-first  avia-bg-style-scroll container_wrap fullsize'  ><div class='container av-section-cont-open' ><main  role=\"main\" itemprop=\"mainContentOfPage\"  class='template-page content  av-content-full alpha units'><div class='post-entry post-entry-type-page post-entry-4513'><div class='entry-content-wrapper clearfix'>\n<div  class='flex_column av-pl8x2-d03a4082447e8adbdd3a20cfde9f2b3b av_one_full  avia-builder-el-1  avia-builder-el-no-sibling  first flex_column_div  '     ><section  class='av_textblock_section av-m0wot3u2-b3fe4440d1df083cf04f014f7057e7c3 '   itemscope=\"itemscope\" itemtype=\"https:\/\/schema.org\/CreativeWork\" ><div class='avia_textblock'  itemprop=\"text\" ><h1 style=\"text-align: center;\">OFFICE DE TOURISME (ATL)<\/h1>\n<p style=\"text-align: center;\">Sauze d\u2019Oulx a un riche centre d\u2019information touristique o\u00f9 vous pouvez trouver des renseignements sur toutes les activit\u00e9s d\u2019\u00e9t\u00e9 et d\u2019hiver, les horaires de transport, les \u00e9v\u00e9nements, les parkings, les num\u00e9ros utiles et beaucoup plus d\u2019informations. Fourni avec des brochures sur les choses \u00e0 faire et \u00e0 voir, cartes et itin\u00e9raires de promenades et de v\u00e9lo et toutes les informations dont vous avez besoin pour votre s\u00e9jour \u00e0 Sauze d\u2019Oulx. Langues parl\u00e9es: anglais, fran\u00e7ais et allemand.  <\/p>\n<p style=\"text-align: center;\">Dans les locaux de l\u2019Office de Tourisme ont a r\u00e9guli\u00e8rement des expositions d\u2019art, de sculpture et de photographie.<\/p>\n<p style=\"text-align: center;\">\n<p style=\"text-align: center;\">\n<\/div><\/section><\/div>\n\n<\/div><\/div><\/main><!-- close content main element --><\/div><\/div>\n<style type=\"text\/css\" data-created_by=\"avia_inline_auto\" id=\"style-css-av-izog6-dce3067e3e082cb84436af43f2464233\">\n.avia-section.av-izog6-dce3067e3e082cb84436af43f2464233{\nbackground-color:#ffffff;\nbackground-image:unset;\n}\n<\/style>\n<div id='av_section_2'  class='avia-section av-izog6-dce3067e3e082cb84436af43f2464233 main_color avia-section-default avia-no-shadow  avia-builder-el-3  el_after_av_section  avia-builder-el-last  avia-bg-style-scroll container_wrap fullsize'  ><div class='container av-section-cont-open' ><div class='template-page content  av-content-full alpha units'><div class='post-entry post-entry-type-page post-entry-4513'><div class='entry-content-wrapper clearfix'>\n<div class='flex_column_table av-dge2e-ea9664fce6a3671729a59925df1f7d91 sc-av_one_half av-equal-height-column-flextable'>\n<style type=\"text\/css\" data-created_by=\"avia_inline_auto\" id=\"style-css-av-dge2e-ea9664fce6a3671729a59925df1f7d91\">\n.flex_column.av-dge2e-ea9664fce6a3671729a59925df1f7d91{\nwidth:46.75%;\nmargin-left:0;\n}\n#top .flex_column_table.av-equal-height-column-flextable.av-dge2e-ea9664fce6a3671729a59925df1f7d91 .av-flex-placeholder{\nwidth:6.5%;\n}\n<\/style>\n<div  class='flex_column av-dge2e-ea9664fce6a3671729a59925df1f7d91 av_one_half  avia-builder-el-4  el_before_av_one_half  avia-builder-el-first  first flex_column_table_cell av-equal-height-column av-align-middle  '     ><style type=\"text\/css\" data-created_by=\"avia_inline_auto\" id=\"style-css-av-m0wox2ts-2cf05f4522fca00968f99e3e910e247c\">\n.avia-image-container.av-m0wox2ts-2cf05f4522fca00968f99e3e910e247c img.avia_image{\nbox-shadow:none;\n}\n.avia-image-container.av-m0wox2ts-2cf05f4522fca00968f99e3e910e247c .av-image-caption-overlay-center{\ncolor:#ffffff;\n}\n<\/style>\n<div  id=\"imgbr\"  class='avia-image-container av-m0wox2ts-2cf05f4522fca00968f99e3e910e247c av-styling- avia-align-center  avia-builder-el-5  avia-builder-el-no-sibling '   itemprop=\"image\" itemscope=\"itemscope\" itemtype=\"https:\/\/schema.org\/ImageObject\" ><div class=\"avia-image-container-inner\"><div class=\"avia-image-overlay-wrap\"><img decoding=\"async\" fetchpriority=\"high\" class='wp-image-2357 avia-img-lazy-loading-not-2357 avia_image ' src=\"https:\/\/sauzedoulx.net\/wp-content\/uploads\/2024\/09\/atl-1500x630-1-495x400.jpg\" alt='' title='atl-1500x630'  height=\"400\" width=\"495\"  itemprop=\"thumbnailUrl\"  \/><\/div><\/div><\/div><\/div><div class='av-flex-placeholder'><\/div>\n<style type=\"text\/css\" data-created_by=\"avia_inline_auto\" id=\"style-css-av-74pb2-ffe5d888c6383373c60d4b698690c77c\">\n.flex_column.av-74pb2-ffe5d888c6383373c60d4b698690c77c{\nwidth:46.75%;\nmargin-left:0;\n}\n#top .flex_column_table.av-equal-height-column-flextable.av-74pb2-ffe5d888c6383373c60d4b698690c77c .av-flex-placeholder{\nwidth:6.5%;\n}\n<\/style>\n<div  class='flex_column av-74pb2-ffe5d888c6383373c60d4b698690c77c av_one_half  avia-builder-el-6  el_after_av_one_half  avia-builder-el-last  flex_column_table_cell av-equal-height-column av-align-middle  '     ><section  class='av_textblock_section av-m0wotzjf-63e57cb6313eab7464a96ab7f04b0196 '   itemscope=\"itemscope\" itemtype=\"https:\/\/schema.org\/CreativeWork\" ><div class='avia_textblock'  itemprop=\"text\" ><div class=\"leftaligncenter\">\n<h2>Contacter<\/h2>\n<p>L\u2019Office de Tourisme se trouve \u00e0 l\u2019entr\u00e9e du village, Viale Gen\u00e8vris 7, \u00e0 c\u00f4t\u00e9 du distributeur carburant. T\u00e9l\u00e9phone: +39 0122 858009 Mail: info.sauze@turismotorino.org<\/p>\n<\/div>\n<\/div><\/section><br \/>\n<div  class='avia-button-wrap av-m0wow8f2-b3e63fc157847b729249ce5a9f496bad-wrap avia-button-left  avia-builder-el-8  el_after_av_textblock  avia-builder-el-last  leftaligncenter'>\n<style type=\"text\/css\" data-created_by=\"avia_inline_auto\" id=\"style-css-av-m0wow8f2-b3e63fc157847b729249ce5a9f496bad\">\n#top #wrap_all .avia-button.av-m0wow8f2-b3e63fc157847b729249ce5a9f496bad{\nbackground-color:#2693e6;\nborder-color:#2693e6;\nborder-radius:10px 10px 10px 10px;\nbox-shadow: 2px 2px 2px 1px #e0e0e0;\ntransition:all 0.4s ease-in-out;\n}\n#top #wrap_all .avia-button.av-m0wow8f2-b3e63fc157847b729249ce5a9f496bad:hover{\ncolor:#2693e6;\ntransition:all 0.4s ease-in-out;\n}\n#top #wrap_all.avia-button.av-m0wow8f2-b3e63fc157847b729249ce5a9f496bad:hover .avia_button_background{\nborder-radius:10px 10px 10px 10px;\n}\n<\/style>\n<a href='https:\/\/www.google.co.uk\/maps\/place\/Sauze+d\u2019Oulx+-+Ufficio+del+Turismo\/@45.0281895,6.8589214,17z\/data=!4m6!3m5!1s0x478873e3126dc77b:0xe310bdf39a6dad18!8m2!3d45.029485!4d6.8589656!16s%2Fg%2F11ght1mlsg!5m1!1e4?entry=ttu&amp;g_ep=EgoyMDI0MDkwOC4wIKXMDSoASAFQAw%3D%3D' class='avia-button av-m0wow8f2-b3e63fc157847b729249ce5a9f496bad av-link-btn avia-icon_select-yes-left-icon avia-size-large avia-position-left avia-font-color-theme-color' target=\"_blank\" rel=\"noopener noreferrer\" aria-label=\"CARTE\"><span class='avia_button_icon avia_button_icon_left' aria-hidden='true' data-av_icon='\ue835' data-av_iconfont='entypo-fontello'><\/span><span class='avia_iconbox_title' >CARTE<\/span><span class='avia_button_background avia-button avia-color-theme-color-highlight' ><\/span><\/a><\/div><\/p><\/div><\/div><!--close column table wrapper. Autoclose: 1 -->\n\n","protected":false},"excerpt":{"rendered":"","protected":false},"author":1,"featured_media":0,"parent":4479,"menu_order":0,"comment_status":"closed","ping_status":"closed","template":"","meta":{"footnotes":""},"class_list":["post-4513","page","type-page","status-publish","hentry"],"_links":{"self":[{"href":"https:\/\/sauzedoulx.net\/fr\/wp-json\/wp\/v2\/pages\/4513","targetHints":{"allow":["GET"]}}],"collection":[{"href":"https:\/\/sauzedoulx.net\/fr\/wp-json\/wp\/v2\/pages"}],"about":[{"href":"https:\/\/sauzedoulx.net\/fr\/wp-json\/wp\/v2\/types\/page"}],"author":[{"embeddable":true,"href":"https:\/\/sauzedoulx.net\/fr\/wp-json\/wp\/v2\/users\/1"}],"replies":[{"embeddable":true,"href":"https:\/\/sauzedoulx.net\/fr\/wp-json\/wp\/v2\/comments?post=4513"}],"version-history":[{"count":0,"href":"https:\/\/sauzedoulx.net\/fr\/wp-json\/wp\/v2\/pages\/4513\/revisions"}],"up":[{"embeddable":true,"href":"https:\/\/sauzedoulx.net\/fr\/wp-json\/wp\/v2\/pages\/4479"}],"wp:attachment":[{"href":"https:\/\/sauzedoulx.net\/fr\/wp-json\/wp\/v2\/media?parent=4513"}],"curies":[{"name":"wp","href":"https:\/\/api.w.org\/{rel}","templated":true}]}}