{"id":4545,"date":"2024-06-09T10:44:10","date_gmt":"2024-06-09T10:44:10","guid":{"rendered":"https:\/\/sauzedoulx.net\/garderie\/"},"modified":"2024-11-13T16:55:47","modified_gmt":"2024-11-13T16:55:47","slug":"garderie","status":"publish","type":"page","link":"https:\/\/sauzedoulx.net\/fr\/garderie\/","title":{"rendered":"Garderie"},"content":{"rendered":"\n<style type=\"text\/css\" data-created_by=\"avia_inline_auto\" id=\"style-css-av-m1ga23gc-f580b99acf9b455dd8279340123d1a93\">\n.avia-section.av-m1ga23gc-f580b99acf9b455dd8279340123d1a93{\nbackground-repeat:no-repeat;\nbackground-image:url(https:\/\/sauzedoulx.net\/wp-content\/uploads\/2024\/09\/MG_8446-1500x630-1.jpg);\nbackground-position:50% 50%;\nbackground-attachment:scroll;\n}\n<\/style>\n<div id='av_section_1'  class='avia-section av-m1ga23gc-f580b99acf9b455dd8279340123d1a93 main_color avia-section-default avia-no-border-styling  avia-builder-el-0  el_before_av_layout_row  avia-builder-el-first  av-medium-hide av-small-hide av-mini-hide avia-full-stretch avia-bg-style-scroll av-minimum-height av-minimum-height-64 av-height-percent  container_wrap fullsize'  data-section-bg-repeat='stretch' data-av_minimum_height_pc='64' data-av_min_height_opt='percent'><div class='container av-section-cont-open' ><main  role=\"main\" itemprop=\"mainContentOfPage\"  class='template-page content  av-content-full alpha units'><div class='post-entry post-entry-type-page post-entry-4545'><div class='entry-content-wrapper clearfix'>\n<\/div><\/div><\/main><!-- close content main element --><\/div><\/div><div id='av-layout-grid-1'  class='av-layout-grid-container av-m1ga38wz-3902ab3966bffaa415c0226bb0f8f92a entry-content-wrapper main_color av-flex-cells  avia-builder-el-1  el_after_av_section  el_before_av_section  grid-row-not-first av-desktop-hide container_wrap fullsize'  >\n\n<style type=\"text\/css\" data-created_by=\"avia_inline_auto\" id=\"style-css-av-m1ga2wke-b44c5fdead852985904ff7d76b67ba74\">\n.flex_cell.av-m1ga2wke-b44c5fdead852985904ff7d76b67ba74{\nvertical-align:top;\nbackground:url(https:\/\/sauzedoulx.net\/wp-content\/uploads\/2024\/09\/MG_8446-1500x630-1-1030x433.jpg) 0% 0% no-repeat scroll ;\n}\n.responsive #top #wrap_all .flex_cell.av-m1ga2wke-b44c5fdead852985904ff7d76b67ba74{\npadding:0px 0px 0px 0px !important;\n}\n<\/style>\n<div class='flex_cell av-m1ga2wke-b44c5fdead852985904ff7d76b67ba74 av-gridrow-cell av_one_full no_margin  avia-builder-el-2  avia-builder-el-no-sibling  av-zero-padding'  ><div class='flex_cell_inner'><\/div><\/div>\n<\/div>\n\n<style type=\"text\/css\" data-created_by=\"avia_inline_auto\" id=\"style-css-av-ws547-47bdc03a771ef00edbfbbbd3177c8bd7\">\n.avia-section.av-ws547-47bdc03a771ef00edbfbbbd3177c8bd7{\nbackground-color:#f8f8f8;\nbackground-image:unset;\n}\n<\/style>\n<div id='av_section_2'  class='avia-section av-ws547-47bdc03a771ef00edbfbbbd3177c8bd7 main_color avia-section-default avia-no-shadow  avia-builder-el-3  el_after_av_layout_row  el_before_av_section  avia-bg-style-scroll container_wrap fullsize'  ><div class='container av-section-cont-open' ><div class='template-page content  av-content-full alpha units'><div class='post-entry post-entry-type-page post-entry-4545'><div class='entry-content-wrapper clearfix'>\n<div  class='flex_column av-qa5i7-60f92b9edbc649ce9385cb36e6bb7fa0 av_one_full  avia-builder-el-4  avia-builder-el-no-sibling  first flex_column_div  '     ><section  class='av_textblock_section av-m1fdexjb-a4b895f6fcb1a227e0227a542001e0ec '   itemscope=\"itemscope\" itemtype=\"https:\/\/schema.org\/CreativeWork\" ><div class='avia_textblock'  itemprop=\"text\" ><h1 style=\"text-align: center;\">Garderie<\/h1>\n<p style=\"text-align: center;\">La Libellula est ouvert 7 jours sur 7, de 8h30 \u00e0 17h00 pour les enfants \u00e0 partir de 13 mois \u00e0 6 ans. Dans le forfait \u00abjourn\u00e9e compl\u00e8te\u00bb sont inclus le d\u00e9jeuner et le repos dans l\u2019espace de repos. Il ya aussi la garderie de soir jusqu\u2019\u00e0 23h00.<\/p>\n<p style=\"text-align: center;\">On y parle anglais et italien.<\/p>\n<\/div><\/section><\/div>\n\n<\/div><\/div><\/div><!-- close content main div --><\/div><\/div>\n<style type=\"text\/css\" data-created_by=\"avia_inline_auto\" id=\"style-css-av-15h5mv-59e6089f13ae8ae8b0264fe1b2221510\">\n.avia-section.av-15h5mv-59e6089f13ae8ae8b0264fe1b2221510{\nbackground-color:#ffffff;\nbackground-image:unset;\n}\n<\/style>\n<div id='av_section_3'  class='avia-section av-15h5mv-59e6089f13ae8ae8b0264fe1b2221510 main_color avia-section-default avia-no-shadow  avia-builder-el-6  el_after_av_section  avia-builder-el-last  avia-bg-style-scroll container_wrap fullsize'  ><div class='container av-section-cont-open' ><div class='template-page content  av-content-full alpha units'><div class='post-entry post-entry-type-page post-entry-4545'><div class='entry-content-wrapper clearfix'>\n<div  id=\"imgbr\"  class='flex_column av-m1feyc9v-562feffb3be48006fffd593158c10cb1 av_one_half  avia-builder-el-7  el_before_av_one_half  avia-builder-el-first  first flex_column_div  '     ><style type=\"text\/css\" data-created_by=\"avia_inline_auto\" id=\"style-css-av-m1feypqu-16d5fc8b3036b2e372fefd5d2774ce2f\">\n.avia-image-container.av-m1feypqu-16d5fc8b3036b2e372fefd5d2774ce2f img.avia_image{\nbox-shadow:none;\n}\n.avia-image-container.av-m1feypqu-16d5fc8b3036b2e372fefd5d2774ce2f .av-image-caption-overlay-center{\ncolor:#ffffff;\n}\n<\/style>\n<div  class='avia-image-container av-m1feypqu-16d5fc8b3036b2e372fefd5d2774ce2f av-styling- avia-align-center  avia-builder-el-8  avia-builder-el-no-sibling '   itemprop=\"image\" itemscope=\"itemscope\" itemtype=\"https:\/\/schema.org\/ImageObject\" ><div class=\"avia-image-container-inner\"><div class=\"avia-image-overlay-wrap\"><img decoding=\"async\" fetchpriority=\"high\" class='wp-image-2552 avia-img-lazy-loading-not-2552 avia_image ' src=\"https:\/\/sauzedoulx.net\/wp-content\/uploads\/2024\/09\/011-495x337.jpg\" alt='' title='011'  height=\"337\" width=\"495\"  itemprop=\"thumbnailUrl\"  \/><\/div><\/div><\/div><\/div><div  class='flex_column av-mpmyn-1ef9936924eb33c1f41549a8696fbaa9 av_one_half  avia-builder-el-9  el_after_av_one_half  avia-builder-el-last  flex_column_div  '     ><section  class='av_textblock_section av-fwaef-93f13b928f814543f85b1fede446629d '   itemscope=\"itemscope\" itemtype=\"https:\/\/schema.org\/CreativeWork\" ><div class='avia_textblock'  itemprop=\"text\" ><div class=\"leftaligncenter\">\n<h2>Contacter<\/h2>\n<p>babyparkinglalibellula@gmail.com<\/p>\n<p>Tel : 3385075657<\/p>\n<\/div>\n<\/div><\/section><br \/>\n<div  class='avia-button-wrap av-m1fesizk-99af3b553c7a4cf610bcb3a5a81eeea2-wrap avia-button-left  avia-builder-el-11  el_after_av_textblock  avia-builder-el-last '>\n<style type=\"text\/css\" data-created_by=\"avia_inline_auto\" id=\"style-css-av-m1fesizk-99af3b553c7a4cf610bcb3a5a81eeea2\">\n#top #wrap_all .avia-button.av-m1fesizk-99af3b553c7a4cf610bcb3a5a81eeea2{\nbackground-color:#2693e6;\nborder-color:#2693e6;\ntransition:all 0.4s ease-in-out;\n}\n#top #wrap_all .avia-button.av-m1fesizk-99af3b553c7a4cf610bcb3a5a81eeea2:hover{\ncolor:white;\ntransition:all 0.4s ease-in-out;\n}\n<\/style>\n<a href='https:\/\/www.babyparkinglalibellula.com\/' class='avia-button av-m1fesizk-99af3b553c7a4cf610bcb3a5a81eeea2 av-link-btn avia-icon_select-yes-left-icon avia-size-large avia-position-left avia-font-color-theme-color' target=\"_blank\" rel=\"noopener noreferrer\" aria-label=\"Site internet\"><span class='avia_button_icon avia_button_icon_left' aria-hidden='true' data-av_icon='\ue835' data-av_iconfont='entypo-fontello'><\/span><span class='avia_iconbox_title' >Site internet<\/span><span class='avia_button_background avia-button avia-color-theme-color-highlight' ><\/span><\/a><\/div><\/p><\/div>\n\n","protected":false},"excerpt":{"rendered":"","protected":false},"author":1,"featured_media":2565,"parent":0,"menu_order":0,"comment_status":"closed","ping_status":"closed","template":"","meta":{"footnotes":""},"class_list":["post-4545","page","type-page","status-publish","has-post-thumbnail","hentry"],"_links":{"self":[{"href":"https:\/\/sauzedoulx.net\/fr\/wp-json\/wp\/v2\/pages\/4545","targetHints":{"allow":["GET"]}}],"collection":[{"href":"https:\/\/sauzedoulx.net\/fr\/wp-json\/wp\/v2\/pages"}],"about":[{"href":"https:\/\/sauzedoulx.net\/fr\/wp-json\/wp\/v2\/types\/page"}],"author":[{"embeddable":true,"href":"https:\/\/sauzedoulx.net\/fr\/wp-json\/wp\/v2\/users\/1"}],"replies":[{"embeddable":true,"href":"https:\/\/sauzedoulx.net\/fr\/wp-json\/wp\/v2\/comments?post=4545"}],"version-history":[{"count":0,"href":"https:\/\/sauzedoulx.net\/fr\/wp-json\/wp\/v2\/pages\/4545\/revisions"}],"wp:featuredmedia":[{"embeddable":true,"href":"https:\/\/sauzedoulx.net\/fr\/wp-json\/wp\/v2\/media\/2565"}],"wp:attachment":[{"href":"https:\/\/sauzedoulx.net\/fr\/wp-json\/wp\/v2\/media?parent=4545"}],"curies":[{"name":"wp","href":"https:\/\/api.w.org\/{rel}","templated":true}]}}