{"id":4553,"date":"2024-06-09T10:40:58","date_gmt":"2024-06-09T10:40:58","guid":{"rendered":"https:\/\/sauzedoulx.net\/numeros-durgence-112\/"},"modified":"2024-11-13T17:30:55","modified_gmt":"2024-11-13T17:30:55","slug":"numeros-durgence-112","status":"publish","type":"page","link":"https:\/\/sauzedoulx.net\/fr\/numeros-durgence-112\/","title":{"rendered":"Numeros d&rsquo;urgence 112"},"content":{"rendered":"\n<style type=\"text\/css\" data-created_by=\"avia_inline_auto\" id=\"style-css-av-s9uii-222851b479c468eda266fc76a29896ad\">\n.avia-section.av-s9uii-222851b479c468eda266fc76a29896ad{\nbackground-color:#f8f8f8;\nbackground-image:unset;\n}\n<\/style>\n<div id='av_section_1'  class='avia-section av-s9uii-222851b479c468eda266fc76a29896ad main_color avia-section-default avia-no-shadow  avia-builder-el-0  el_before_av_section  avia-builder-el-first  avia-bg-style-scroll container_wrap fullsize'  ><div class='container av-section-cont-open' ><main  role=\"main\" itemprop=\"mainContentOfPage\"  class='template-page content  av-content-full alpha units'><div class='post-entry post-entry-type-page post-entry-4553'><div class='entry-content-wrapper clearfix'>\n<div  class='flex_column av-jm1z6-aacc6921899b995760d7c3dcfd90cabb av_one_full  avia-builder-el-1  avia-builder-el-no-sibling  first flex_column_div  '     ><section  class='av_textblock_section av-clnk2-1d831dc646032dc02b77c311569b4110 '   itemscope=\"itemscope\" itemtype=\"https:\/\/schema.org\/CreativeWork\" ><div class='avia_textblock'  itemprop=\"text\" ><h1 style=\"text-align: center;\">Numeros d&rsquo;urgence<\/h1>\n<p style=\"text-align: center;\">Le <strong>112<\/strong> est le num\u00e9ro d\u2019appel d\u2019urgence europ\u00e9en, disponible partout dans l\u2019UE, gratuitement<\/p>\n<p style=\"text-align: center;\">Vous pouvez appeler le <b>112<\/b> \u00e0 partir de t\u00e9l\u00e9phones fixes et mobiles pour contacter n&rsquo;importe quel service d&rsquo;urgence : une ambulance, les pompiers ou la police. Un op\u00e9rateur sp\u00e9cialement form\u00e9 r\u00e9pondra \u00e0 tout appel au <b>112<\/b>.<\/p>\n<p style=\"text-align: center;\">Pour tout autre besoin m\u00e9dical (m\u00e9decins, dentistes, etc.), veuillez consulter le PDF complet ci-dessous,<\/p>\n<\/div><\/section><br \/>\n<div  class='avia-button-wrap av-1lpesy-724772c5243d3f20c39e1d5486a25877-wrap avia-button-center  avia-builder-el-3  el_after_av_textblock  avia-builder-el-last '>\n<style type=\"text\/css\" data-created_by=\"avia_inline_auto\" id=\"style-css-av-1lpesy-724772c5243d3f20c39e1d5486a25877\">\n#top #wrap_all .avia-button.av-1lpesy-724772c5243d3f20c39e1d5486a25877{\nbackground-color:#2693e6;\nborder-color:#2693e6;\ntransition:all 0.4s ease-in-out;\n}\n#top #wrap_all .avia-button.av-1lpesy-724772c5243d3f20c39e1d5486a25877:hover{\ncolor:white;\ntransition:all 0.4s ease-in-out;\n}\n<\/style>\n<a href='https:\/\/bit.ly\/41ReEyi' class='avia-button av-1lpesy-724772c5243d3f20c39e1d5486a25877 av-link-btn avia-icon_select-yes-left-icon avia-size-large avia-position-center avia-font-color-theme-color' target=\"_blank\" rel=\"noopener noreferrer\" aria-label=\"T\u00c9L\u00c9CHARGER\"><span class='avia_button_icon avia_button_icon_left' aria-hidden='true' data-av_icon='\ue835' data-av_iconfont='entypo-fontello'><\/span><span class='avia_iconbox_title' >T\u00c9L\u00c9CHARGER<\/span><span class='avia_button_background avia-button avia-color-theme-color-highlight' ><\/span><\/a><\/div><\/p><\/div>\n\n<\/div><\/div><\/main><!-- close content main element --><\/div><\/div>\n<style type=\"text\/css\" data-created_by=\"avia_inline_auto\" id=\"style-css-av-fbjh6-08e1e4b0f85612b94af28690797e4fe7\">\n.avia-section.av-fbjh6-08e1e4b0f85612b94af28690797e4fe7{\nbackground-color:#ffffff;\nbackground-image:unset;\n}\n<\/style>\n<div id='av_section_2'  class='avia-section av-fbjh6-08e1e4b0f85612b94af28690797e4fe7 main_color avia-section-default avia-no-shadow  avia-builder-el-4  el_after_av_section  el_before_av_section  avia-bg-style-scroll container_wrap fullsize'  ><div class='container av-section-cont-open' ><div class='template-page content  av-content-full alpha units'><div class='post-entry post-entry-type-page post-entry-4553'><div class='entry-content-wrapper clearfix'>\n<div  class='flex_column av-8e7ea-7c4e0969269f2286efbc62b5054ca7b3 av_one_full  avia-builder-el-5  avia-builder-el-no-sibling  first flex_column_div  '     ><section  class='av_textblock_section av-m1fbanmn-31b8dbe86f2a948652ad79b6b9883636 '   itemscope=\"itemscope\" itemtype=\"https:\/\/schema.org\/CreativeWork\" ><div class='avia_textblock'  itemprop=\"text\" ><h1 style=\"text-align: center;\">Assurance voyage et ski<\/h1>\n<p style=\"text-align: center;\">Lorsque vous voyagez, il est toujours recommand\u00e9 de souscrire une assurance m\u00e9dicale de voyage pour faire face \u00e0 d&rsquo;\u00e9ventuelles circonstances impr\u00e9vues. Il est \u00e9galement recommand\u00e9 de se munir d&rsquo;une carte europ\u00e9enne d&rsquo;assurance maladie si elle est disponible (voir ci-dessous).<\/p>\n<p style=\"text-align: center;\">Lors de l\u2019achat d\u2019un skipass, il est possible, avec un petit suppl\u00e9ment mon\u00e9taire, de souscrire une assurance qui couvre une partie des frais medicaux en cas d\u2019accident sur les pistes de ski<\/p>\n<\/div><\/section><br \/>\n<div  class='avia-button-wrap av-m1fbbpjv-a0ccebe34c4288ef9cfc6faeef5b4fa4-wrap avia-button-center  avia-builder-el-7  el_after_av_textblock  avia-builder-el-last '>\n<style type=\"text\/css\" data-created_by=\"avia_inline_auto\" id=\"style-css-av-m1fbbpjv-a0ccebe34c4288ef9cfc6faeef5b4fa4\">\n#top #wrap_all .avia-button.av-m1fbbpjv-a0ccebe34c4288ef9cfc6faeef5b4fa4{\nbackground-color:#2693e6;\nborder-color:#2693e6;\ntransition:all 0.4s ease-in-out;\n}\n#top #wrap_all .avia-button.av-m1fbbpjv-a0ccebe34c4288ef9cfc6faeef5b4fa4:hover{\ncolor:white;\ntransition:all 0.4s ease-in-out;\n}\n<\/style>\n<a href='https:\/\/www.vialattea.it\/en\/assicurazione\/' class='avia-button av-m1fbbpjv-a0ccebe34c4288ef9cfc6faeef5b4fa4 av-link-btn avia-icon_select-yes-left-icon avia-size-large avia-position-center avia-font-color-theme-color' target=\"_blank\" rel=\"noopener noreferrer\" aria-label=\"PROTEZIONE NEVE\"><span class='avia_button_icon avia_button_icon_left' aria-hidden='true' data-av_icon='\ue835' data-av_iconfont='entypo-fontello'><\/span><span class='avia_iconbox_title' >PROTEZIONE NEVE<\/span><span class='avia_button_background avia-button avia-color-theme-color-highlight' ><\/span><\/a><\/div><\/p><\/div><\/div><\/div><\/div><!-- close content main div --><\/div><\/div>\n<style type=\"text\/css\" data-created_by=\"avia_inline_auto\" id=\"style-css-av-qqz7e-2e50afc6e6bd7af305d28a7aabc066d1\">\n.avia-section.av-qqz7e-2e50afc6e6bd7af305d28a7aabc066d1{\nbackground-color:#ffffff;\nbackground-image:unset;\n}\n<\/style>\n<div id='av_section_3'  class='avia-section av-qqz7e-2e50afc6e6bd7af305d28a7aabc066d1 main_color avia-section-default avia-no-shadow  avia-builder-el-8  el_after_av_section  el_before_av_section  avia-bg-style-scroll container_wrap fullsize'  ><div class='container av-section-cont-open' ><div class='template-page content  av-content-full alpha units'><div class='post-entry post-entry-type-page post-entry-4553'><div class='entry-content-wrapper clearfix'>\n<div  class='flex_column av-20nia-5a1ff645f45b843e1b453d40557fc7ec av_one_full  avia-builder-el-9  avia-builder-el-no-sibling  first flex_column_div  '     ><section  class='av_textblock_section av-m1fbower-37729cdce99bf014fde98ffe59c27265 '   itemscope=\"itemscope\" itemtype=\"https:\/\/schema.org\/CreativeWork\" ><div class='avia_textblock'  itemprop=\"text\" ><h2 style=\"text-align: center;\">Assistance medicale a Sauze d\u2019Oulx<\/h2>\n<p style=\"text-align: center;\">\u00c0 Sauze d\u2019Oulx il y a un centre de traumatologie avec des infirmi\u00e8res et des orthop\u00e9distes.<\/p>\n<p style=\"text-align: center;\">En cas d\u2019accident sur les pistes de ski, le centre de traumatologie de Sauze d\u2019Oulx est le point de r\u00e9f\u00e9rence. C\u2019est un centre priv\u00e9 et l\u2019assistance m\u00e9dicale est payante. En cas d\u2019hospitalisation \u00e0 l\u2019h\u00f4pital de Suse ou \u00e0 Turin, l\u2019assistance sera prise en charge par le service de sant\u00e9 du pays d\u2019origine.<\/p>\n<\/div><\/section><br \/>\n<div  class='avia-button-wrap av-fgfei-c4da46b5a13725e4989ee2e7e8a35627-wrap avia-button-center  avia-builder-el-11  el_after_av_textblock  avia-builder-el-last '>\n<style type=\"text\/css\" data-created_by=\"avia_inline_auto\" id=\"style-css-av-fgfei-c4da46b5a13725e4989ee2e7e8a35627\">\n#top #wrap_all .avia-button.av-fgfei-c4da46b5a13725e4989ee2e7e8a35627{\nbackground-color:#2693e6;\nborder-color:#2693e6;\ntransition:all 0.4s ease-in-out;\n}\n#top #wrap_all .avia-button.av-fgfei-c4da46b5a13725e4989ee2e7e8a35627:hover{\ncolor:white;\ntransition:all 0.4s ease-in-out;\n}\n<\/style>\n<a href='https:\/\/bit.ly\/41ReEyi' class='avia-button av-fgfei-c4da46b5a13725e4989ee2e7e8a35627 av-link-btn avia-icon_select-yes-left-icon avia-size-large avia-position-center avia-font-color-theme-color' target=\"_blank\" rel=\"noopener noreferrer\" aria-label=\"T\u00c9L\u00c9CHARGER\"><span class='avia_button_icon avia_button_icon_left' aria-hidden='true' data-av_icon='\ue835' data-av_iconfont='entypo-fontello'><\/span><span class='avia_iconbox_title' >T\u00c9L\u00c9CHARGER<\/span><span class='avia_button_background avia-button avia-color-theme-color-highlight' ><\/span><\/a><\/div><\/p><\/div>\n<\/p>\n<\/div><\/div><\/div><!-- close content main div --><\/div><\/div>\n<style type=\"text\/css\" data-created_by=\"avia_inline_auto\" id=\"style-css-av-14a48q-29b615af6aa33b32e9690ed9dbde0188\">\n.avia-section.av-14a48q-29b615af6aa33b32e9690ed9dbde0188{\nbackground-color:#ffffff;\nbackground-image:unset;\n}\n<\/style>\n<div id='av_section_4'  class='avia-section av-14a48q-29b615af6aa33b32e9690ed9dbde0188 main_color avia-section-default avia-no-shadow  avia-builder-el-12  el_after_av_section  el_before_av_section  avia-bg-style-scroll container_wrap fullsize'  ><div class='container av-section-cont-open' ><div class='template-page content  av-content-full alpha units'><div class='post-entry post-entry-type-page post-entry-4553'><div class='entry-content-wrapper clearfix'>\n<div  class='flex_column av-3bpya-3439c8109eafe509c70c99bb984adcf1 av_one_full  avia-builder-el-13  avia-builder-el-no-sibling  first flex_column_div  '     ><section  class='av_textblock_section av-ojadm-0a6f94672ea0984ad5f77f12fe60e1b2 '   itemscope=\"itemscope\" itemtype=\"https:\/\/schema.org\/CreativeWork\" ><div class='avia_textblock'  itemprop=\"text\" ><h1 style=\"text-align: center;\">Prescriptions<\/h1>\n<p style=\"text-align: center;\">Sauze Pharmacie (Farmacia)<br \/>\nVia Monfol, 17<br \/>\nTel +39 0122 850203<\/p>\n<p style=\"text-align: center;\">Sauze Parafarmacia (Pas de prescription)<br \/>\nVia Assietta, 7<br \/>\nTel +39 0122 858598<\/p>\n<\/div><\/section><br \/>\n<div  class='avia-button-wrap av-lunze-0375e06e5b653c219d1907971bbaca46-wrap avia-button-center  avia-builder-el-15  el_after_av_textblock  avia-builder-el-last '>\n<style type=\"text\/css\" data-created_by=\"avia_inline_auto\" id=\"style-css-av-lunze-0375e06e5b653c219d1907971bbaca46\">\n#top #wrap_all .avia-button.av-lunze-0375e06e5b653c219d1907971bbaca46{\nbackground-color:#2693e6;\nborder-color:#2693e6;\ntransition:all 0.4s ease-in-out;\n}\n#top #wrap_all .avia-button.av-lunze-0375e06e5b653c219d1907971bbaca46:hover{\ncolor:white;\ntransition:all 0.4s ease-in-out;\n}\n<\/style>\n<a href='https:\/\/www.google.fr\/maps\/place\/Farmacia+Tintinelli\/@45.0279036,6.8599911,19z\/data=!3m1!5s0x4789c16f88620a13:0x891225875d8cdf75!4m6!3m5!1s0x4789c1657d2331c5:0xea0fe48d57a274b5!8m2!3d45.027959!4d6.8603239!16s%2Fg%2F1tgj7qdw?entry=ttu&amp;g_ep=EgoyMDI0MDkxOC4xIKXMDSoASAFQAw%3D%3D' class='avia-button av-lunze-0375e06e5b653c219d1907971bbaca46 av-link-btn avia-icon_select-yes-left-icon avia-size-large avia-position-center avia-font-color-theme-color' target=\"_blank\" rel=\"noopener noreferrer\" aria-label=\"CARTE PHARMACIE\"><span class='avia_button_icon avia_button_icon_left' aria-hidden='true' data-av_icon='\ue835' data-av_iconfont='entypo-fontello'><\/span><span class='avia_iconbox_title' >CARTE PHARMACIE<\/span><span class='avia_button_background avia-button avia-color-theme-color-highlight' ><\/span><\/a><\/div><\/p><\/div>\n\n<\/div><\/div><\/div><!-- close content main div --><\/div><\/div>\n<style type=\"text\/css\" data-created_by=\"avia_inline_auto\" id=\"style-css-av-hkavu-9ff465a55f79f2302152587dcdd08a12\">\n.avia-section.av-hkavu-9ff465a55f79f2302152587dcdd08a12{\nbackground-color:#f8f8f8;\nbackground-image:unset;\n}\n<\/style>\n<div id='av_section_5'  class='avia-section av-hkavu-9ff465a55f79f2302152587dcdd08a12 main_color avia-section-default avia-no-shadow  avia-builder-el-16  el_after_av_section  el_before_av_section  avia-bg-style-scroll container_wrap fullsize'  ><div class='container av-section-cont-open' ><div class='template-page content  av-content-full alpha units'><div class='post-entry post-entry-type-page post-entry-4553'><div class='entry-content-wrapper clearfix'>\n<section  class='av_textblock_section av-m1fcck0m-0db451add49b0856fb5a451c4d047f4d '   itemscope=\"itemscope\" itemtype=\"https:\/\/schema.org\/CreativeWork\" ><div class='avia_textblock'  itemprop=\"text\" ><h2 style=\"text-align: center; margin-top: 20px!important;\">Assistance m\u00e9dicale d&rsquo;urgence<\/h2>\n<\/div><\/section>\n\n<\/div><\/div><\/div><!-- close content main div --><\/div><\/div>\n<style type=\"text\/css\" data-created_by=\"avia_inline_auto\" id=\"style-css-av-4s8xka-8920e530b5219c3314984405060a6a5d\">\n.avia-section.av-4s8xka-8920e530b5219c3314984405060a6a5d{\nbackground-color:#ffffff;\nbackground-image:unset;\n}\n<\/style>\n<div id='av_section_6'  class='avia-section av-4s8xka-8920e530b5219c3314984405060a6a5d main_color avia-section-default avia-no-shadow  avia-builder-el-18  el_after_av_section  avia-builder-el-last  avia-bg-style-scroll container_wrap fullsize'  ><div class='container av-section-cont-open' ><div class='template-page content  av-content-full alpha units'><div class='post-entry post-entry-type-page post-entry-4553'><div class='entry-content-wrapper clearfix'>\n<div class='flex_column_table av-4mp6z6-60b07752978b239ac10a34d995165d97 sc-av_one_third av-equal-height-column-flextable'>\n<style type=\"text\/css\" data-created_by=\"avia_inline_auto\" id=\"style-css-av-4mp6z6-60b07752978b239ac10a34d995165d97\">\n.flex_column.av-4mp6z6-60b07752978b239ac10a34d995165d97{\nwidth:31%;\nmargin-left:0;\n}\n#top .flex_column_table.av-equal-height-column-flextable.av-4mp6z6-60b07752978b239ac10a34d995165d97 .av-flex-placeholder{\nwidth:3.5%;\n}\n<\/style>\n<div  class='flex_column av-4mp6z6-60b07752978b239ac10a34d995165d97 av_one_third  avia-builder-el-19  el_before_av_one_third  avia-builder-el-first  skihireboxes first flex_column_table_cell av-equal-height-column av-align-middle  '     ><section  class='av_textblock_section av-m1fcdgqk-d9566a868af24d2024eb664e2207f78c '   itemscope=\"itemscope\" itemtype=\"https:\/\/schema.org\/CreativeWork\" ><div class='avia_textblock'  itemprop=\"text\" ><p style=\"text-align: center;\"><strong>H\u00f4pital<\/strong><br \/>\nCorso Inghilterra, 66<br \/>\nSUSA<br \/>\nTel. 0122.621212<\/p>\n<\/div><\/section><br \/>\n<div  class='avia-buttonrow-wrap av-m1fchi2l-de2ae36092c524cc4dcb3fcf690d5a9b avia-buttonrow-center  avia-builder-el-21  el_after_av_textblock  avia-builder-el-last '>\n\n<style type=\"text\/css\" data-created_by=\"avia_inline_auto\" id=\"style-css-av-m1fchgcf-263352bdc7d0316e765b8661d6aec394\">\n#top #wrap_all .avia-button.av-m1fchgcf-263352bdc7d0316e765b8661d6aec394{\nbackground-color:#2693e6;\nborder-color:#2693e6;\ntransition:all 0.4s ease-in-out;\nmargin-bottom:5px;\nmargin-right:3px;\nmargin-left:3px;\n}\n#top #wrap_all .avia-button.av-m1fchgcf-263352bdc7d0316e765b8661d6aec394:hover{\ncolor:white;\ntransition:all 0.4s ease-in-out;\n}\n<\/style>\n<a href='https:\/\/www.google.fr\/maps\/place\/Susa+Civil+Hospital\/@45.1374007,7.0482373,17z\/data=!3m1!4b1!4m6!3m5!1s0x4789b6e00be82cad:0x6a6ba055da09421d!8m2!3d45.1373969!4d7.0508122!16s%2Fg%2F1ptxmrm25?entry=ttu&amp;g_ep=EgoyMDI0MDkxOC4xIKXMDSoASAFQAw%3D%3D' class='avia-button av-m1fchgcf-263352bdc7d0316e765b8661d6aec394 avia-icon_select-no avia-size-small avia-font-color-theme-color' target=\"_blank\" rel=\"noopener noreferrer\" aria-label=\"Carte\"><span class='avia_iconbox_title' >Carte<\/span><span class='avia_button_background avia-button avia-color-theme-color-highlight' ><\/span><\/a>\n<\/div><\/p><\/div><div class='av-flex-placeholder'><\/div>\n<style type=\"text\/css\" data-created_by=\"avia_inline_auto\" id=\"style-css-av-3wom5m-cc969268dc159129287d3a163ceb47bf\">\n.flex_column.av-3wom5m-cc969268dc159129287d3a163ceb47bf{\nwidth:31%;\nmargin-left:0;\n}\n#top .flex_column_table.av-equal-height-column-flextable.av-3wom5m-cc969268dc159129287d3a163ceb47bf .av-flex-placeholder{\nwidth:3.5%;\n}\n<\/style>\n<div  class='flex_column av-3wom5m-cc969268dc159129287d3a163ceb47bf av_one_third  avia-builder-el-22  el_after_av_one_third  el_before_av_one_third  skihireboxes flex_column_table_cell av-equal-height-column av-align-middle  '     ><section  class='av_textblock_section av-m1fceggg-d980d444f4234b444713299db4586ee4 '   itemscope=\"itemscope\" itemtype=\"https:\/\/schema.org\/CreativeWork\" ><div class='avia_textblock'  itemprop=\"text\" ><p style=\"text-align: center;\"><strong>H\u00f4pital<\/strong><br \/>\n24 Av. Adrien Daurelle<br \/>\nBRIANCON (FR)<br \/>\nTel. +33 492 25 25 25<\/p>\n<\/div><\/section><br \/>\n<div  class='avia-buttonrow-wrap av-m1fci4fb-a2003646d48a776cd89f859e89af50b3 avia-buttonrow-center  avia-builder-el-24  el_after_av_textblock  avia-builder-el-last '>\n\n<style type=\"text\/css\" data-created_by=\"avia_inline_auto\" id=\"style-css-av-m1fci3d4-edf8ed6c83802d9c897ec389558f2bf7\">\n#top #wrap_all .avia-button.av-m1fci3d4-edf8ed6c83802d9c897ec389558f2bf7{\nbackground-color:#2693e6;\nborder-color:#2693e6;\ntransition:all 0.4s ease-in-out;\nmargin-bottom:5px;\nmargin-right:3px;\nmargin-left:3px;\n}\n#top #wrap_all .avia-button.av-m1fci3d4-edf8ed6c83802d9c897ec389558f2bf7:hover{\ncolor:white;\ntransition:all 0.4s ease-in-out;\n}\n<\/style>\n<a href='https:\/\/www.google.fr\/maps\/place\/Hospital+Center+Des+Escartons\/@44.9062678,6.6303228,17z\/data=!3m2!4b1!5s0x4789e4f1fc509b9b:0x381be7e8a12a38c5!4m6!3m5!1s0x4789e4ee0301825f:0x43a8d415a086647a!8m2!3d44.906264!4d6.6328977!16s%2Fg%2F1thvfv3v?entry=ttu&amp;g_ep=EgoyMDI0MDkxOC4xIKXMDSoASAFQAw%3D%3D' class='avia-button av-m1fci3d4-edf8ed6c83802d9c897ec389558f2bf7 avia-icon_select-no avia-size-small avia-font-color-theme-color' target=\"_blank\" rel=\"noopener noreferrer\" aria-label=\"Carte\"><span class='avia_iconbox_title' >Carte<\/span><span class='avia_button_background avia-button avia-color-theme-color-highlight' ><\/span><\/a>\n<\/div><\/p><\/div><div class='av-flex-placeholder'><\/div>\n<style type=\"text\/css\" data-created_by=\"avia_inline_auto\" id=\"style-css-av-384zyy-8e6e44cd013cc4a4ccf8e7644d3be4f4\">\n.flex_column.av-384zyy-8e6e44cd013cc4a4ccf8e7644d3be4f4{\nwidth:31%;\nmargin-left:0;\n}\n#top .flex_column_table.av-equal-height-column-flextable.av-384zyy-8e6e44cd013cc4a4ccf8e7644d3be4f4 .av-flex-placeholder{\nwidth:3.5%;\n}\n<\/style>\n<div  class='flex_column av-384zyy-8e6e44cd013cc4a4ccf8e7644d3be4f4 av_one_third  avia-builder-el-25  el_after_av_one_third  el_before_av_one_third  skihireboxes flex_column_table_cell av-equal-height-column av-align-middle  '     ><section  class='av_textblock_section av-m1fcff5b-7f6a1133fe57ac2ace7783d4e74fd5d5 '   itemscope=\"itemscope\" itemtype=\"https:\/\/schema.org\/CreativeWork\" ><div class='avia_textblock'  itemprop=\"text\" ><p style=\"text-align: center;\"><strong>Centre de Traumatologie<\/strong><br \/>\n(Priv\u00e9)<br \/>\nP.zza III Rgt. Alpini, 2<br \/>\nSAUZE D&rsquo;OULX<br \/>\nTel. 0122.859602<\/p>\n<\/div><\/section><br \/>\n<div  class='avia-buttonrow-wrap av-m1fcito9-ecb2e1caaa66dbfd64b49f676d1d7c26 avia-buttonrow-center  avia-builder-el-27  el_after_av_textblock  avia-builder-el-last '>\n\n<style type=\"text\/css\" data-created_by=\"avia_inline_auto\" id=\"style-css-av-m1fcisl6-5fdc43b7934ff0bcea22bae8987c0655\">\n#top #wrap_all .avia-button.av-m1fcisl6-5fdc43b7934ff0bcea22bae8987c0655{\nbackground-color:#2693e6;\nborder-color:#2693e6;\ntransition:all 0.4s ease-in-out;\nmargin-bottom:5px;\nmargin-right:3px;\nmargin-left:3px;\n}\n#top #wrap_all .avia-button.av-m1fcisl6-5fdc43b7934ff0bcea22bae8987c0655:hover{\ncolor:white;\ntransition:all 0.4s ease-in-out;\n}\n<\/style>\n<a href='https:\/\/www.google.fr\/maps\/place\/Centro+Traumatologico\/@45.0273844,6.8582055,17z\/data=!3m1!4b1!4m6!3m5!1s0x4789c14173c3db87:0x475d2e8720642808!8m2!3d45.0273806!4d6.8607804!16s%2Fg%2F11ql6k68jn?entry=ttu&amp;g_ep=EgoyMDI0MDkxOC4xIKXMDSoASAFQAw%3D%3D' class='avia-button av-m1fcisl6-5fdc43b7934ff0bcea22bae8987c0655 avia-icon_select-no avia-size-small avia-font-color-theme-color' target=\"_blank\" rel=\"noopener noreferrer\" aria-label=\"Carte\"><span class='avia_iconbox_title' >Carte<\/span><span class='avia_button_background avia-button avia-color-theme-color-highlight' ><\/span><\/a>\n<\/div><\/p><\/div><\/div><!--close column table wrapper. Autoclose: 1 --><div class='flex_column_table av-hqotm-87adf437d14f48a0e45a9573726bec74 sc-av_one_third av-equal-height-column-flextable'>\n<style type=\"text\/css\" data-created_by=\"avia_inline_auto\" id=\"style-css-av-hqotm-87adf437d14f48a0e45a9573726bec74\">\n.flex_column.av-hqotm-87adf437d14f48a0e45a9573726bec74{\nwidth:31%;\nmargin-left:0;\n}\n#top .flex_column_table.av-equal-height-column-flextable.av-hqotm-87adf437d14f48a0e45a9573726bec74 .av-flex-placeholder{\nwidth:3.5%;\n}\n<\/style>\n<div  class='flex_column av-hqotm-87adf437d14f48a0e45a9573726bec74 av_one_third  avia-builder-el-28  el_after_av_one_third  el_before_av_one_third  skihireboxes first flex_column_table_cell av-equal-height-column av-align-middle  column-top-margin'     ><section  class='av_textblock_section av-m1fckfia-d8e61ed9488e7661ae6be21a25777c6d '   itemscope=\"itemscope\" itemtype=\"https:\/\/schema.org\/CreativeWork\" ><div class='avia_textblock'  itemprop=\"text\" ><p style=\"text-align: center;\"><strong>Ambulance<\/strong><br \/>\nPubblica Assistenza<br \/>\nPrivate transfers to\/from the hospital<br \/>\nTEL. 0122.858159<\/p>\n<\/div><\/section><\/div><div class='av-flex-placeholder'><\/div>\n<style type=\"text\/css\" data-created_by=\"avia_inline_auto\" id=\"style-css-av-8mqhu-c22860d1f59354dc0ca4369821e780da\">\n.flex_column.av-8mqhu-c22860d1f59354dc0ca4369821e780da{\nwidth:31%;\nmargin-left:0;\n}\n#top .flex_column_table.av-equal-height-column-flextable.av-8mqhu-c22860d1f59354dc0ca4369821e780da .av-flex-placeholder{\nwidth:3.5%;\n}\n<\/style>\n<div  class='flex_column av-8mqhu-c22860d1f59354dc0ca4369821e780da av_one_third  avia-builder-el-30  el_after_av_one_third  el_before_av_one_third  skihireboxes flex_column_table_cell av-equal-height-column av-align-middle  column-top-margin'     ><section  class='av_textblock_section av-m1fclial-b2d50f83b204781ce25f9a6a6f78d34e '   itemscope=\"itemscope\" itemtype=\"https:\/\/schema.org\/CreativeWork\" ><div class='avia_textblock'  itemprop=\"text\" ><p style=\"text-align: center;\"><strong>Secours en montagne<\/strong><br \/>\nTelephone 112<\/p>\n<\/div><\/section><\/div><div class='av-flex-placeholder'><\/div>\n<style type=\"text\/css\" data-created_by=\"avia_inline_auto\" id=\"style-css-av-2ld6uq-410e0803f951b501c35590f9f10fef24\">\n.flex_column.av-2ld6uq-410e0803f951b501c35590f9f10fef24{\nwidth:31%;\nmargin-left:0;\n}\n#top .flex_column_table.av-equal-height-column-flextable.av-2ld6uq-410e0803f951b501c35590f9f10fef24 .av-flex-placeholder{\nwidth:3.5%;\n}\n<\/style>\n<div  class='flex_column av-2ld6uq-410e0803f951b501c35590f9f10fef24 av_one_third  avia-builder-el-32  el_after_av_one_third  avia-builder-el-last  flex_column_table_cell av-equal-height-column av-align-middle  column-top-margin'     ><\/div><\/div><!--close column table wrapper. Autoclose: 1 -->\n\n","protected":false},"excerpt":{"rendered":"","protected":false},"author":1,"featured_media":0,"parent":0,"menu_order":0,"comment_status":"closed","ping_status":"closed","template":"","meta":{"footnotes":""},"class_list":["post-4553","page","type-page","status-publish","hentry"],"_links":{"self":[{"href":"https:\/\/sauzedoulx.net\/fr\/wp-json\/wp\/v2\/pages\/4553","targetHints":{"allow":["GET"]}}],"collection":[{"href":"https:\/\/sauzedoulx.net\/fr\/wp-json\/wp\/v2\/pages"}],"about":[{"href":"https:\/\/sauzedoulx.net\/fr\/wp-json\/wp\/v2\/types\/page"}],"author":[{"embeddable":true,"href":"https:\/\/sauzedoulx.net\/fr\/wp-json\/wp\/v2\/users\/1"}],"replies":[{"embeddable":true,"href":"https:\/\/sauzedoulx.net\/fr\/wp-json\/wp\/v2\/comments?post=4553"}],"version-history":[{"count":0,"href":"https:\/\/sauzedoulx.net\/fr\/wp-json\/wp\/v2\/pages\/4553\/revisions"}],"wp:attachment":[{"href":"https:\/\/sauzedoulx.net\/fr\/wp-json\/wp\/v2\/media?parent=4553"}],"curies":[{"name":"wp","href":"https:\/\/api.w.org\/{rel}","templated":true}]}}