{"id":4573,"date":"2024-06-09T11:13:52","date_gmt":"2024-06-09T11:13:52","guid":{"rendered":"https:\/\/sauzedoulx.net\/briancon\/"},"modified":"2024-11-13T21:02:40","modified_gmt":"2024-11-13T21:02:40","slug":"briancon","status":"publish","type":"page","link":"https:\/\/sauzedoulx.net\/fr\/quoi-visiter\/briancon\/","title":{"rendered":"Brian\u00e7on"},"content":{"rendered":"\n<style type=\"text\/css\" data-created_by=\"avia_inline_auto\" id=\"style-css-av-m019r3k9-61c9479803db7ba115c6093e47305c15\">\n.avia-section.av-m019r3k9-61c9479803db7ba115c6093e47305c15{\nbackground-repeat:no-repeat;\nbackground-image:url(https:\/\/sauzedoulx.net\/wp-content\/uploads\/2024\/08\/Briancon_-_panoramio.jpg);\nbackground-position:50% 50%;\nbackground-attachment:scroll;\n}\n<\/style>\n<div id='av_section_1'  class='avia-section av-m019r3k9-61c9479803db7ba115c6093e47305c15 main_color avia-section-default avia-no-border-styling  avia-builder-el-0  el_before_av_layout_row  avia-builder-el-first  av-medium-hide av-small-hide av-mini-hide avia-full-stretch avia-bg-style-scroll av-minimum-height av-minimum-height-50 av-height-50  container_wrap fullsize'  data-section-bg-repeat='stretch' data-av_minimum_height_pc='50' data-av_min_height_opt='50'><div class='container av-section-cont-open' ><main  role=\"main\" itemprop=\"mainContentOfPage\"  class='template-page content  av-content-full alpha units'><div class='post-entry post-entry-type-page post-entry-4573'><div class='entry-content-wrapper clearfix'>\n<\/div><\/div><\/main><!-- close content main element --><\/div><\/div><div id='av-layout-grid-1'  class='av-layout-grid-container av-50afob-67d74b28af9169685ec5e170cb3343e2 entry-content-wrapper main_color av-fixed-cells  avia-builder-el-1  el_after_av_section  el_before_av_section  av-cell-min-height av-cell-min-height-50 grid-row-not-first av-desktop-hide container_wrap fullsize'   data-av_minimum_height_pc='50'>\n\n<style type=\"text\/css\" data-created_by=\"avia_inline_auto\" id=\"style-css-av-m019rgal-fc8110ebeca4995cbf34cc1f07c3d4a8\">\n.flex_cell.av-m019rgal-fc8110ebeca4995cbf34cc1f07c3d4a8{\nvertical-align:top;\nbackground:url(https:\/\/sauzedoulx.net\/wp-content\/uploads\/2024\/08\/Briancon_-_panoramio-1030x460.jpg) 50% 50% no-repeat scroll ;\n}\n.responsive #top #wrap_all .flex_cell.av-m019rgal-fc8110ebeca4995cbf34cc1f07c3d4a8{\npadding:0px 0px 0px 0px !important;\n}\n<\/style>\n<div class='flex_cell av-m019rgal-fc8110ebeca4995cbf34cc1f07c3d4a8 av-gridrow-cell av_one_full no_margin  avia-builder-el-2  avia-builder-el-no-sibling  av-zero-padding avia-full-stretch'  ><div class='flex_cell_inner'><\/div><\/div>\n<\/div>\n\n<style type=\"text\/css\" data-created_by=\"avia_inline_auto\" id=\"style-css-av-4xod3n-b88990eaa32fc43d3371285c600056a9\">\n.avia-section.av-4xod3n-b88990eaa32fc43d3371285c600056a9{\nbackground-color:#f8f8f8;\nbackground-image:unset;\n}\n<\/style>\n<div id='av_section_2'  class='avia-section av-4xod3n-b88990eaa32fc43d3371285c600056a9 main_color avia-section-default avia-no-shadow  avia-builder-el-3  el_after_av_layout_row  el_before_av_section  avia-bg-style-scroll container_wrap fullsize'  ><div class='container av-section-cont-open' ><div class='template-page content  av-content-full alpha units'><div class='post-entry post-entry-type-page post-entry-4573'><div class='entry-content-wrapper clearfix'>\n<div  class='flex_column av-h2siz-7b4b4b4f5065662455ca3b3ce7a8da6e av_one_full  avia-builder-el-4  avia-builder-el-no-sibling  first flex_column_div  '     ><section  class='av_textblock_section av-m019pfyh-fed93844f9112d00279c318b4ef8c9c7 '   itemscope=\"itemscope\" itemtype=\"https:\/\/schema.org\/CreativeWork\" ><div class='avia_textblock'  itemprop=\"text\" ><h1 style=\"text-align: center;\">Brian\u00e7on<\/h1>\n<\/div><\/section><\/div>\n\n<p><\/div><\/div><\/div><!-- close content main div --><\/div><\/div>\n<style type=\"text\/css\" data-created_by=\"avia_inline_auto\" id=\"style-css-av-ddo37-e1878283d3e5d116e790f3ad9b82ada6\">\n.avia-section.av-ddo37-e1878283d3e5d116e790f3ad9b82ada6{\nbackground-color:#ffffff;\nbackground-image:unset;\n}\n<\/style>\n<div id='av_section_3'  class='avia-section av-ddo37-e1878283d3e5d116e790f3ad9b82ada6 main_color avia-section-default avia-no-shadow  avia-builder-el-6  el_after_av_section  el_before_av_section  avia-bg-style-scroll container_wrap fullsize'  ><div class='container av-section-cont-open' ><div class='template-page content  av-content-full alpha units'><div class='post-entry post-entry-type-page post-entry-4573'><div class='entry-content-wrapper clearfix'>\n<div  class='flex_column av-7gta3-f55672ed57ffa36876d63537da24bf1e av_one_full  avia-builder-el-7  avia-builder-el-no-sibling  first flex_column_div  '     ><section  class='av_textblock_section av-m01aex1u-a60ff2c503d69e87d8710fb814713ce1 '   itemscope=\"itemscope\" itemtype=\"https:\/\/schema.org\/CreativeWork\" ><div class='avia_textblock'  itemprop=\"text\" ><p style=\"text-align: center;\">Situ\u00e9e \u00e0 1 326 m\u00e8tres d\u2019altitude, \u00e0 la confluence de cinq vall\u00e9es, Brian\u00e7on est la ville la plus haute de France. Brian\u00e7on est une ville des Hautes-Alpes situ\u00e9e \u00e0 une quinzaine de kilom\u00e8tres de la fronti\u00e8re italienne (45 minutes en voiture). Entour\u00e9e comme il se doit d\u2019une enceinte fortifi\u00e9e, la ville haute est cern\u00e9e par de belles portes (de Pignerol, Dauphine et d\u2019Embrun). Les habitations sont hautes, color\u00e9es, pr\u00e9sentant souvent des fa\u00e7ades et frontons remarquables.  <\/p>\n<p style=\"text-align: center;\">On remarquera par ailleurs que deux canalisations \u00e0 ciel ouvert traversent la ville de haut en bas, am\u00e9nag\u00e9es au Moyen \u00c2ge pour mieux lutter contre les incendies. D\u00e9nomm\u00e9es la Grande et la Petite Gargouille, elles concentrent sur leur longueur les principaux commerces. Cette ville d\u2019art et d\u2019histoire, fortifi\u00e9e par <a class=\"mw-redirect\" title=\"Vauban\" href=\"https:\/\/en.wikipedia.org\/wiki\/Vauban\">Vauban<\/a> au <a title=\"Autrichiens\" href=\"https:\/\/en.wikipedia.org\/wiki\/Austrians\">XVIII<\/a>esi\u00e8cle, e<a title=\"Col de Montgen\u00e8vre\" href=\"https:\/\/en.wikipedia.org\/wiki\/Col_de_Montgen%C3%A8vre\">st<\/a> aujourd<a class=\"mw-redirect\" title=\"Fort Janus\" href=\"https:\/\/en.wikipedia.org\/wiki\/Fort_Janus\">\u2019hui <\/a> class\u00e9e au patrimoine mondial de l\u2019UNESCO.    <\/p>\n<p style=\"text-align: center;\">Cette ville d\u2019art et d\u2019histoire, fortifi\u00e9e par Vauban au XVIIIesi\u00e8cle, est aujourd\u2019hui class\u00e9e au <a class=\"mw-redirect\" title=\"Sites du patrimoine mondial\" href=\"https:\/\/en.wikipedia.org\/wiki\/World_Heritage_Sites\">patrimoine mondial <\/a> de l\u2019<a title=\"UNESCO\" href=\"https:\/\/en.wikipedia.org\/wiki\/UNESCO\">UNESCO<\/a>.<\/p>\n<div class=\"credittext\" style=\"text-align: center;\">Top Image: <a href=\"https:\/\/commons.wikimedia.org\/wiki\/File:Briancon_-_panoramio.jpg\">Carsten Wiehe<\/a>, <a href=\"https:\/\/creativecommons.org\/licenses\/by-sa\/3.0\">CC BY-SA 3.0<\/a>, via Wikimedia Commons<\/div>\n<\/div><\/section><br \/>\n<div  class='avia-button-wrap av-m01aiy6c-7357e3b68e218108ada5b4be1702470f-wrap avia-button-center  avia-builder-el-9  el_after_av_textblock  avia-builder-el-last '>\n<style type=\"text\/css\" data-created_by=\"avia_inline_auto\" id=\"style-css-av-m01aiy6c-7357e3b68e218108ada5b4be1702470f\">\n#top #wrap_all .avia-button.av-m01aiy6c-7357e3b68e218108ada5b4be1702470f{\nbackground-color:#2588dc;\nborder-color:#2588dc;\ntransition:all 0.4s ease-in-out;\nmargin:25px 0 0 0;\n}\n#top #wrap_all .avia-button.av-m01aiy6c-7357e3b68e218108ada5b4be1702470f:hover{\ncolor:white;\ntransition:all 0.4s ease-in-out;\n}\n<\/style>\n<a href='https:\/\/www.google.com\/maps\/dir\/Sauze+d\u2019Oulx,+10050+Metropolitan+City+of+Turin\/05100+Brian%C3%A7on,+France\/@44.9580708,6.6911473,12z\/data=!4m14!4m13!1m5!1m1!1s0x4789c165a17ae813:0x81806c63fd9fb868!2m2!1d6.858403!2d45.0267503!1m5!1m1!1s0x4789e46803744111:0x40819a5fd97a9a0!2m2!1d6.643179!2d44.899416!3e0?entry=ttu' class='avia-button av-m01aiy6c-7357e3b68e218108ada5b4be1702470f av-link-btn avia-icon_select-yes-left-icon avia-size-large avia-position-center avia-font-color-theme-color' target=\"_blank\" rel=\"noopener noreferrer\" aria-label=\"DIRECTIONS\"><span class='avia_button_icon avia_button_icon_left' aria-hidden='true' data-av_icon='\ue835' data-av_iconfont='entypo-fontello'><\/span><span class='avia_iconbox_title' >DIRECTIONS<\/span><span class='avia_button_background avia-button avia-color-theme-color-highlight' ><\/span><\/a><\/div><\/p><\/div>\n<\/div><\/div><\/div><!-- close content main div --><\/div><\/div>\n<style type=\"text\/css\" data-created_by=\"avia_inline_auto\" id=\"style-css-av-gnann-d377f99891ec7ccf304d88655cd42543\">\n.avia-section.av-gnann-d377f99891ec7ccf304d88655cd42543{\nbackground-color:#f8f8f8;\nbackground-image:unset;\n}\n<\/style>\n<div id='av_section_4'  class='avia-section av-gnann-d377f99891ec7ccf304d88655cd42543 main_color avia-section-default avia-no-shadow  avia-builder-el-10  el_after_av_section  el_before_av_section  avia-bg-style-scroll container_wrap fullsize'  ><div class='container av-section-cont-open' ><div class='template-page content  av-content-full alpha units'><div class='post-entry post-entry-type-page post-entry-4573'><div class='entry-content-wrapper clearfix'>\n<section  class='av_textblock_section av-m01ad5ri-f4a290a86d6dc228a78fabdde8add5a3 '   itemscope=\"itemscope\" itemtype=\"https:\/\/schema.org\/CreativeWork\" ><div class='avia_textblock'  itemprop=\"text\" ><h3 style=\"text-align: center;\">Notre Dame et Saint Nicolas de Brian\u00e7on<\/h3>\n<\/div><\/section>\n<div  class='flex_column av-9sokj-d4b705c267f35b4b27be1f8fc2ba3ebe av_one_full  avia-builder-el-12  el_after_av_textblock  avia-builder-el-last  first flex_column_div  column-top-margin'     ><p>\n<style type=\"text\/css\" data-created_by=\"avia_inline_auto\" id=\"style-css-av-m01a2xaw-4a6358ae7543d0c4f0fcfbdabb402056\">\n.avia-image-container.av-m01a2xaw-4a6358ae7543d0c4f0fcfbdabb402056 img.avia_image{\nbox-shadow:none;\n}\n.avia-image-container.av-m01a2xaw-4a6358ae7543d0c4f0fcfbdabb402056 .av-image-caption-overlay-center{\ncolor:#ffffff;\n}\n<\/style>\n<div  class='avia-image-container av-m01a2xaw-4a6358ae7543d0c4f0fcfbdabb402056 av-styling- avia-align-center  avia-builder-el-13  el_before_av_textblock  avia-builder-el-first '   itemprop=\"image\" itemscope=\"itemscope\" itemtype=\"https:\/\/schema.org\/ImageObject\" ><div class=\"avia-image-container-inner\"><div class=\"avia-image-overlay-wrap\"><img decoding=\"async\" fetchpriority=\"high\" class='wp-image-1882 avia-img-lazy-loading-not-1882 avia_image ' src=\"https:\/\/sauzedoulx.net\/wp-content\/uploads\/2024\/08\/1024px-Briancon._2018-03-03_17-02-09.jpg\" alt='' title='1024px-Brian\u00e7on._2018-03-03_17-02-09'  height=\"683\" width=\"1024\"  itemprop=\"thumbnailUrl\" srcset=\"https:\/\/sauzedoulx.net\/wp-content\/uploads\/2024\/08\/1024px-Briancon._2018-03-03_17-02-09.jpg 1024w, https:\/\/sauzedoulx.net\/wp-content\/uploads\/2024\/08\/1024px-Briancon._2018-03-03_17-02-09-300x200.jpg 300w, https:\/\/sauzedoulx.net\/wp-content\/uploads\/2024\/08\/1024px-Briancon._2018-03-03_17-02-09-768x512.jpg 768w, https:\/\/sauzedoulx.net\/wp-content\/uploads\/2024\/08\/1024px-Briancon._2018-03-03_17-02-09-705x470.jpg 705w\" sizes=\"(max-width: 1024px) 100vw, 1024px\" \/><\/div><\/div><\/div><br \/>\n<section  class='av_textblock_section av-m01a3skj-56f8dd0cacaede6a0c87fb08fd352372 '   itemscope=\"itemscope\" itemtype=\"https:\/\/schema.org\/CreativeWork\" ><div class='avia_textblock'  itemprop=\"text\" ><div class=\"credittext\" style=\"text-align: center;\">Image:<a href=\"https:\/\/commons.wikimedia.org\/wiki\/File:Brian%C3%A7on._2018-03-03_17-02-09.jpg\">Shesmax<\/a>, <a href=\"https:\/\/creativecommons.org\/licenses\/by-sa\/4.0\">CC BY-SA 4.0<\/a>, via Wikimedia Commons<\/div>\n<\/div><\/section><\/p><\/div>\n<\/p>\n<\/div><\/div><\/div><!-- close content main div --><\/div><\/div>\n<style type=\"text\/css\" data-created_by=\"avia_inline_auto\" id=\"style-css-av-4kryqj-54fe10d61f4ca485652fce75d9cc39d0\">\n.avia-section.av-4kryqj-54fe10d61f4ca485652fce75d9cc39d0{\nbackground-color:#ffffff;\nbackground-image:unset;\n}\n<\/style>\n<div id='av_section_5'  class='avia-section av-4kryqj-54fe10d61f4ca485652fce75d9cc39d0 main_color avia-section-default avia-no-shadow  avia-builder-el-15  el_after_av_section  avia-builder-el-last  avia-bg-style-scroll container_wrap fullsize'  ><div class='container av-section-cont-open' ><div class='template-page content  av-content-full alpha units'><div class='post-entry post-entry-type-page post-entry-4573'><div class='entry-content-wrapper clearfix'>\n<div class='flex_column_table av-4g151n-afec158a8bdf0231ec7a55adf49afdcb sc-av_one_full av-equal-height-column-flextable'>\n<style type=\"text\/css\" data-created_by=\"avia_inline_auto\" id=\"style-css-av-4g151n-afec158a8bdf0231ec7a55adf49afdcb\">\n.flex_column.av-4g151n-afec158a8bdf0231ec7a55adf49afdcb{\nwidth:100%;\nmargin-left:0;\n}\n#top .flex_column_table.av-equal-height-column-flextable.av-4g151n-afec158a8bdf0231ec7a55adf49afdcb .av-flex-placeholder{\nwidth:0%;\n}\n<\/style>\n<div  class='flex_column av-4g151n-afec158a8bdf0231ec7a55adf49afdcb av_one_full  avia-builder-el-16  avia-builder-el-no-sibling  first flex_column_table_cell av-equal-height-column av-align-middle  '     ><section  class='av_textblock_section av-3g67a3-0b0687eb17c9d9ada358f273ec905a3e '   itemscope=\"itemscope\" itemtype=\"https:\/\/schema.org\/CreativeWork\" ><div class='avia_textblock'  itemprop=\"text\" ><p><iframe loading=\"lazy\" width=\"100%\" height=\"550\" src=\"https:\/\/www.openstreetmap.org\/export\/embed.html?bbox=6.51815414428711%2C44.839316876761046%2C6.744747161865235%2C44.95896767517053&amp;layer=mapnik&amp;marker=44.89917339957242%2C6.631450653076172\" style=\"border: 1px solid black\"><\/iframe><br \/>\n<small><a href=\"https:\/\/www.openstreetmap.org\/?mlat=44.89917&amp;mlon=6.63145#map=13\/44.89917\/6.63145\">Agrandir la carte<\/a><\/small><\/p>\n<\/div><\/section><\/div><\/div><!--close column table wrapper. Autoclose: 1 -->\n\n","protected":false},"excerpt":{"rendered":"","protected":false},"author":1,"featured_media":0,"parent":4620,"menu_order":0,"comment_status":"closed","ping_status":"closed","template":"","meta":{"footnotes":""},"class_list":["post-4573","page","type-page","status-publish","hentry"],"_links":{"self":[{"href":"https:\/\/sauzedoulx.net\/fr\/wp-json\/wp\/v2\/pages\/4573","targetHints":{"allow":["GET"]}}],"collection":[{"href":"https:\/\/sauzedoulx.net\/fr\/wp-json\/wp\/v2\/pages"}],"about":[{"href":"https:\/\/sauzedoulx.net\/fr\/wp-json\/wp\/v2\/types\/page"}],"author":[{"embeddable":true,"href":"https:\/\/sauzedoulx.net\/fr\/wp-json\/wp\/v2\/users\/1"}],"replies":[{"embeddable":true,"href":"https:\/\/sauzedoulx.net\/fr\/wp-json\/wp\/v2\/comments?post=4573"}],"version-history":[{"count":0,"href":"https:\/\/sauzedoulx.net\/fr\/wp-json\/wp\/v2\/pages\/4573\/revisions"}],"up":[{"embeddable":true,"href":"https:\/\/sauzedoulx.net\/fr\/wp-json\/wp\/v2\/pages\/4620"}],"wp:attachment":[{"href":"https:\/\/sauzedoulx.net\/fr\/wp-json\/wp\/v2\/media?parent=4573"}],"curies":[{"name":"wp","href":"https:\/\/api.w.org\/{rel}","templated":true}]}}