{"id":4591,"date":"2024-06-09T11:14:26","date_gmt":"2024-06-09T11:14:26","guid":{"rendered":"https:\/\/sauzedoulx.net\/sacra-di-san-michele\/"},"modified":"2024-11-13T21:02:40","modified_gmt":"2024-11-13T21:02:40","slug":"sacra-di-san-michele","status":"publish","type":"page","link":"https:\/\/sauzedoulx.net\/fr\/quoi-visiter\/sacra-di-san-michele\/","title":{"rendered":"Sacra di San Michele"},"content":{"rendered":"\n<style type=\"text\/css\" data-created_by=\"avia_inline_auto\" id=\"style-css-av-m0fp4nb1-3dbd882db6d7512747ab6b6533ecc2f0\">\n.avia-section.av-m0fp4nb1-3dbd882db6d7512747ab6b6533ecc2f0{\nbackground-repeat:no-repeat;\nbackground-image:url(https:\/\/sauzedoulx.net\/wp-content\/uploads\/2024\/08\/sacra-san-michele.jpg);\nbackground-position:50% 50%;\nbackground-attachment:scroll;\n}\n<\/style>\n<div id='av_section_1'  class='avia-section av-m0fp4nb1-3dbd882db6d7512747ab6b6533ecc2f0 main_color avia-section-default avia-no-border-styling  avia-builder-el-0  el_before_av_layout_row  avia-builder-el-first  av-medium-hide av-small-hide av-mini-hide avia-full-stretch avia-bg-style-scroll av-minimum-height av-minimum-height-50 av-height-50  container_wrap fullsize'  data-section-bg-repeat='stretch' data-av_minimum_height_pc='50' data-av_min_height_opt='50'><div class='container av-section-cont-open' ><main  role=\"main\" itemprop=\"mainContentOfPage\"  class='template-page content  av-content-full alpha units'><div class='post-entry post-entry-type-page post-entry-4591'><div class='entry-content-wrapper clearfix'>\n<\/div><\/div><\/main><!-- close content main element --><\/div><\/div><div id='av-layout-grid-1'  class='av-layout-grid-container av-y9d1p-b1eb993b2a1792ac886ef53e61e8c7eb entry-content-wrapper main_color av-fixed-cells  avia-builder-el-1  el_after_av_section  el_before_av_section  av-cell-min-height av-cell-min-height-50 grid-row-not-first av-desktop-hide container_wrap fullsize'   data-av_minimum_height_pc='50'>\n\n<style type=\"text\/css\" data-created_by=\"avia_inline_auto\" id=\"style-css-av-m0fp4zlj-1eed3e8e0503797c383a911edbe930af\">\n.flex_cell.av-m0fp4zlj-1eed3e8e0503797c383a911edbe930af{\nvertical-align:top;\nbackground:url(https:\/\/sauzedoulx.net\/wp-content\/uploads\/2024\/08\/sacra-san-michele-1030x481.jpg) 50% 50% no-repeat scroll ;\n}\n.responsive #top #wrap_all .flex_cell.av-m0fp4zlj-1eed3e8e0503797c383a911edbe930af{\npadding:0px 0px 0px 0px !important;\n}\n<\/style>\n<div class='flex_cell av-m0fp4zlj-1eed3e8e0503797c383a911edbe930af av-gridrow-cell av_one_full no_margin  avia-builder-el-2  avia-builder-el-no-sibling  av-zero-padding avia-full-stretch'  ><div class='flex_cell_inner'><\/div><\/div>\n<\/div>\n\n<style type=\"text\/css\" data-created_by=\"avia_inline_auto\" id=\"style-css-av-m0fp27zu-49fbdf362ab93f9fb3b93b3f0a90ce83\">\n.avia-section.av-m0fp27zu-49fbdf362ab93f9fb3b93b3f0a90ce83{\nbackground-color:#ffffff;\nbackground-image:unset;\n}\n<\/style>\n<div id='av_section_2'  class='avia-section av-m0fp27zu-49fbdf362ab93f9fb3b93b3f0a90ce83 main_color avia-section-default avia-no-border-styling  avia-builder-el-3  el_after_av_layout_row  el_before_av_section  avia-bg-style-scroll container_wrap fullsize'  ><div class='container av-section-cont-open' ><div class='template-page content  av-content-full alpha units'><div class='post-entry post-entry-type-page post-entry-4591'><div class='entry-content-wrapper clearfix'>\n<section  class='av_textblock_section av-m0fox7dl-a459f32def49b9549153b3ddda4f21fe '   itemscope=\"itemscope\" itemtype=\"https:\/\/schema.org\/CreativeWork\" ><div class='avia_textblock'  itemprop=\"text\" ><h1 c=\"\" style=\"text-align: center;\">Sacra di San Michele<\/h1>\n<p style=\"text-align: center;\">\n<\/div><\/section>\n\n<\/div><\/div><\/div><!-- close content main div --><\/div><\/div>\n<style type=\"text\/css\" data-created_by=\"avia_inline_auto\" id=\"style-css-av-swb79-dff0dc1da7a9363df2b438d26edfe324\">\n.avia-section.av-swb79-dff0dc1da7a9363df2b438d26edfe324{\nbackground-color:#f8f8f8;\nbackground-image:unset;\n}\n<\/style>\n<div id='spaday'  class='avia-section av-swb79-dff0dc1da7a9363df2b438d26edfe324 main_color avia-section-default avia-no-shadow  avia-builder-el-5  el_after_av_section  avia-builder-el-last  avia-bg-style-scroll container_wrap fullsize'  ><div class='container av-section-cont-open' ><div class='template-page content  av-content-full alpha units'><div class='post-entry post-entry-type-page post-entry-4591'><div class='entry-content-wrapper clearfix'>\n<div class='flex_column_table av-m4xml-7d8ca36b78db3d8edf43bc0ca571d184 sc-av_one_half av-equal-height-column-flextable'>\n<style type=\"text\/css\" data-created_by=\"avia_inline_auto\" id=\"style-css-av-m4xml-7d8ca36b78db3d8edf43bc0ca571d184\">\n.flex_column.av-m4xml-7d8ca36b78db3d8edf43bc0ca571d184{\nwidth:47.5%;\nmargin-left:0;\n}\n#top .flex_column_table.av-equal-height-column-flextable.av-m4xml-7d8ca36b78db3d8edf43bc0ca571d184 .av-flex-placeholder{\nwidth:5%;\n}\n<\/style>\n<div  class='flex_column av-m4xml-7d8ca36b78db3d8edf43bc0ca571d184 av_one_half  avia-builder-el-6  el_before_av_one_half  avia-builder-el-first  first flex_column_table_cell av-equal-height-column av-align-middle  '     ><div  class='avia-video av-m0fp15qn-48db2d1037b19662e97c7e16637fbb98 avia-video-16-9 av-no-preview-image avia-video-load-always av-lazyload-immediate av-lazyload-video-embed'  itemprop=\"video\" itemtype=\"https:\/\/schema.org\/VideoObject\"  data-original_url='https:\/\/www.youtube.com\/watch?v=iREWvEpvNSc'><script type='text\/html' class='av-video-tmpl'><div class='avia-iframe-wrap'><iframe loading=\"lazy\" title=\"Saint Michael&#039;s Abbey (Sacra di San Michele), Sant&#039;ambrogio di Torino, Piedmont, Italy\" width=\"1500\" height=\"844\" src=\"https:\/\/www.youtube.com\/embed\/iREWvEpvNSc?feature=oembed&autoplay=0&loop=0&controls=1&mute=0\" frameborder=\"0\" allow=\"accelerometer; autoplay; clipboard-write; encrypted-media; gyroscope; picture-in-picture; web-share\" referrerpolicy=\"strict-origin-when-cross-origin\" allowfullscreen><\/iframe><\/div><\/script><div class='av-click-to-play-overlay'><div class=\"avia_playpause_icon\"><\/div><\/div><\/div><\/div><div class='av-flex-placeholder'><\/div>\n<style type=\"text\/css\" data-created_by=\"avia_inline_auto\" id=\"style-css-av-e8fcd-3304e27c7b3a38f38c8350038c607f35\">\n.flex_column.av-e8fcd-3304e27c7b3a38f38c8350038c607f35{\nwidth:47.5%;\nmargin-left:0;\n}\n#top .flex_column_table.av-equal-height-column-flextable.av-e8fcd-3304e27c7b3a38f38c8350038c607f35 .av-flex-placeholder{\nwidth:5%;\n}\n<\/style>\n<div  class='flex_column av-e8fcd-3304e27c7b3a38f38c8350038c607f35 av_one_half  avia-builder-el-8  el_after_av_one_half  avia-builder-el-last  flex_column_table_cell av-equal-height-column av-align-middle  '     ><section  class='av_textblock_section av-m0foxu1j-72232ff0937adc0bef3c2750e56534f1 '   itemscope=\"itemscope\" itemtype=\"https:\/\/schema.org\/CreativeWork\" ><div class='avia_textblock'  itemprop=\"text\" ><p style=\"text-align: center;\">Monument symbole de la R\u00e9gion du Piemont ainsi que lieu d\u2019inspiration de l\u2019\u00e9crivain Umberto Eco pour son best-seller Il nome della Rosa, la Sacra di San Michele est une abbaye tr\u00e8s ancienne b\u00e2tie entre 983 et 987 au sommet du mont Pirchiriano, \u00e0 40 km de distance de Turin. <\/p>\n<p style=\"text-align: center;\">A l\u2019int\u00e9rieur de l\u2019Eglise principale de la Sacra, remontant au XII si\u00e8cle, on trouve les s\u00e9pultures des membres de la famille royale de Savoie. Un lieu merveilleux et imbib\u00e9 de spiritualit\u00e9, en origine sous la tutelle des moines b\u00e9n\u00e9dictins, et, apr\u00e8s presque deux si\u00e8cles d\u2019abandon dont sa magnificence n\u2019a pas \u00e9t\u00e9 touch\u00e9e, par les p\u00e8res rosminiens, aujourd\u2019hui aid\u00e9s par un groupe de b\u00e9n\u00e9voles et acolytes. <\/p>\n<p style=\"text-align: center;\">D\u00e9di\u00e9e au culte de l\u2019Archange Michel, d\u00e9fenseur du peuple chr\u00e9tien, la Sacra di San Michele fait partie d\u2019un itin\u00e9raire de p\u00e8lerinage de plus de 2000 km qui relie le Mont Saint-Michel, en France, au Monte Sant\u2019Angelo, aux Pouilles.<\/p>\n<p style=\"text-align: center;\">La Sacra di San Michele propose \u00e0 son public des visites guid\u00e9es et des \u00e9v\u00e9nements sp\u00e9ciaux pendant toute l\u2019ann\u00e9e. Du haut de ses remparts, le panorama sur le Vall\u00e9e de Susa jusqu\u2019au chef-lieu piemontais est \u00e0 couper le souffle.<\/p>\n<p style=\"text-align: center;\">Tout lieu d\u2019int\u00e9r\u00eat historique, architectural et pictural sont accessibles aux personnes handicap\u00e9es.<\/p>\n<p style=\"text-align: center;\">\n<div class=\"credittext\">Image: <a href=\"https:\/\/commons.wikimedia.org\/wiki\/File:La_Sacra_ammantata_dalla_neve.jpg\">Elio Pallard<\/a>, <a href=\"https:\/\/creativecommons.org\/licenses\/by-sa\/4.0\">CC BY-SA 4.0<\/a>, via Wikimedia Commons<\/div>\n<\/div><\/section><br \/>\n<div  class='avia-buttonrow-wrap av-m0fp7xam-f96e41a6ec1bbbc7a83de2a8b7664f52 avia-buttonrow-center  avia-builder-el-10  el_after_av_textblock  avia-builder-el-last '>\n\n<style type=\"text\/css\" data-created_by=\"avia_inline_auto\" id=\"style-css-av-m0fp7wtp-d9ff2ba1652843ecca930bca1a8163ef\">\n#top #wrap_all .avia-button.av-m0fp7wtp-d9ff2ba1652843ecca930bca1a8163ef{\nbackground-color:#2693e6;\nborder-color:#2693e6;\ntransition:all 0.4s ease-in-out;\nmargin-bottom:5px;\nmargin-right:3px;\nmargin-left:3px;\n}\n#top #wrap_all .avia-button.av-m0fp7wtp-d9ff2ba1652843ecca930bca1a8163ef:hover{\ncolor:white;\ntransition:all 0.4s ease-in-out;\n}\n<\/style>\n<a href='https:\/\/sacradisanmichele.com\/en\/' class='avia-button av-m0fp7wtp-d9ff2ba1652843ecca930bca1a8163ef avia-icon_select-yes-left-icon avia-size-large avia-font-color-theme-color' target=\"_blank\" rel=\"noopener noreferrer\" aria-label=\"Site internet\"><span class='avia_button_icon avia_button_icon_left ' aria-hidden='true' data-av_icon='\ue835' data-av_iconfont='entypo-fontello'><\/span><span class='avia_iconbox_title' >Site internet<\/span><span class='avia_button_background avia-button avia-color-theme-color-highlight' ><\/span><\/a>\n<\/div><\/p><\/div><\/div><!--close column table wrapper. Autoclose: 1 -->\n\n","protected":false},"excerpt":{"rendered":"","protected":false},"author":1,"featured_media":0,"parent":4620,"menu_order":0,"comment_status":"closed","ping_status":"closed","template":"","meta":{"footnotes":""},"class_list":["post-4591","page","type-page","status-publish","hentry"],"_links":{"self":[{"href":"https:\/\/sauzedoulx.net\/fr\/wp-json\/wp\/v2\/pages\/4591","targetHints":{"allow":["GET"]}}],"collection":[{"href":"https:\/\/sauzedoulx.net\/fr\/wp-json\/wp\/v2\/pages"}],"about":[{"href":"https:\/\/sauzedoulx.net\/fr\/wp-json\/wp\/v2\/types\/page"}],"author":[{"embeddable":true,"href":"https:\/\/sauzedoulx.net\/fr\/wp-json\/wp\/v2\/users\/1"}],"replies":[{"embeddable":true,"href":"https:\/\/sauzedoulx.net\/fr\/wp-json\/wp\/v2\/comments?post=4591"}],"version-history":[{"count":0,"href":"https:\/\/sauzedoulx.net\/fr\/wp-json\/wp\/v2\/pages\/4591\/revisions"}],"up":[{"embeddable":true,"href":"https:\/\/sauzedoulx.net\/fr\/wp-json\/wp\/v2\/pages\/4620"}],"wp:attachment":[{"href":"https:\/\/sauzedoulx.net\/fr\/wp-json\/wp\/v2\/media?parent=4591"}],"curies":[{"name":"wp","href":"https:\/\/api.w.org\/{rel}","templated":true}]}}