{"id":4609,"date":"2024-06-09T11:15:40","date_gmt":"2024-06-09T11:15:40","guid":{"rendered":"https:\/\/sauzedoulx.net\/via-francigena\/"},"modified":"2024-11-13T21:02:40","modified_gmt":"2024-11-13T21:02:40","slug":"via-francigena","status":"publish","type":"page","link":"https:\/\/sauzedoulx.net\/fr\/quoi-visiter\/via-francigena\/","title":{"rendered":"Via Francigena"},"content":{"rendered":"\n<style type=\"text\/css\" data-created_by=\"avia_inline_auto\" id=\"style-css-av-m0420vo9-51bfcac0dd386cd1f0456984ace05550\">\n.avia-section.av-m0420vo9-51bfcac0dd386cd1f0456984ace05550{\nbackground-repeat:no-repeat;\nbackground-image:url(https:\/\/sauzedoulx.net\/wp-content\/uploads\/2024\/08\/The-Via-Francigena.jpg);\nbackground-position:50% 50%;\nbackground-attachment:scroll;\n}\n.avia-section.av-m0420vo9-51bfcac0dd386cd1f0456984ace05550 .av-section-color-overlay{\nopacity:0.2;\nbackground-color:#0a0a0a;\n}\n<\/style>\n<div id='av_section_1'  class='avia-section av-m0420vo9-51bfcac0dd386cd1f0456984ace05550 main_color avia-section-default avia-no-border-styling  avia-builder-el-0  el_before_av_layout_row  avia-builder-el-first  av-medium-hide av-small-hide av-mini-hide avia-full-stretch avia-bg-style-scroll av-section-color-overlay-active av-minimum-height av-minimum-height-50 av-height-50  container_wrap fullsize'  data-section-bg-repeat='stretch' data-av_minimum_height_pc='50' data-av_min_height_opt='50'><div class=\"av-section-color-overlay-wrap\"><div class=\"av-section-color-overlay\"><\/div><div class='container av-section-cont-open' ><main  role=\"main\" itemprop=\"mainContentOfPage\"  class='template-page content  av-content-full alpha units'><div class='post-entry post-entry-type-page post-entry-4609'><div class='entry-content-wrapper clearfix'>\n<\/div><\/div><\/main><!-- close content main element --><\/div><\/div><\/div><div id='av-layout-grid-1'  class='av-layout-grid-container av-2czvoh-12eff2c208a9e2915a272fa0ae1201e4 entry-content-wrapper main_color av-fixed-cells  avia-builder-el-1  el_after_av_section  el_before_av_section  av-cell-min-height av-cell-min-height-50 grid-row-not-first av-desktop-hide container_wrap fullsize'   data-av_minimum_height_pc='50'>\n\n<style type=\"text\/css\" data-created_by=\"avia_inline_auto\" id=\"style-css-av-m0421b0n-eb714c09ad629bc9f82a2580ab47ffd7\">\n.flex_cell.av-m0421b0n-eb714c09ad629bc9f82a2580ab47ffd7{\nvertical-align:top;\nbackground:url(https:\/\/sauzedoulx.net\/wp-content\/uploads\/2024\/08\/The-Via-Francigena-1030x571.jpg) 50% 50% no-repeat scroll ;\n}\n.responsive #top #wrap_all .flex_cell.av-m0421b0n-eb714c09ad629bc9f82a2580ab47ffd7{\npadding:0px 0px 0px 0px !important;\n}\n<\/style>\n<div class='flex_cell av-m0421b0n-eb714c09ad629bc9f82a2580ab47ffd7 av-gridrow-cell av_one_full no_margin  avia-builder-el-2  avia-builder-el-no-sibling  av-zero-padding avia-full-stretch'  ><div class='flex_cell_inner'><\/div><\/div>\n<\/div>\n\n<style type=\"text\/css\" data-created_by=\"avia_inline_auto\" id=\"style-css-av-mi6hd-a94a751d3d575781071fa2b259f72e7d\">\n.avia-section.av-mi6hd-a94a751d3d575781071fa2b259f72e7d{\nbackground-color:#f8f8f8;\nbackground-image:unset;\n}\n<\/style>\n<div id='av_section_2'  class='avia-section av-mi6hd-a94a751d3d575781071fa2b259f72e7d main_color avia-section-default avia-no-shadow  avia-builder-el-3  el_after_av_layout_row  el_before_av_section  avia-bg-style-scroll container_wrap fullsize'  ><div class='container av-section-cont-open' ><div class='template-page content  av-content-full alpha units'><div class='post-entry post-entry-type-page post-entry-4609'><div class='entry-content-wrapper clearfix'>\n<section  class='av_textblock_section av-m043d447-fbc3535142a6939b627e70253e153366 '   itemscope=\"itemscope\" itemtype=\"https:\/\/schema.org\/CreativeWork\" ><div class='avia_textblock'  itemprop=\"text\" ><h1 style=\"text-align: center;\">Via Francigena<\/h1>\n<\/div><\/section>\n\n<\/div><\/div><\/div><!-- close content main div --><\/div><\/div>\n<style type=\"text\/css\" data-created_by=\"avia_inline_auto\" id=\"style-css-av-oo8o1-dcce6020932457806b803d713ff459b1\">\n.avia-section.av-oo8o1-dcce6020932457806b803d713ff459b1{\nbackground-color:#ffffff;\nbackground-image:unset;\n}\n<\/style>\n<div id='av_section_3'  class='avia-section av-oo8o1-dcce6020932457806b803d713ff459b1 main_color avia-section-default avia-no-shadow  avia-builder-el-5  el_after_av_section  el_before_av_section  avia-bg-style-scroll container_wrap fullsize'  ><div class='container av-section-cont-open' ><div class='template-page content  av-content-full alpha units'><div class='post-entry post-entry-type-page post-entry-4609'><div class='entry-content-wrapper clearfix'>\n<div  class='flex_column av-hfxix-d48a37cb11304a182664628a713bd84b av_one_full  avia-builder-el-6  avia-builder-el-no-sibling  first flex_column_div  '     ><section  class='av_textblock_section av-u709-001a2573d25dc2c9a35937ba08066a35 '   itemscope=\"itemscope\" itemtype=\"https:\/\/schema.org\/CreativeWork\" ><div class='avia_textblock'  itemprop=\"text\" ><p style=\"text-align: center;\">La Via Francigena fait partie d\u2019un ensemble de rues, appel\u00e9es routes de Rome, qui ont conduit de l\u2019Europe occidentale, en particulier de la France ou peut-\u00eatre de Canterbury, \u00e0 Rome. Un itin\u00e9raire d\u2019histoire, une route parcourue dans le pass\u00e9 par des milliers de fid\u00e8les qui ont voyag\u00e9 d\u2019Europe en p\u00e8lerinage \u00e0 Rome, c\u0153ur du christianisme.<\/p>\n<p style=\"text-align: center;\">Quand la domination des Francs succ\u00e9da \u00e0 celle des Lombards, la Via di Monte Bardone fut rebaptis\u00e9e du nom de Via Francigena, c\u2019est \u00e0 dire \u00ab la route qui provient de France \u00bb. C\u2019est durant cette p\u00e9riode que la circulation s\u2019intensifia le long de la Via Francigena, ce qui en fit l\u2019axe de communication principal entre le nord et le sud de l\u2019Europe, le long duquel transitaient marchands, soldats et p\u00e8lerins.La Via joua un r\u00f4le strat\u00e9gique dans le transport vers les march\u00e9s du nord de l\u2019Europe, des marchandises en provenance de l\u2019Orient (soie, \u00e9pices) et \u00e9galement pour l\u2019 \u00e9change de ces produits avec les tissus de Flandre et du Brabant sur les march\u00e9s de Champagne. Au XIII \u00e8me si\u00e8cle, les \u00e9changes commerciaux s\u2019accrurent tellement que de nombreuses voies alternatives \u00e0 la Via Francigena se d\u00e9velopp\u00e8rent ; elle perdit par cons\u00e9quent son caract\u00e8re d\u2019unicit\u00e9 et se fractionna en de multiples itin\u00e9raires reliant le nord et le sud ; \u00e0 tel point que son nom m\u00eame fut chang\u00e9 en Via Romea, pour en souligner non plus l\u2019origine mais la destination \u00bb.<\/p>\n<p style=\"text-align: center;\">Une partie de cette route traverse la Vall\u00e9e de Susa et elle est tr\u00e8s c\u00e9l\u00e8bre parmi les randonneurs et les p\u00e8lerins modernes.<\/p>\n<p style=\"text-align: center;\">Cet itin\u00e9raire de p\u00e8lerinage et de randonn\u00e9e populaire, qui passe par la haute vall\u00e9e de Susa pr\u00e8s de Sauze d&rsquo;Oulx, fait l&rsquo;objet d&rsquo;un site web d\u00e9di\u00e9, avec des cartes et des informations, dont le lien figure ci-dessous.<\/p>\n<\/div><\/section><\/div>\n\n<\/div><\/div><\/div><!-- close content main div --><\/div><\/div>\n<style type=\"text\/css\" data-created_by=\"avia_inline_auto\" id=\"style-css-av-m0454wnb-f2f2029f5b57d02206f9d3d24a32c921\">\n.avia-section.av-m0454wnb-f2f2029f5b57d02206f9d3d24a32c921{\nbackground-repeat:no-repeat;\nbackground-image:url(https:\/\/sauzedoulx.net\/wp-content\/uploads\/2024\/08\/Via-Francigena-sign.jpg);\nbackground-position:50% 50%;\nbackground-attachment:scroll;\n}\n<\/style>\n<div id='av_section_4'  class='avia-section av-m0454wnb-f2f2029f5b57d02206f9d3d24a32c921 main_color avia-section-default avia-no-border-styling  avia-builder-el-8  el_after_av_section  el_before_av_section  avia-full-stretch avia-bg-style-scroll av-minimum-height av-minimum-height-50 av-height-50  container_wrap fullsize'  data-section-bg-repeat='stretch' data-av_minimum_height_pc='50' data-av_min_height_opt='50'><div class='container av-section-cont-open' ><div class='template-page content  av-content-full alpha units'><div class='post-entry post-entry-type-page post-entry-4609'><div class='entry-content-wrapper clearfix'>\n<\/div><\/div><\/div><!-- close content main div --><\/div><\/div>\n<style type=\"text\/css\" data-created_by=\"avia_inline_auto\" id=\"style-css-av-bghcp-ba575ce5ad59a32072bdef58962b4a3b\">\n.avia-section.av-bghcp-ba575ce5ad59a32072bdef58962b4a3b{\nbackground-color:#f8f8f8;\nbackground-image:unset;\n}\n<\/style>\n<div id='av_section_5'  class='avia-section av-bghcp-ba575ce5ad59a32072bdef58962b4a3b main_color avia-section-default avia-no-shadow  avia-builder-el-9  el_after_av_section  el_before_av_section  avia-bg-style-scroll container_wrap fullsize'  ><div class='container av-section-cont-open' ><div class='template-page content  av-content-full alpha units'><div class='post-entry post-entry-type-page post-entry-4609'><div class='entry-content-wrapper clearfix'>\n<section  class='av_textblock_section av-m043ee5z-2b1ab78de03d8a804f9e43c1ce737ef2 '   itemscope=\"itemscope\" itemtype=\"https:\/\/schema.org\/CreativeWork\" ><div class='avia_textblock'  itemprop=\"text\" ><div class=\"credittext\">Images<br \/>\n<a href=\"https:\/\/commons.wikimedia.org\/wiki\/File:Via-Francigena-sign.jpg\">Upload: J.P.Lon~commonswiki<\/a>, <a href=\"http:\/\/creativecommons.org\/licenses\/by-sa\/3.0\/\">CC BY-SA 3.0<\/a>, via Wikimedia Commons<br \/>\n<a href=\"https:\/\/commons.wikimedia.org\/wiki\/File:Mapa_Via_Romea_Arles.svg\">Paulusburg<\/a>, <a href=\"https:\/\/creativecommons.org\/licenses\/by-sa\/4.0\">CC BY-SA 4.0<\/a>, via Wikimedia Commons<\/div>\n<\/div><\/section>\n\n<\/div><\/div><\/div><!-- close content main div --><\/div><\/div>\n<style type=\"text\/css\" data-created_by=\"avia_inline_auto\" id=\"style-css-av-ae2mx-fcb8915acd005e65b4cf4f9c773b5d18\">\n.avia-section.av-ae2mx-fcb8915acd005e65b4cf4f9c773b5d18{\nbackground-color:#ffffff;\nbackground-image:unset;\n}\n<\/style>\n<div id='av_section_6'  class='avia-section av-ae2mx-fcb8915acd005e65b4cf4f9c773b5d18 main_color avia-section-default avia-no-shadow  avia-builder-el-11  el_after_av_section  el_before_av_section  avia-bg-style-scroll container_wrap fullsize'  ><div class='container av-section-cont-open' ><div class='template-page content  av-content-full alpha units'><div class='post-entry post-entry-type-page post-entry-4609'><div class='entry-content-wrapper clearfix'>\n<div  class='flex_column av-srkoh-11-0332f095b57dc10047e12c2af2f5a0eb av_one_full  avia-builder-el-12  avia-builder-el-no-sibling  first flex_column_div  '     ><section  class='av_textblock_section av-m042qabq-10-fed04637a3503929941eaacf0086cb95 '   itemscope=\"itemscope\" itemtype=\"https:\/\/schema.org\/CreativeWork\" ><div class='avia_textblock'  itemprop=\"text\" ><p style=\"text-align: center;\">Pour plus d&rsquo;informations, consultez le site web de la Via Francigena.<\/p>\n<\/div><\/section><br \/>\n\n<style type=\"text\/css\" data-created_by=\"avia_inline_auto\" id=\"style-css-av-m045hdm1-2b9dce1db44eed883d7dfd2475836182\">\n#top .hr.hr-invisible.av-m045hdm1-2b9dce1db44eed883d7dfd2475836182{\nheight:30px;\n}\n<\/style>\n<div  class='hr av-m045hdm1-2b9dce1db44eed883d7dfd2475836182 hr-invisible  avia-builder-el-14  el_after_av_textblock  el_before_av_buttonrow '><span class='hr-inner '><span class=\"hr-inner-style\"><\/span><\/span><\/div><br \/>\n<div  class='avia-buttonrow-wrap av-m3gcsdke-c2ad605ce113beec25cc4dd5142349cd avia-buttonrow-center  avia-builder-el-15  el_after_av_hr  avia-builder-el-last '>\n\n<style type=\"text\/css\" data-created_by=\"avia_inline_auto\" id=\"style-css-av-m3gcscrp-9d211396c938da2996f325a44397ea85\">\n#top #wrap_all .avia-button.av-m3gcscrp-9d211396c938da2996f325a44397ea85{\nmargin-bottom:5px;\nmargin-right:3px;\nmargin-left:3px;\n}\n<\/style>\n<a href='https:\/\/www.viefrancigene.org\/' class='avia-button av-m3gcscrp-9d211396c938da2996f325a44397ea85 avia-icon_select-yes-left-icon avia-size-large avia-color-theme-color' target=\"_blank\" rel=\"noopener noreferrer\" aria-label=\"SITE INTERNET\"><span class='avia_button_icon avia_button_icon_left ' aria-hidden='true' data-av_icon='\ue835' data-av_iconfont='entypo-fontello'><\/span><span class='avia_iconbox_title' >SITE INTERNET<\/span><\/a>\n<\/div><\/p><\/div><\/div><\/div><\/div><!-- close content main div --><\/div><\/div>\n<style type=\"text\/css\" data-created_by=\"avia_inline_auto\" id=\"style-css-av-fd0rl-d89066fe8fd581130bf4ebc038623562\">\n.avia-section.av-fd0rl-d89066fe8fd581130bf4ebc038623562{\nbackground-color:#f8f8f8;\nbackground-image:unset;\n}\n<\/style>\n<div id='av_section_7'  class='avia-section av-fd0rl-d89066fe8fd581130bf4ebc038623562 main_color avia-section-default avia-no-shadow  avia-builder-el-16  el_after_av_section  el_before_av_section  avia-bg-style-scroll container_wrap fullsize'  ><div class='container av-section-cont-open' ><div class='template-page content  av-content-full alpha units'><div class='post-entry post-entry-type-page post-entry-4609'><div class='entry-content-wrapper clearfix'>\n<section  class='av_textblock_section av-1b9g4p-6-561dfe2e4f7e5d94ea7ff5def7d391d0 '   itemscope=\"itemscope\" itemtype=\"https:\/\/schema.org\/CreativeWork\" ><div class='avia_textblock'  itemprop=\"text\" ><h3 style=\"text-align: center;\">Via Francigena Video dans la vall\u00e9e de Susa<\/h3>\n<\/div><\/section>\n<div  class='flex_column av-116r15-5-b826a352c42ed6a26b314b008a6df8ce av_one_full  avia-builder-el-18  el_after_av_textblock  avia-builder-el-last  first flex_column_div  column-top-margin'     ><div  class='avia-video av-m0424r7x-4-29ed28bcb0c0c7aaa8d3ab71a369fbbc avia-video-16-9 av-no-preview-image avia-video-load-always av-lazyload-immediate av-lazyload-video-embed'  itemprop=\"video\" itemtype=\"https:\/\/schema.org\/VideoObject\"  data-original_url='https:\/\/www.youtube.com\/watch?v=HxJ8JxiZJtc'><script type='text\/html' class='av-video-tmpl'><div class='avia-iframe-wrap'><iframe loading=\"lazy\" title=\"Via Francigena Valle di Susa\" width=\"1500\" height=\"844\" src=\"https:\/\/www.youtube.com\/embed\/HxJ8JxiZJtc?feature=oembed&autoplay=0&loop=0&controls=1&mute=0\" frameborder=\"0\" allow=\"accelerometer; autoplay; clipboard-write; encrypted-media; gyroscope; picture-in-picture; web-share\" referrerpolicy=\"strict-origin-when-cross-origin\" allowfullscreen><\/iframe><\/div><\/script><div class='av-click-to-play-overlay'><div class=\"avia_playpause_icon\"><\/div><\/div><\/div><\/div>\n<\/p>\n<\/div><\/div><\/div><!-- close content main div --><\/div><\/div>\n<style type=\"text\/css\" data-created_by=\"avia_inline_auto\" id=\"style-css-av-tmug9-f70dd8613d4a003b14e03ecd9bc9c7ec\">\n.avia-section.av-tmug9-f70dd8613d4a003b14e03ecd9bc9c7ec{\nbackground-color:#ffffff;\nbackground-image:unset;\n}\n<\/style>\n<div id='av_section_8'  class='avia-section av-tmug9-f70dd8613d4a003b14e03ecd9bc9c7ec main_color avia-section-default avia-no-shadow  avia-builder-el-20  el_after_av_section  avia-builder-el-last  avia-bg-style-scroll container_wrap fullsize'  ><div class='container av-section-cont-open' ><div class='template-page content  av-content-full alpha units'><div class='post-entry post-entry-type-page post-entry-4609'><div class='entry-content-wrapper clearfix'>\n<section  class='av_textblock_section av-n40qx-cf135fdaea72fb9c25b8daeea71daeaf '   itemscope=\"itemscope\" itemtype=\"https:\/\/schema.org\/CreativeWork\" ><div class='avia_textblock'  itemprop=\"text\" ><h3 style=\"text-align: center;\">La Via Francigena dans la haute vall\u00e9e de Susa<\/h3>\n<\/div><\/section>\n<div  class='flex_column av-hsnux-f6f45faf97aab28b43cf685a5447a012 av_one_full  avia-builder-el-22  el_after_av_textblock  avia-builder-el-last  first flex_column_div  column-top-margin'     ><div  class='avia-video av-bf7tt-835afe55b9b40c43c358afb927ad1c21 avia-video-16-9 av-no-preview-image avia-video-load-always av-lazyload-immediate av-lazyload-video-embed'  itemprop=\"video\" itemtype=\"https:\/\/schema.org\/VideoObject\"  data-original_url='https:\/\/www.youtube.com\/watch?v=VsiA_UvbOzA'><script type='text\/html' class='av-video-tmpl'><div class='avia-iframe-wrap'><iframe loading=\"lazy\" title=\"VIA FRANCIGENA IN VALLE DI SUSA - Dal Colle del Monginevro a Susa\" width=\"1500\" height=\"844\" src=\"https:\/\/www.youtube.com\/embed\/VsiA_UvbOzA?feature=oembed&autoplay=0&loop=0&controls=1&mute=0\" frameborder=\"0\" allow=\"accelerometer; autoplay; clipboard-write; encrypted-media; gyroscope; picture-in-picture; web-share\" referrerpolicy=\"strict-origin-when-cross-origin\" allowfullscreen><\/iframe><\/div><\/script><div class='av-click-to-play-overlay'><div class=\"avia_playpause_icon\"><\/div><\/div><\/div><\/div>\n\n","protected":false},"excerpt":{"rendered":"","protected":false},"author":1,"featured_media":0,"parent":4620,"menu_order":0,"comment_status":"closed","ping_status":"closed","template":"","meta":{"footnotes":""},"class_list":["post-4609","page","type-page","status-publish","hentry"],"_links":{"self":[{"href":"https:\/\/sauzedoulx.net\/fr\/wp-json\/wp\/v2\/pages\/4609","targetHints":{"allow":["GET"]}}],"collection":[{"href":"https:\/\/sauzedoulx.net\/fr\/wp-json\/wp\/v2\/pages"}],"about":[{"href":"https:\/\/sauzedoulx.net\/fr\/wp-json\/wp\/v2\/types\/page"}],"author":[{"embeddable":true,"href":"https:\/\/sauzedoulx.net\/fr\/wp-json\/wp\/v2\/users\/1"}],"replies":[{"embeddable":true,"href":"https:\/\/sauzedoulx.net\/fr\/wp-json\/wp\/v2\/comments?post=4609"}],"version-history":[{"count":0,"href":"https:\/\/sauzedoulx.net\/fr\/wp-json\/wp\/v2\/pages\/4609\/revisions"}],"up":[{"embeddable":true,"href":"https:\/\/sauzedoulx.net\/fr\/wp-json\/wp\/v2\/pages\/4620"}],"wp:attachment":[{"href":"https:\/\/sauzedoulx.net\/fr\/wp-json\/wp\/v2\/media?parent=4609"}],"curies":[{"name":"wp","href":"https:\/\/api.w.org\/{rel}","templated":true}]}}