{"id":4620,"date":"2024-06-09T11:08:02","date_gmt":"2024-06-09T11:08:02","guid":{"rendered":"https:\/\/sauzedoulx.net\/quoi-visiter\/"},"modified":"2024-12-07T14:52:17","modified_gmt":"2024-12-07T14:52:17","slug":"quoi-visiter","status":"publish","type":"page","link":"https:\/\/sauzedoulx.net\/fr\/quoi-visiter\/","title":{"rendered":"Quoi visiter"},"content":{"rendered":"\n<style type=\"text\/css\" data-created_by=\"avia_inline_auto\" id=\"style-css-av-6xvxz-29789d5bf0dbdbb61246ee801bd03624\">\n.avia-section.av-6xvxz-29789d5bf0dbdbb61246ee801bd03624{\nbackground-repeat:no-repeat;\nbackground-image:url(https:\/\/sauzedoulx.net\/wp-content\/uploads\/2024\/08\/susa.jpg);\nbackground-position:50% 50%;\nbackground-attachment:scroll;\n}\n<\/style>\n<div id='av_section_1'  class='avia-section av-6xvxz-29789d5bf0dbdbb61246ee801bd03624 main_color avia-section-default avia-no-border-styling  avia-builder-el-0  el_before_av_layout_row  avia-builder-el-first  av-medium-hide av-small-hide av-mini-hide avia-full-stretch avia-bg-style-scroll av-minimum-height av-minimum-height-63 av-height-percent  container_wrap fullsize'  data-section-bg-repeat='stretch' data-av_minimum_height_pc='63' data-av_min_height_opt='percent'><div class='container av-section-cont-open' ><main  role=\"main\" itemprop=\"mainContentOfPage\"  class='template-page content  av-content-full alpha units'><div class='post-entry post-entry-type-page post-entry-4620'><div class='entry-content-wrapper clearfix'>\n<\/div><\/div><\/main><!-- close content main element --><\/div><\/div><div id='av-layout-grid-1'  class='av-layout-grid-container av-l3t73-4b45be7267df3b9025801769bc2d17d5 entry-content-wrapper main_color av-fixed-cells  avia-builder-el-1  el_after_av_section  el_before_av_section  av-cell-min-height av-cell-min-height-50 grid-row-not-first av-desktop-hide container_wrap fullsize'   data-av_minimum_height_pc='50'>\n\n<style type=\"text\/css\" data-created_by=\"avia_inline_auto\" id=\"style-css-av-m31k8gen-ab5277ad4a1e649d7a6d4f6c4a7b33b1\">\n.flex_cell.av-m31k8gen-ab5277ad4a1e649d7a6d4f6c4a7b33b1{\nvertical-align:top;\nbackground:url(https:\/\/sauzedoulx.net\/wp-content\/uploads\/2024\/08\/susa-1030x553.jpg) 50% 50% no-repeat scroll ;\n}\n.responsive #top #wrap_all .flex_cell.av-m31k8gen-ab5277ad4a1e649d7a6d4f6c4a7b33b1{\npadding:0px 0px 0px 0px !important;\n}\n<\/style>\n<div class='flex_cell av-m31k8gen-ab5277ad4a1e649d7a6d4f6c4a7b33b1 av-gridrow-cell av_one_full no_margin  avia-builder-el-2  avia-builder-el-no-sibling  av-zero-padding avia-full-stretch'  ><div class='flex_cell_inner'><\/div><\/div>\n<\/div>\n\n<style type=\"text\/css\" data-created_by=\"avia_inline_auto\" id=\"style-css-av-hu5uv-6ed60bf5df07d05343f7688fe069b128\">\n.avia-section.av-hu5uv-6ed60bf5df07d05343f7688fe069b128{\nbackground-color:#f8f8f8;\nbackground-image:unset;\n}\n<\/style>\n<div id='av_section_2'  class='avia-section av-hu5uv-6ed60bf5df07d05343f7688fe069b128 main_color avia-section-default avia-no-shadow  avia-builder-el-3  el_after_av_layout_row  el_before_av_section  avia-bg-style-scroll container_wrap fullsize'  ><div class='container av-section-cont-open' ><div class='template-page content  av-content-full alpha units'><div class='post-entry post-entry-type-page post-entry-4620'><div class='entry-content-wrapper clearfix'>\n<div  class='flex_column av-xorj-18a313015dc9264f3216da1a3653e587 av_one_full  avia-builder-el-4  avia-builder-el-no-sibling  first flex_column_div  '     ><section  class='av_textblock_section av-m31k6xa5-47f00967ba37df38047aeffd77b70da6 '   itemscope=\"itemscope\" itemtype=\"https:\/\/schema.org\/CreativeWork\" ><div class='avia_textblock'  itemprop=\"text\" ><h1 style=\"text-align: center;\">Quoi visiter<\/h1>\n<p style=\"text-align: center;\">Il est impossible de s\u2019ennuyer \u00e0 Sauze d\u2019Oulx: ski, excursions, promenades, bars et restaurants. Mais, si vous voulez explorer un peu plus et voir ce que la r\u00e9gion a \u00e0 offrir, les belles et anciennes vall\u00e9es de Susa et Chisone offrent diff\u00e9rentes soties d\u2019une journ\u00e9e comme:<\/p>\n<p style=\"text-align: center;\"><a href=\"https:\/\/sauzedoulx.net\/fr\/ete\/parc-naturel-du-gran-bosco-de-salbertrand\/\">Parc naturel de Gran Bosco<\/a><\/p>\n<p style=\"text-align: center;\">Le Parc naturel du Gran Bosco de Salbertrand est pr\u00e8s de Sauze d\u2019Oulx et offre la possibilit\u00e9 de passer une ou plusieurs journ\u00e9es fantastiques, en explorant les nombreux sentiers et en admirant la flore et, avec un peu de chance, la faune alpine.<\/p>\n<p style=\"text-align: center;\"><a href=\"https:\/\/sauzedoulx.net\/fr\/quoi-visiter\/les-forts-et-lhistoire\/\">Fortifications et Histoire<\/a><\/p>\n<p style=\"text-align: center;\">L\u2019haute Vall\u00e9e de Susa a \u00e9t\u00e9 le th\u00e9\u00e2tre de nombreuses batailles et les fortifications diss\u00e9min\u00e9es sur le territoire sont un t\u00e9mognage. Cette page est destin\u00e9e \u00e0 \u00eatre un guide sommaire de certains de ces endroits.<\/p>\n<p style=\"text-align: center;\"><a href=\"https:\/\/sauzedoulx.net\/fr\/quoi-visiter\/susa\/\">Susa<\/a><\/p>\n<p style=\"text-align: center;\">Avec ses vestiges romains qui comprennent l\u2019important Arc d\u2019Auguste, Susa est une ville qui m\u00e9rite d\u2019\u00eatre visit\u00e9. En plus, Susa est proche de l\u2019abbaye de Novalesa et du Mont Cenis a vec le barrage homonyme.<\/p>\n<p style=\"text-align: center;\"><a href=\"https:\/\/sauzedoulx.net\/fr\/quoi-visiter\/turin\/\">Turin<\/a><\/p>\n<p style=\"text-align: center;\">Facilement accessible en train de Oulx (la gare la plus proche de Sauze d\u2019Oulx) est la ville id\u00e9ale pour les amateurs de la culture, de l\u2019architecture, de la bonne cuisine et du shopping.<\/p>\n<p style=\"text-align: center;\"><a href=\"https:\/\/sauzedoulx.net\/fr\/quoi-visiter\/briancon\/\">Brian\u00e7on<\/a><\/p>\n<p style=\"text-align: center;\">Brian\u00e7on est la premi\u00e8re ville fran\u00e7aise apr\u00e8s la fronti\u00e8re et elle est facilement accessible en voiture ou en bus. La vieille ville prot\u00e9g\u00e9e par l\u2019UNESCO est un lieux fortifi\u00e9 avec une rue centrale pittoresque pleine de boutiques, de caf\u00e9s et de restaurants.<\/p>\n<p style=\"text-align: center;\"><a href=\"https:\/\/sauzedoulx.net\/fr\/quoi-visiter\/sacra-di-san-michele\/\">Sacra di San Michele<\/a><\/p>\n<p style=\"text-align: center;\"><a href=\"https:\/\/sauzedoulx.net\/fr\/quoi-visiter\/fresques-et-art-sacre\/\">Fresques et Art Sacre<\/a><\/p>\n<p style=\"text-align: center;\"><a href=\"https:\/\/sauzedoulx.net\/fr\/quoi-visiter\/via-francigena\/\">Via Francigena<\/a><\/p>\n<\/div><\/section><\/div><\/div><\/div><\/div><!-- close content main div --><\/div><\/div>\n<style type=\"text\/css\" data-created_by=\"avia_inline_auto\" id=\"style-css-av-m31k81pj-ca57f9d06209cd5e15196d6b7b085d4d\">\n.avia-section.av-m31k81pj-ca57f9d06209cd5e15196d6b7b085d4d{\nbackground-repeat:no-repeat;\nbackground-image:url(https:\/\/sauzedoulx.net\/wp-content\/uploads\/2024\/08\/Turin.jpg);\nbackground-position:50% 50%;\nbackground-attachment:scroll;\n}\n<\/style>\n<div id='av_section_3'  class='avia-section av-m31k81pj-ca57f9d06209cd5e15196d6b7b085d4d main_color avia-section-default avia-no-border-styling  avia-builder-el-6  el_after_av_section  el_before_av_section  av-medium-hide av-small-hide av-mini-hide avia-full-stretch avia-bg-style-scroll av-minimum-height av-minimum-height-63 av-height-percent  container_wrap fullsize'  data-section-bg-repeat='stretch' data-av_minimum_height_pc='63' data-av_min_height_opt='percent'><div class='container av-section-cont-open' ><div class='template-page content  av-content-full alpha units'><div class='post-entry post-entry-type-page post-entry-4620'><div class='entry-content-wrapper clearfix'><\/p>\n<\/div><\/div><\/div><!-- close content main div --><\/div><\/div>\n<style type=\"text\/css\" data-created_by=\"avia_inline_auto\" id=\"style-css-av-m31khmd3-5deee267c172d6d5ede8b29f95841bbf\">\n.avia-section.av-m31khmd3-5deee267c172d6d5ede8b29f95841bbf{\nbackground-repeat:no-repeat;\nbackground-image:url(https:\/\/sauzedoulx.net\/wp-content\/uploads\/2024\/08\/Turin_monte_cappuccini.jpg);\nbackground-position:100% 50%;\nbackground-attachment:scroll;\n}\n<\/style>\n<div id='av_section_4'  class='avia-section av-m31khmd3-5deee267c172d6d5ede8b29f95841bbf main_color avia-section-default avia-no-border-styling  avia-builder-el-7  el_after_av_section  avia-builder-el-last  av-desktop-hide avia-full-stretch avia-bg-style-scroll av-minimum-height av-minimum-height-63 av-height-percent  container_wrap fullsize'  data-section-bg-repeat='stretch' data-av_minimum_height_pc='63' data-av_min_height_opt='percent'><div class='container av-section-cont-open' ><div class='template-page content  av-content-full alpha units'><div class='post-entry post-entry-type-page post-entry-4620'><div class='entry-content-wrapper clearfix'>\n","protected":false},"excerpt":{"rendered":"","protected":false},"author":1,"featured_media":2003,"parent":0,"menu_order":0,"comment_status":"closed","ping_status":"closed","template":"","meta":{"footnotes":""},"class_list":["post-4620","page","type-page","status-publish","has-post-thumbnail","hentry"],"_links":{"self":[{"href":"https:\/\/sauzedoulx.net\/fr\/wp-json\/wp\/v2\/pages\/4620","targetHints":{"allow":["GET"]}}],"collection":[{"href":"https:\/\/sauzedoulx.net\/fr\/wp-json\/wp\/v2\/pages"}],"about":[{"href":"https:\/\/sauzedoulx.net\/fr\/wp-json\/wp\/v2\/types\/page"}],"author":[{"embeddable":true,"href":"https:\/\/sauzedoulx.net\/fr\/wp-json\/wp\/v2\/users\/1"}],"replies":[{"embeddable":true,"href":"https:\/\/sauzedoulx.net\/fr\/wp-json\/wp\/v2\/comments?post=4620"}],"version-history":[{"count":2,"href":"https:\/\/sauzedoulx.net\/fr\/wp-json\/wp\/v2\/pages\/4620\/revisions"}],"predecessor-version":[{"id":5155,"href":"https:\/\/sauzedoulx.net\/fr\/wp-json\/wp\/v2\/pages\/4620\/revisions\/5155"}],"wp:featuredmedia":[{"embeddable":true,"href":"https:\/\/sauzedoulx.net\/fr\/wp-json\/wp\/v2\/media\/2003"}],"wp:attachment":[{"href":"https:\/\/sauzedoulx.net\/fr\/wp-json\/wp\/v2\/media?parent=4620"}],"curies":[{"name":"wp","href":"https:\/\/api.w.org\/{rel}","templated":true}]}}