{"id":4666,"date":"2024-05-15T12:51:16","date_gmt":"2024-05-15T12:51:16","guid":{"rendered":"https:\/\/sauzedoulx.net\/acces-et-transports\/"},"modified":"2025-04-27T15:35:40","modified_gmt":"2025-04-27T15:35:40","slug":"acces-et-transports","status":"publish","type":"page","link":"https:\/\/sauzedoulx.net\/fr\/acces-et-transports\/","title":{"rendered":"Acc\u00e8s et Transports"},"content":{"rendered":"\n<style type=\"text\/css\" data-created_by=\"avia_inline_auto\" id=\"style-css-av-82qm8v-41f73dbfd7551c05b7c11b270b95ffbf\">\n.avia-section.av-82qm8v-41f73dbfd7551c05b7c11b270b95ffbf{\nbackground-color:#f8f8f8;\nbackground-image:unset;\n}\n<\/style>\n<div id='av_section_1'  class='avia-section av-82qm8v-41f73dbfd7551c05b7c11b270b95ffbf main_color avia-section-default avia-no-shadow  avia-builder-el-0  el_before_av_section  avia-builder-el-first  avia-bg-style-scroll container_wrap fullsize'  ><div class='container av-section-cont-open' ><main  role=\"main\" itemprop=\"mainContentOfPage\"  class='template-page content  av-content-full alpha units'><div class='post-entry post-entry-type-page post-entry-4666'><div class='entry-content-wrapper clearfix'>\n<div  class='flex_column av-7xeoiv-bd18781b819f098ecbda5b661441e84e av_one_full  avia-builder-el-1  avia-builder-el-no-sibling  first flex_column_div  '     ><section  class='av_textblock_section av-lw7ui0yz-5a4dd40298bb26895202d53debeb88cc '   itemscope=\"itemscope\" itemtype=\"https:\/\/schema.org\/CreativeWork\" ><div class='avia_textblock'  itemprop=\"text\" ><h1 style=\"text-align: center;\">Acc\u00e8s Et Transports<\/h1>\n<\/div><\/section><\/div>\n\n<\/div><\/div><\/main><!-- close content main element --><\/div><\/div>\n<style type=\"text\/css\" data-created_by=\"avia_inline_auto\" id=\"style-css-av-7q5u3b-80252b68b4b2b500c24b93cfae41c196\">\n.avia-section.av-7q5u3b-80252b68b4b2b500c24b93cfae41c196{\nbackground-color:#ffffff;\nbackground-image:unset;\n}\n<\/style>\n<div id='av_section_2'  class='avia-section av-7q5u3b-80252b68b4b2b500c24b93cfae41c196 main_color avia-section-default avia-no-shadow  avia-builder-el-3  el_after_av_section  el_before_av_section  avia-bg-style-scroll container_wrap fullsize'  ><div class='container av-section-cont-open' ><div class='template-page content  av-content-full alpha units'><div class='post-entry post-entry-type-page post-entry-4666'><div class='entry-content-wrapper clearfix'>\n<div class='flex_column_table av-6vgfc7-9fc131abb7baa3f7eb59c6f46f1a5c2f sc-av_one_half av-equal-height-column-flextable'>\n<style type=\"text\/css\" data-created_by=\"avia_inline_auto\" id=\"style-css-av-6vgfc7-9fc131abb7baa3f7eb59c6f46f1a5c2f\">\n.flex_column.av-6vgfc7-9fc131abb7baa3f7eb59c6f46f1a5c2f{\nwidth:46.75%;\nmargin-left:0;\n}\n#top .flex_column_table.av-equal-height-column-flextable.av-6vgfc7-9fc131abb7baa3f7eb59c6f46f1a5c2f .av-flex-placeholder{\nwidth:6.5%;\n}\n<\/style>\n<div  class='flex_column av-6vgfc7-9fc131abb7baa3f7eb59c6f46f1a5c2f av_one_half  avia-builder-el-4  el_before_av_one_half  avia-builder-el-first  first flex_column_table_cell av-equal-height-column av-align-middle  '     ><style type=\"text\/css\" data-created_by=\"avia_inline_auto\" id=\"style-css-av-wg10n-c713eda406ced658650273bd552810f9\">\n.avia-image-container.av-wg10n-c713eda406ced658650273bd552810f9 img.avia_image{\nbox-shadow:none;\n}\n.avia-image-container.av-wg10n-c713eda406ced658650273bd552810f9 .av-image-caption-overlay-center{\ncolor:#ffffff;\n}\n<\/style>\n<div  id=\"imgbr\"  class='avia-image-container av-wg10n-c713eda406ced658650273bd552810f9 av-styling- avia-align-center  avia-builder-el-5  avia-builder-el-no-sibling '   itemprop=\"image\" itemscope=\"itemscope\" itemtype=\"https:\/\/schema.org\/ImageObject\" ><div class=\"avia-image-container-inner\"><div class=\"avia-image-overlay-wrap\"><img decoding=\"async\" fetchpriority=\"high\" class='wp-image-1865 avia-img-lazy-loading-not-1865 avia_image ' src=\"https:\/\/sauzedoulx.net\/wp-content\/uploads\/2024\/08\/Turin_monte_cappuccini-495x400.jpg\" alt='' title='Turin_monte_cappuccini'  height=\"400\" width=\"495\"  itemprop=\"thumbnailUrl\" srcset=\"https:\/\/sauzedoulx.net\/wp-content\/uploads\/2024\/08\/Turin_monte_cappuccini-495x400.jpg 495w, https:\/\/sauzedoulx.net\/wp-content\/uploads\/2024\/08\/Turin_monte_cappuccini-845x681.jpg 845w\" sizes=\"(max-width: 495px) 100vw, 495px\" \/><\/div><\/div><\/div><\/div><div class='av-flex-placeholder'><\/div>\n<style type=\"text\/css\" data-created_by=\"avia_inline_auto\" id=\"style-css-av-767sjz-ee81bac16ea3dccd7906d44c0ba724fe\">\n.flex_column.av-767sjz-ee81bac16ea3dccd7906d44c0ba724fe{\nwidth:46.75%;\nmargin-left:0;\n}\n#top .flex_column_table.av-equal-height-column-flextable.av-767sjz-ee81bac16ea3dccd7906d44c0ba724fe .av-flex-placeholder{\nwidth:6.5%;\n}\n<\/style>\n<div  class='flex_column av-767sjz-ee81bac16ea3dccd7906d44c0ba724fe av_one_half  avia-builder-el-6  el_after_av_one_half  avia-builder-el-last  flex_column_table_cell av-equal-height-column av-align-middle  '     ><section  class='av_textblock_section av-lw7uijid-30f24b3874b35036a56b5ae7321446ae '   itemscope=\"itemscope\" itemtype=\"https:\/\/schema.org\/CreativeWork\" ><div class='avia_textblock'  itemprop=\"text\" ><div class=\"leftaligncenter\">\n<h2>Vols vers Turin<\/h2>\n<p>L\u2019a\u00e9roport de Turin Caselle est desservi toute l\u2019ann\u00e9e par de nombreuses compagnies a\u00e9riennes, dont <a href=\"http:\/\/www.britishairways.com\/\" target=\"_blank\" rel=\"noopener\">British Airways<\/a>, <a href=\"http:\/\/www.lufthansa.com\/\" target=\"_blank\" rel=\"noopener\">Lufthansa<\/a>, <a href=\"https:\/\/www.klm.com\/\" target=\"_blank\" rel=\"noopener\">KLM<\/a>, <a href=\"https:\/\/www.flysas.com\/\" target=\"_blank\" rel=\"noopener\">SAS<\/a> et <a href=\"https:\/\/www.alitalia.com\/\" target=\"_blank\" rel=\"noopener\">Ita Airways<\/a>, ainsi que par des compagnies a\u00e9riennes \u00e0 bas co\u00fbts telles que <a href=\"https:\/\/www.ryanair.com\/\" target=\"_blank\" rel=\"noopener\">Ryanair<\/a>, <a href=\"https:\/\/www.fly-go.it\/offerte\/voli\/compagnia\/blueair?gad_source=1&amp;gbraid=0AAAAAD7cigj4WkrZILZ3G7K54KjbE_EV-&amp;gclid=EAIaIQobChMI1uj8sP_1jAMVy6NQBh156TUCEAAYASAAEgLymvD_BwE\" target=\"_blank\" rel=\"noopener\"> Blue Air<\/a> et <a href=\"http:\/\/www.easyjet.com\/\" target=\"_blank\" rel=\"noopener\">Easyjet<\/a>. Il est toujours utile de consulter <a href=\"https:\/\/www.google.com\/flights\/\" target=\"_blank\" rel=\"noopener\">Google Flights<\/a> et <a href=\"https:\/\/www.skyscanner.net\/\" target=\"_blank\" rel=\"noopener\">Skyscanner<\/a>.<\/p>\n<\/div>\n<\/div><\/section><\/div><\/div><!--close column table wrapper. Autoclose: 1 -->\n\n<\/div><\/div><\/div><!-- close content main div --><\/div><\/div>\n<style type=\"text\/css\" data-created_by=\"avia_inline_auto\" id=\"style-css-av-71lom7-8ccd63e293fa9f8501d903bd3aeaaacd\">\n.avia-section.av-71lom7-8ccd63e293fa9f8501d903bd3aeaaacd{\nbackground-color:#f8f8f8;\nbackground-image:unset;\n}\n<\/style>\n<div id='av_section_3'  class='avia-section av-71lom7-8ccd63e293fa9f8501d903bd3aeaaacd main_color avia-section-default avia-no-shadow  avia-builder-el-8  el_after_av_section  el_before_av_section  avia-bg-style-scroll container_wrap fullsize'  ><div class='container av-section-cont-open' ><div class='template-page content  av-content-full alpha units'><div class='post-entry post-entry-type-page post-entry-4666'><div class='entry-content-wrapper clearfix'>\n<div class='flex_column_table av-rsean-bd053bd25e4b29d8d33685788fc31af3 sc-av_one_half av-equal-height-column-flextable'>\n<style type=\"text\/css\" data-created_by=\"avia_inline_auto\" id=\"style-css-av-rsean-bd053bd25e4b29d8d33685788fc31af3\">\n.flex_column.av-rsean-bd053bd25e4b29d8d33685788fc31af3{\nwidth:46.75%;\nmargin-left:0;\n}\n#top .flex_column_table.av-equal-height-column-flextable.av-rsean-bd053bd25e4b29d8d33685788fc31af3 .av-flex-placeholder{\nwidth:6.5%;\n}\n<\/style>\n<div  class='flex_column av-rsean-bd053bd25e4b29d8d33685788fc31af3 av_one_half  avia-builder-el-9  el_before_av_one_half  avia-builder-el-first  first flex_column_table_cell av-equal-height-column av-align-middle  '     ><style type=\"text\/css\" data-created_by=\"avia_inline_auto\" id=\"style-css-av-m37yh3vw-716716eb7498438be731f80d9e8bd5d6\">\n.avia-image-container.av-m37yh3vw-716716eb7498438be731f80d9e8bd5d6 img.avia_image{\nbox-shadow:none;\n}\n.avia-image-container.av-m37yh3vw-716716eb7498438be731f80d9e8bd5d6 .av-image-caption-overlay-center{\ncolor:#ffffff;\n}\n<\/style>\n<div  id=\"imgbr\"  class='avia-image-container av-m37yh3vw-716716eb7498438be731f80d9e8bd5d6 av-styling- avia-align-center  avia-builder-el-10  avia-builder-el-no-sibling '   itemprop=\"image\" itemscope=\"itemscope\" itemtype=\"https:\/\/schema.org\/ImageObject\" ><div class=\"avia-image-container-inner\"><div class=\"avia-image-overlay-wrap\"><img decoding=\"async\" fetchpriority=\"high\" class='wp-image-993 avia-img-lazy-loading-not-993 avia_image ' src=\"https:\/\/sauzedoulx.net\/wp-content\/uploads\/2024\/06\/turin-porta-nuova-495x400.jpg\" alt='' title='turin-porta-nuova'  height=\"400\" width=\"495\"  itemprop=\"thumbnailUrl\"  \/><\/div><\/div><\/div><\/div><div class='av-flex-placeholder'><\/div>\n<style type=\"text\/css\" data-created_by=\"avia_inline_auto\" id=\"style-css-av-6lhozj-250a521ed7bbf67664c455bcef0bfd42\">\n.flex_column.av-6lhozj-250a521ed7bbf67664c455bcef0bfd42{\nwidth:46.75%;\nmargin-left:0;\n}\n#top .flex_column_table.av-equal-height-column-flextable.av-6lhozj-250a521ed7bbf67664c455bcef0bfd42 .av-flex-placeholder{\nwidth:6.5%;\n}\n<\/style>\n<div  class='flex_column av-6lhozj-250a521ed7bbf67664c455bcef0bfd42 av_one_half  avia-builder-el-11  el_after_av_one_half  avia-builder-el-last  flex_column_table_cell av-equal-height-column av-align-middle  '     ><section  class='av_textblock_section av-lw7ujosg-2fb9c51cb81ec34ccd3975e333b5a229 '   itemscope=\"itemscope\" itemtype=\"https:\/\/schema.org\/CreativeWork\" ><div class='avia_textblock'  itemprop=\"text\" ><div class=\"leftaligncenter\">\n<h2>Service de Transport Public de l\u2019a\u00e9roport De Turin Caselle<\/h2>\n<p>Cette section vous indique comment vous rendre de l&rsquo;a\u00e9roport de Turin (Caselle) \u00e0 Sauze d&rsquo;Oulx. Il est assez facile de se rendre \u00e0 Sauze d&rsquo;Oulx par les transports publics avec des bus et des trains r\u00e9guliers. Ce guide comprend les horaires, les prix, ce qu&rsquo;il faut faire et o\u00f9 aller.<\/p>\n<\/div>\n<\/div><\/section><br \/>\n<div  class='avia-button-wrap av-2rfgqv-e430809cca6522f3353976689f3b20a0-wrap avia-button-left  avia-builder-el-13  el_after_av_textblock  avia-builder-el-last  leftaligncenter'>\n<style type=\"text\/css\" data-created_by=\"avia_inline_auto\" id=\"style-css-av-2rfgqv-e430809cca6522f3353976689f3b20a0\">\n#top #wrap_all .avia-button.av-2rfgqv-e430809cca6522f3353976689f3b20a0{\nbackground-color:#2693e6;\nborder-color:#2693e6;\nborder-radius:10px 10px 10px 10px;\nbox-shadow: 2px 2px 2px 1px #e0e0e0;\ntransition:all 0.4s ease-in-out;\n}\n#top #wrap_all .avia-button.av-2rfgqv-e430809cca6522f3353976689f3b20a0:hover{\ncolor:#2693e6;\ntransition:all 0.4s ease-in-out;\n}\n#top #wrap_all.avia-button.av-2rfgqv-e430809cca6522f3353976689f3b20a0:hover .avia_button_background{\nborder-radius:10px 10px 10px 10px;\n}\n<\/style>\n<a href='https:\/\/sauzedoulx.net\/en\/travel-information\/public-transport-to-sauze-doulx\/'  class='avia-button av-2rfgqv-e430809cca6522f3353976689f3b20a0 av-link-btn avia-icon_select-no avia-size-large avia-position-left avia-font-color-theme-color'   aria-label=\"VOIR LA PAGE\"><span class='avia_iconbox_title' >VOIR LA PAGE<\/span><span class='avia_button_background avia-button avia-color-theme-color-highlight' ><\/span><\/a><\/div><\/p><\/div><\/div><!--close column table wrapper. Autoclose: 1 -->\n\n<\/div><\/div><\/div><!-- close content main div --><\/div><\/div>\n<style type=\"text\/css\" data-created_by=\"avia_inline_auto\" id=\"style-css-av-av_section-c810a72928f7059dbf98b7b238de3cb0\">\n.avia-section.av-av_section-c810a72928f7059dbf98b7b238de3cb0{\nbackground-color:#f8f8f8;\nbackground-image:unset;\n}\n<\/style>\n<div id='av_section_4'  class='avia-section av-av_section-c810a72928f7059dbf98b7b238de3cb0 main_color avia-section-default avia-no-shadow  avia-builder-el-14  el_after_av_section  el_before_av_section  avia-bg-style-scroll container_wrap fullsize'  ><div class='container av-section-cont-open' ><div class='template-page content  av-content-full alpha units'><div class='post-entry post-entry-type-page post-entry-4666'><div class='entry-content-wrapper clearfix'>\n<div  class='flex_column av-av_one_full-048119fdb636ea3d70edc0b975509c6c av_one_full  avia-builder-el-15  avia-builder-el-no-sibling  first flex_column_div  '     ><section  class='av_textblock_section av-m9zrh7rt-f0d64ea58d5092fb26474b3adc43d43f '   itemscope=\"itemscope\" itemtype=\"https:\/\/schema.org\/CreativeWork\" ><div class='avia_textblock'  itemprop=\"text\" ><h1 style=\"text-align: center;\">En voiture<\/h1>\n<p style=\"text-align: center;\">Par la route: autoroute A32 Torino- Bardonecchia-Fr\u00e9jus (environ 80 km) sortie Oulx Circonvallazione et continuer pour Sauze d\u2019Oulx.<\/p>\n<p style=\"text-align: center;\">Depuis la France: Col de Montgen\u00e8vre ou Tunnel du Fr\u00e9jus.<\/p>\n<p style=\"text-align: center;\"><strong>IMPORTANT<\/strong><\/p>\n<p style=\"text-align: center;\">Pendant la p\u00e9riode hivernale, en gros du 15\/11 au 15\/04, il faut monter des cha\u00eenes ou des pneus neige.<\/p>\n<p style=\"text-align: center;\"><strong>ZONES ZTL AU CENTRE DU PAYS<\/strong><\/p>\n<p style=\"text-align: center;\">Le centre du Sauze d&rsquo;Oulx comporte une Zone \u00e0 Circulation Restreinte (ZTL). Pour acc\u00e9der \u00e0 cette zone pendant les heures et jours de fermeture, il est n\u00e9cessaire d&rsquo;avoir l&rsquo;autorisation de la Police Municipale.<\/p>\n<p style=\"text-align: center;\"><strong>PARKING<\/strong><\/p>\n<p style=\"text-align: center;\">Certains parkings dans la zone centrale de Sauze d&rsquo;Oulx et au d\u00e9part des t\u00e9l\u00e9si\u00e8ges sont payants, ainsi que le garage souterrain de Viale Genevris. Pour plus d&rsquo;informations, contactez l&rsquo;Office du tourisme.<\/p>\n<\/div><\/section><\/div>\n\n<\/div><\/div><\/div><!-- close content main div --><\/div><\/div>\n<style type=\"text\/css\" data-created_by=\"avia_inline_auto\" id=\"style-css-av-av_section-c810a72928f7059dbf98b7b238de3cb0\">\n.avia-section.av-av_section-c810a72928f7059dbf98b7b238de3cb0{\nbackground-color:#f8f8f8;\nbackground-image:unset;\n}\n<\/style>\n<div id='av_section_5'  class='avia-section av-av_section-c810a72928f7059dbf98b7b238de3cb0 main_color avia-section-default avia-no-shadow  avia-builder-el-17  el_after_av_section  el_before_av_section  avia-bg-style-scroll container_wrap fullsize'  ><div class='container av-section-cont-open' ><div class='template-page content  av-content-full alpha units'><div class='post-entry post-entry-type-page post-entry-4666'><div class='entry-content-wrapper clearfix'>\n<div  class='flex_column av-av_one_full-048119fdb636ea3d70edc0b975509c6c av_one_full  avia-builder-el-18  avia-builder-el-no-sibling  first flex_column_div  '     ><section  class='av_textblock_section av-m9zta45l-92be6142b828d740e7504fcbceeed196 '   itemscope=\"itemscope\" itemtype=\"https:\/\/schema.org\/CreativeWork\" ><div class='avia_textblock'  itemprop=\"text\" ><h2 style=\"text-align: center;\">DEPUIS D&rsquo;AUTRES A\u00c9ROPORTS EN TRAIN<\/h2>\n<p style=\"text-align: center;\">Chambery &#8211; Sauze d&rsquo;Oulx (environ.1&rsquo;40\u00a0\u00bb)<br \/>\n<a href=\"http:\/\/en.voyages-sncf.com\/en\/train-ticket\" target=\"_blank\" rel=\"noopener\">www.sncf.com<\/a><\/p>\n<p style=\"text-align: center;\">Lyon &#8211; Sauze d&rsquo;Oulx (environ. 3 heures)<br \/>\n<a href=\"http:\/\/en.voyages-sncf.com\/en\/train-ticket\" target=\"_blank\" rel=\"noopener\">www.sncf.com<\/a><\/p>\n<p style=\"text-align: center;\">Milan Malpensa\/ Linate &#8211; Oulx (environ. 2&rsquo;30\u00a0\u00bb)<br \/>\n<a href=\"https:\/\/www.trenitalia.com\/it.html?cid=G_AV1022AWO_SEARCH_B_Trenitalia_E&amp;gad_source=1&amp;gbraid=0AAAAADfH_pSbxyUFo-m3KnNX2PVaBZlVe&amp;gclid=EAIaIQobChMIxfG8j4P2jAMVaZWDBx27pxMLEAAYASAAEgI-2_D_BwE&amp;gclsrc=aw.ds\">www.trenitalia.it<\/a><\/p>\n<\/div><\/section><\/div><\/div><\/div><\/div><!-- close content main div --><\/div><\/div>\n<style type=\"text\/css\" data-created_by=\"avia_inline_auto\" id=\"style-css-av-av_section-de544a7b5a4e3d9d2ed6da349ab5f3ca\">\n.avia-section.av-av_section-de544a7b5a4e3d9d2ed6da349ab5f3ca{\nbackground-color:#ffffff;\nbackground-image:unset;\n}\n<\/style>\n<div id='av_section_6'  class='avia-section av-av_section-de544a7b5a4e3d9d2ed6da349ab5f3ca main_color avia-section-default avia-no-shadow  avia-builder-el-20  el_after_av_section  avia-builder-el-last  avia-bg-style-scroll container_wrap fullsize'  ><div class='container av-section-cont-open' ><div class='template-page content  av-content-full alpha units'><div class='post-entry post-entry-type-page post-entry-4666'><div class='entry-content-wrapper clearfix'>\n<div  class='flex_column av-av_one_full-048119fdb636ea3d70edc0b975509c6c av_one_full  avia-builder-el-21  el_before_av_one_half  avia-builder-el-first  first flex_column_div  '     ><section  class='av_textblock_section av-av_textblock-a84401d748662cd128a3afb7895d0fff '   itemscope=\"itemscope\" itemtype=\"https:\/\/schema.org\/CreativeWork\" ><div class='avia_textblock'  itemprop=\"text\" ><div class=\"leftaligncenter\">\n<h2 style=\"text-align: center;\"><strong>TAXI DE TURIN OU D&rsquo;OULX<\/strong><\/h2>\n<\/div>\n<\/div><\/section><\/div><div class='flex_column_table av-av_one_half-17423d3818e9298aacf518a468c537de sc-av_one_half av-equal-height-column-flextable'>\n<style type=\"text\/css\" data-created_by=\"avia_inline_auto\" id=\"style-css-av-av_one_half-17423d3818e9298aacf518a468c537de\">\n.flex_column.av-av_one_half-17423d3818e9298aacf518a468c537de{\nborder-width:1px;\nborder-color:#cccccc;\nborder-style:solid;\nborder-radius:12px 12px 12px 12px;\npadding:15px 15px 15px 15px;\nbackground-color:#f8f8f8;\n}\n<\/style>\n<div  class='flex_column av-av_one_half-17423d3818e9298aacf518a468c537de av_one_half  avia-builder-el-23  el_after_av_one_full  el_before_av_one_half  first flex_column_table_cell av-equal-height-column av-align-top  column-top-margin'     ><section  class='av_textblock_section av-m9zrqvv9-a71815057b4a62e1dd4962bd935ed688 '   itemscope=\"itemscope\" itemtype=\"https:\/\/schema.org\/CreativeWork\" ><div class='avia_textblock'  itemprop=\"text\" ><h3 style=\"text-align: center;\"><strong>Sauze d\u2019Oulx<\/strong><\/h3>\n<p style=\"text-align: center;\">Sauze Taxi \u2013 Tel +39 327 0610700<\/p>\n<p style=\"text-align: center;\">MB Taxi \u2013 Tel +39 338 4126498<\/p>\n<p style=\"text-align: center;\">Milky Way Taxi \u2013 Tel +39 339 4711384<\/p>\n<p style=\"text-align: center;\">Il Lungovunque \u2013 Tel +39 338 5632509<\/p>\n<\/div><\/section><\/div><div class='av-flex-placeholder'><\/div>\n<style type=\"text\/css\" data-created_by=\"avia_inline_auto\" id=\"style-css-av-av_one_half-e0ea5ce0920e60f3ac1f2988a84d1b7f\">\n.flex_column.av-av_one_half-e0ea5ce0920e60f3ac1f2988a84d1b7f{\nborder-width:1px;\nborder-color:#cccccc;\nborder-style:solid;\nborder-radius:12px 12px 12px 12px;\npadding:15px 15px 15px 15px;\nbackground-color:#f8f8f8;\n}\n<\/style>\n<div  class='flex_column av-av_one_half-e0ea5ce0920e60f3ac1f2988a84d1b7f av_one_half  avia-builder-el-25  el_after_av_one_half  avia-builder-el-last  flex_column_table_cell av-equal-height-column av-align-top  column-top-margin'     ><section  class='av_textblock_section av-m9zrrgdb-790201b1ea6e7169729647ac3da341a8 '   itemscope=\"itemscope\" itemtype=\"https:\/\/schema.org\/CreativeWork\" ><div class='avia_textblock'  itemprop=\"text\" ><h3 style=\"text-align: center;\"><strong>Oulx<\/strong><\/h3>\n<p style=\"text-align: center;\">Central Taxi \u2013 Tel +39 0122 832126 \/ +39 335 5267322<\/p>\n<p style=\"text-align: center;\">Magno \u2013 Tel +39 338 4058681 \/ +39 0122 831360<\/p>\n<p style=\"text-align: center;\">Zambello \u2013 Tel +39 392 3712091<\/p>\n<\/div><\/section><\/div><\/div><!--close column table wrapper. Autoclose: 1 -->\n<\/p>\n","protected":false},"excerpt":{"rendered":"","protected":false},"author":1,"featured_media":0,"parent":0,"menu_order":0,"comment_status":"closed","ping_status":"closed","template":"","meta":{"footnotes":""},"class_list":["post-4666","page","type-page","status-publish","hentry"],"_links":{"self":[{"href":"https:\/\/sauzedoulx.net\/fr\/wp-json\/wp\/v2\/pages\/4666","targetHints":{"allow":["GET"]}}],"collection":[{"href":"https:\/\/sauzedoulx.net\/fr\/wp-json\/wp\/v2\/pages"}],"about":[{"href":"https:\/\/sauzedoulx.net\/fr\/wp-json\/wp\/v2\/types\/page"}],"author":[{"embeddable":true,"href":"https:\/\/sauzedoulx.net\/fr\/wp-json\/wp\/v2\/users\/1"}],"replies":[{"embeddable":true,"href":"https:\/\/sauzedoulx.net\/fr\/wp-json\/wp\/v2\/comments?post=4666"}],"version-history":[{"count":4,"href":"https:\/\/sauzedoulx.net\/fr\/wp-json\/wp\/v2\/pages\/4666\/revisions"}],"predecessor-version":[{"id":5986,"href":"https:\/\/sauzedoulx.net\/fr\/wp-json\/wp\/v2\/pages\/4666\/revisions\/5986"}],"wp:attachment":[{"href":"https:\/\/sauzedoulx.net\/fr\/wp-json\/wp\/v2\/media?parent=4666"}],"curies":[{"name":"wp","href":"https:\/\/api.w.org\/{rel}","templated":true}]}}