{"id":4689,"date":"2024-06-09T11:20:55","date_gmt":"2024-06-09T11:20:55","guid":{"rendered":"https:\/\/sauzedoulx.net\/pacte-damitie\/"},"modified":"2024-11-14T13:17:54","modified_gmt":"2024-11-14T13:17:54","slug":"pacte-damitie","status":"publish","type":"page","link":"https:\/\/sauzedoulx.net\/fr\/pacte-damitie\/","title":{"rendered":"Pacte d\u2019amiti\u00e9"},"content":{"rendered":"\n<style type=\"text\/css\" data-created_by=\"avia_inline_auto\" id=\"style-css-av-4f1esq-973642d79b842800953306644e3300a6\">\n.avia-section.av-4f1esq-973642d79b842800953306644e3300a6{\nbackground-color:#f8f8f8;\nbackground-image:unset;\n}\n<\/style>\n<div id='av_section_1'  class='avia-section av-4f1esq-973642d79b842800953306644e3300a6 main_color avia-section-default avia-no-shadow  avia-builder-el-0  el_before_av_section  avia-builder-el-first  avia-bg-style-scroll container_wrap fullsize'  ><div class='container av-section-cont-open' ><main  role=\"main\" itemprop=\"mainContentOfPage\"  class='template-page content  av-content-full alpha units'><div class='post-entry post-entry-type-page post-entry-4689'><div class='entry-content-wrapper clearfix'>\n<div  class='flex_column av-46y4oq-674bc1004a2c3ac6446bc11fbe06fec1 av_one_full  avia-builder-el-1  avia-builder-el-no-sibling  first flex_column_div  '     ><section  class='av_textblock_section av-m0shxbo6-c670eb9bec562d251efd0a4a6791cf5f '   itemscope=\"itemscope\" itemtype=\"https:\/\/schema.org\/CreativeWork\" ><div class='avia_textblock'  itemprop=\"text\" ><h1 style=\"text-align: center;\">Pacte d\u2019amiti\u00e9<\/h1>\n<p style=\"text-align: center;\">Sauze d\u2019Oulx est une localit\u00e9 touristique renomm\u00e9e au niveau international. Les habitants du petit village d\u2019Edzell, dans le district \u00e9cossais d\u2019Angus, ont particuli\u00e8rement appr\u00e9ci\u00e9 non seulement le domaine skiable mais aussi les magnifiques paysages d\u2019\u00e9t\u00e9 et ils ont cr\u00e9\u00e9 des liens d\u2019amiti\u00e9 forts avec le \u00ab Sauzini \u00bb. <\/p>\n<p style=\"text-align: center;\">Pour cette raison, l\u2019administration municipale de Sauze d\u2019Oulx est particuli\u00e8rement fi\u00e8re du pacte d\u2019amiti\u00e9 entre les deux localit\u00e9s, sign\u00e9 entre le Maire Mauro Meneguzzi et le Conseiller Bob Myles d\u2019Edzell. <\/p>\n<\/div><\/section><\/div>\n\n<p><\/div><\/div><\/main><!-- close content main element --><\/div><\/div>\n<style type=\"text\/css\" data-created_by=\"avia_inline_auto\" id=\"style-css-av-42judu-52d48a424f2350f8084acd58fcd2d93b\">\n.avia-section.av-42judu-52d48a424f2350f8084acd58fcd2d93b{\nbackground-color:#ffffff;\nbackground-image:unset;\n}\n<\/style>\n<div id='av_section_2'  class='avia-section av-42judu-52d48a424f2350f8084acd58fcd2d93b main_color avia-section-default avia-no-shadow  avia-builder-el-3  el_after_av_section  el_before_av_section  avia-bg-style-scroll container_wrap fullsize'  ><div class='container av-section-cont-open' ><div class='template-page content  av-content-full alpha units'><div class='post-entry post-entry-type-page post-entry-4689'><div class='entry-content-wrapper clearfix'>\n<div class='flex_column_table av-3ytrzu-137fe7b039d0e5099c44861c13d501e1 sc-av_one_half av-equal-height-column-flextable'>\n<style type=\"text\/css\" data-created_by=\"avia_inline_auto\" id=\"style-css-av-3ytrzu-137fe7b039d0e5099c44861c13d501e1\">\n.flex_column.av-3ytrzu-137fe7b039d0e5099c44861c13d501e1{\nwidth:46.75%;\nmargin-left:0;\n}\n#top .flex_column_table.av-equal-height-column-flextable.av-3ytrzu-137fe7b039d0e5099c44861c13d501e1 .av-flex-placeholder{\nwidth:6.5%;\n}\n<\/style>\n<div  class='flex_column av-3ytrzu-137fe7b039d0e5099c44861c13d501e1 av_one_half  avia-builder-el-4  el_before_av_one_half  avia-builder-el-first  first flex_column_table_cell av-equal-height-column av-align-middle  '     ><style type=\"text\/css\" data-created_by=\"avia_inline_auto\" id=\"style-css-av-m0si1mzx-48461e58906057a42265109c1bf5208a\">\n.avia-image-container.av-m0si1mzx-48461e58906057a42265109c1bf5208a img.avia_image{\nbox-shadow:none;\n}\n.avia-image-container.av-m0si1mzx-48461e58906057a42265109c1bf5208a .av-image-caption-overlay-center{\ncolor:#ffffff;\n}\n<\/style>\n<div  id=\"imgbr\"  class='avia-image-container av-m0si1mzx-48461e58906057a42265109c1bf5208a av-styling- avia-align-center  avia-builder-el-5  avia-builder-el-no-sibling  imgbr'   itemprop=\"image\" itemscope=\"itemscope\" itemtype=\"https:\/\/schema.org\/ImageObject\" ><div class=\"avia-image-container-inner\"><div class=\"avia-image-overlay-wrap\"><img decoding=\"async\" fetchpriority=\"high\" class='wp-image-2250 avia-img-lazy-loading-not-2250 avia_image ' src=\"https:\/\/sauzedoulx.net\/wp-content\/uploads\/2024\/09\/Autumn_at_Gannochy_Bridge._-_geograph.org_.jpg\" alt='' title='Autumn_at_Gannochy_Bridge._-_geograph.org'  height=\"420\" width=\"632\"  itemprop=\"thumbnailUrl\" srcset=\"https:\/\/sauzedoulx.net\/wp-content\/uploads\/2024\/09\/Autumn_at_Gannochy_Bridge._-_geograph.org_.jpg 632w, https:\/\/sauzedoulx.net\/wp-content\/uploads\/2024\/09\/Autumn_at_Gannochy_Bridge._-_geograph.org_-300x199.jpg 300w\" sizes=\"(max-width: 632px) 100vw, 632px\" \/><\/div><\/div><\/div><\/div><div class='av-flex-placeholder'><\/div>\n<style type=\"text\/css\" data-created_by=\"avia_inline_auto\" id=\"style-css-av-3smz5u-25828fb6469bea97a32b391496019449\">\n.flex_column.av-3smz5u-25828fb6469bea97a32b391496019449{\nwidth:46.75%;\nmargin-left:0;\n}\n#top .flex_column_table.av-equal-height-column-flextable.av-3smz5u-25828fb6469bea97a32b391496019449 .av-flex-placeholder{\nwidth:6.5%;\n}\n<\/style>\n<div  class='flex_column av-3smz5u-25828fb6469bea97a32b391496019449 av_one_half  avia-builder-el-6  el_after_av_one_half  avia-builder-el-last  flex_column_table_cell av-equal-height-column av-align-middle  '     ><section  class='av_textblock_section av-m0si29p2-7c2e815ee359e5ecca989dddfda2d535 '   itemscope=\"itemscope\" itemtype=\"https:\/\/schema.org\/CreativeWork\" ><div class='avia_textblock'  itemprop=\"text\" ><div class=\"leftaligncenter\">\n<h2>Edzell<\/h2>\n<p>Edzell est un petit village avec une histoire interessante . Il est n\u00e9 en \u00e9poque georgienne, initialement appel\u00e9 Slateford, il se d\u00e9velopp\u00e9 en 1840 et il a aujourd\u2019hui des b\u00e2timents merveilleux et des espaces ouverts. Le pittoresque ch\u00e2teau d\u2019Edzell avec ses jardins magnifiquement d\u00e9cor\u00e9s, l\u2019arc fantastique de Dalhousie, qui vous accueille \u00e0 votre arriv\u00e9e, ne sont que quelques-unes des caract\u00e9ristiques qui conf\u00e8rent \u00e0 Edzell son charme. <\/p>\n<div class=\"credittext\">Image: Colin Smith<\/div>\n<\/div>\n<\/div><\/section><\/div><\/div><!--close column table wrapper. Autoclose: 1 -->\n<\/div><\/div><\/div><!-- close content main div --><\/div><\/div>\n<style type=\"text\/css\" data-created_by=\"avia_inline_auto\" id=\"style-css-av-3mit8i-1373411dac10ebf7995c4677b2389b4d\">\n.avia-section.av-3mit8i-1373411dac10ebf7995c4677b2389b4d{\nbackground-color:#f8f8f8;\nbackground-image:unset;\n}\n<\/style>\n<div id='av_section_3'  class='avia-section av-3mit8i-1373411dac10ebf7995c4677b2389b4d main_color avia-section-default avia-no-shadow  avia-builder-el-8  el_after_av_section  avia-builder-el-last  avia-bg-style-scroll container_wrap fullsize'  ><div class='container av-section-cont-open' ><div class='template-page content  av-content-full alpha units'><div class='post-entry post-entry-type-page post-entry-4689'><div class='entry-content-wrapper clearfix'>\n<div class='flex_column_table av-2erg9u-9337cc7de84b291258c48a5f6b025fbb sc-av_one_half av-equal-height-column-flextable'>\n<style type=\"text\/css\" data-created_by=\"avia_inline_auto\" id=\"style-css-av-2erg9u-9337cc7de84b291258c48a5f6b025fbb\">\n.flex_column.av-2erg9u-9337cc7de84b291258c48a5f6b025fbb{\nwidth:46.75%;\nmargin-left:0;\n}\n#top .flex_column_table.av-equal-height-column-flextable.av-2erg9u-9337cc7de84b291258c48a5f6b025fbb .av-flex-placeholder{\nwidth:6.5%;\n}\n<\/style>\n<div  class='flex_column av-2erg9u-9337cc7de84b291258c48a5f6b025fbb av_one_half  avia-builder-el-9  el_before_av_one_half  avia-builder-el-first  first flex_column_table_cell av-equal-height-column av-align-middle  '     ><style type=\"text\/css\" data-created_by=\"avia_inline_auto\" id=\"style-css-av-m0si4nrm-7e444454bd7c43752e945a6833580b78\">\n.avia-image-container.av-m0si4nrm-7e444454bd7c43752e945a6833580b78 img.avia_image{\nbox-shadow:none;\n}\n.avia-image-container.av-m0si4nrm-7e444454bd7c43752e945a6833580b78 .av-image-caption-overlay-center{\ncolor:#ffffff;\n}\n<\/style>\n<div  id=\"imgbr\"  class='avia-image-container av-m0si4nrm-7e444454bd7c43752e945a6833580b78 av-styling- avia-align-center  avia-builder-el-10  avia-builder-el-no-sibling  imgbr'   itemprop=\"image\" itemscope=\"itemscope\" itemtype=\"https:\/\/schema.org\/ImageObject\" ><div class=\"avia-image-container-inner\"><div class=\"avia-image-overlay-wrap\"><img decoding=\"async\" fetchpriority=\"high\" class='wp-image-2254 avia-img-lazy-loading-not-2254 avia_image ' src=\"https:\/\/sauzedoulx.net\/wp-content\/uploads\/2024\/09\/Edzell-Castleweb-845x684.jpg\" alt='' title='Edzell-Castleweb'  height=\"684\" width=\"845\"  itemprop=\"thumbnailUrl\" srcset=\"https:\/\/sauzedoulx.net\/wp-content\/uploads\/2024\/09\/Edzell-Castleweb-845x684.jpg 845w, https:\/\/sauzedoulx.net\/wp-content\/uploads\/2024\/09\/Edzell-Castleweb-495x400.jpg 495w\" sizes=\"(max-width: 845px) 100vw, 845px\" \/><\/div><\/div><\/div><\/div><div class='av-flex-placeholder'><\/div>\n<style type=\"text\/css\" data-created_by=\"avia_inline_auto\" id=\"style-css-av-3fq1ia-67e8673f807e88680556753f98930261\">\n.flex_column.av-3fq1ia-67e8673f807e88680556753f98930261{\nwidth:46.75%;\nmargin-left:0;\n}\n#top .flex_column_table.av-equal-height-column-flextable.av-3fq1ia-67e8673f807e88680556753f98930261 .av-flex-placeholder{\nwidth:6.5%;\n}\n<\/style>\n<div  class='flex_column av-3fq1ia-67e8673f807e88680556753f98930261 av_one_half  avia-builder-el-11  el_after_av_one_half  avia-builder-el-last  flex_column_table_cell av-equal-height-column av-align-middle  '     ><section  class='av_textblock_section av-3a8zde-56a19d83336df27c27a947e9246e7b54 '   itemscope=\"itemscope\" itemtype=\"https:\/\/schema.org\/CreativeWork\" ><div class='avia_textblock'  itemprop=\"text\" ><div class=\"leftaligncenter\">\n<h2>Dundee &amp; Angus<\/h2>\n<p>La r\u00e9gion de Dundee &amp; Angus, o\u00f9 se trouve cette ville \u00e9cossaise pittoresque, combine la premi\u00e8re ville de design par l\u2019UNESCO \u00e0 la terre merveilleuse qui offre l\u2019execellente viande de b\u0153ufs (Aberdeen Angus) et les fameux Arbroath Smokies (haddock fum\u00e9).<\/p>\n<div class=\"credittext\">Image: Gortyna\/ Creative Commons<\/div>\n<\/div>\n<\/div><\/section><br \/>\n<div  class='avia-button-wrap av-34m77u-5f85b77c215f95bfc4938d85aa0d124a-wrap avia-button-left  avia-builder-el-13  el_after_av_textblock  avia-builder-el-last  leftaligncenter'>\n<style type=\"text\/css\" data-created_by=\"avia_inline_auto\" id=\"style-css-av-34m77u-5f85b77c215f95bfc4938d85aa0d124a\">\n#top #wrap_all .avia-button.av-34m77u-5f85b77c215f95bfc4938d85aa0d124a{\nbackground-color:#2693e6;\nborder-color:#2693e6;\nborder-radius:10px 10px 10px 10px;\nbox-shadow: 2px 2px 2px 1px #e0e0e0;\ntransition:all 0.4s ease-in-out;\n}\n#top #wrap_all .avia-button.av-34m77u-5f85b77c215f95bfc4938d85aa0d124a:hover{\ncolor:#2693e6;\ntransition:all 0.4s ease-in-out;\n}\n#top #wrap_all.avia-button.av-34m77u-5f85b77c215f95bfc4938d85aa0d124a:hover .avia_button_background{\nborder-radius:10px 10px 10px 10px;\n}\n<\/style>\n<a href='https:\/\/www.visitscotland.com\/destinations-maps\/dundee-angus\/' class='avia-button av-34m77u-5f85b77c215f95bfc4938d85aa0d124a av-link-btn avia-icon_select-yes-left-icon avia-size-large avia-position-left avia-font-color-theme-color' target=\"_blank\" rel=\"noopener noreferrer\" aria-label=\"VISIT SCOTLAND\"><span class='avia_button_icon avia_button_icon_left' aria-hidden='true' data-av_icon='\ue835' data-av_iconfont='entypo-fontello'><\/span><span class='avia_iconbox_title' >VISIT SCOTLAND<\/span><span class='avia_button_background avia-button avia-color-theme-color-highlight' ><\/span><\/a><\/div><\/p><\/div><\/div><!--close column table wrapper. Autoclose: 1 -->\n<\/p>\n","protected":false},"excerpt":{"rendered":"","protected":false},"author":1,"featured_media":0,"parent":0,"menu_order":0,"comment_status":"closed","ping_status":"closed","template":"","meta":{"footnotes":""},"class_list":["post-4689","page","type-page","status-publish","hentry"],"_links":{"self":[{"href":"https:\/\/sauzedoulx.net\/fr\/wp-json\/wp\/v2\/pages\/4689","targetHints":{"allow":["GET"]}}],"collection":[{"href":"https:\/\/sauzedoulx.net\/fr\/wp-json\/wp\/v2\/pages"}],"about":[{"href":"https:\/\/sauzedoulx.net\/fr\/wp-json\/wp\/v2\/types\/page"}],"author":[{"embeddable":true,"href":"https:\/\/sauzedoulx.net\/fr\/wp-json\/wp\/v2\/users\/1"}],"replies":[{"embeddable":true,"href":"https:\/\/sauzedoulx.net\/fr\/wp-json\/wp\/v2\/comments?post=4689"}],"version-history":[{"count":0,"href":"https:\/\/sauzedoulx.net\/fr\/wp-json\/wp\/v2\/pages\/4689\/revisions"}],"wp:attachment":[{"href":"https:\/\/sauzedoulx.net\/fr\/wp-json\/wp\/v2\/media?parent=4689"}],"curies":[{"name":"wp","href":"https:\/\/api.w.org\/{rel}","templated":true}]}}