{"id":4701,"date":"2024-06-09T11:21:24","date_gmt":"2024-06-09T11:21:24","guid":{"rendered":"https:\/\/sauzedoulx.net\/credits-du-site-web\/"},"modified":"2024-11-14T14:24:17","modified_gmt":"2024-11-14T14:24:17","slug":"credits-du-site-web","status":"publish","type":"page","link":"https:\/\/sauzedoulx.net\/fr\/credits-du-site-web\/","title":{"rendered":"Cr\u00e9dits du site web"},"content":{"rendered":"\n<style type=\"text\/css\" data-created_by=\"avia_inline_auto\" id=\"style-css-av-10uk05-bb2485cad6b018ff1907fbc562b90812\">\n.avia-section.av-10uk05-bb2485cad6b018ff1907fbc562b90812{\nbackground-color:#f8f8f8;\nbackground-image:unset;\n}\n<\/style>\n<div id='av_section_1'  class='avia-section av-10uk05-bb2485cad6b018ff1907fbc562b90812 main_color avia-section-default avia-no-shadow  avia-builder-el-0  el_before_av_section  avia-builder-el-first  avia-bg-style-scroll container_wrap fullsize'  ><div class='container av-section-cont-open' ><main  role=\"main\" itemprop=\"mainContentOfPage\"  class='template-page content  av-content-full alpha units'><div class='post-entry post-entry-type-page post-entry-4701'><div class='entry-content-wrapper clearfix'>\n<div  class='flex_column av-xfqph-fb3b32c02c75180ed204b639834eb85b av_one_full  avia-builder-el-1  avia-builder-el-no-sibling  first flex_column_div  '     ><section  class='av_textblock_section av-m0sics3z-79d6d4fca8e7189307d7d184de054897 '   itemscope=\"itemscope\" itemtype=\"https:\/\/schema.org\/CreativeWork\" ><div class='avia_textblock'  itemprop=\"text\" ><h1 style=\"text-align: center;\">Cr\u00e9dits du site web<\/h1>\n<p style=\"text-align: center;\"><strong>Cr\u00e9dits du site web<\/strong><br \/>\nCe site internet est une initiative de Mauro Meneguzzi, Maire de Sauze d\u2019Oulx.<\/p>\n<p style=\"text-align: center;\"><strong>Images<\/strong><br \/>\nLes images de ce site sont sous copyright et ont \u00e9t\u00e9 utilis\u00e9es avec la permission des propri\u00e9taires ou apr\u00e8s l\u2019obtention de la licence. Sauf indication contraire, il n\u2019y a pas d\u2019images du domaine public. <\/p>\n<p style=\"text-align: center;\"><strong>Collaborateurs<\/strong><br \/>\nNous tenons \u00e0 remercier tous ceux qui ont contribu\u00e9 \u00e0 la r\u00e9alisationSave de ce site et des diff\u00e9rentes vid\u00e9os ainsi que la Mairie de Sauze d\u2019Oulx y compris (par ordre alphab\u00e9tique):<\/p>\n<p style=\"text-align: center;\">\n<\/div><\/section><\/div>\n\n<\/div><\/div><\/main><!-- close content main element --><\/div><\/div>\n<style type=\"text\/css\" data-created_by=\"avia_inline_auto\" id=\"style-css-av-qqju5-25b128b15ad52d4a5b4c9ca636a39a1c\">\n.avia-section.av-qqju5-25b128b15ad52d4a5b4c9ca636a39a1c{\nbackground-color:#ffffff;\nbackground-image:unset;\n}\n<\/style>\n<div id='av_section_2'  class='avia-section av-qqju5-25b128b15ad52d4a5b4c9ca636a39a1c main_color avia-section-default avia-no-shadow  avia-builder-el-3  el_after_av_section  el_before_av_section  avia-bg-style-scroll container_wrap fullsize'  ><div class='container av-section-cont-open' ><div class='template-page content  av-content-full alpha units'><div class='post-entry post-entry-type-page post-entry-4701'><div class='entry-content-wrapper clearfix'>\n<div  class='flex_column av-jqij9-3eb579513ffae05dd017c8bf13442705 av_one_half  avia-builder-el-4  el_before_av_one_half  avia-builder-el-first  first flex_column_div  '     ><section  class='av_textblock_section av-m0sids5t-46b5dd824a6d969c6e9a7d9e94bf228d '   itemscope=\"itemscope\" itemtype=\"https:\/\/schema.org\/CreativeWork\" ><div class='avia_textblock'  itemprop=\"text\" ><div class=\"leftaligncenter\">\n<p style=\"text-align: center;\">Sara Allemand<br \/>\nAlberto Ambrosiani<br \/>\nGuido Ambrosiani<br \/>\nSophie &amp; Simon Brown<br \/>\nJill Couzens<br \/>\nStefano Daverio<br \/>\nSteve Davidson<br \/>\nPaola Debili<br \/>\nHelen Dickinson<br \/>\nJazmine Erta<br \/>\nMarco Eydallin<br \/>\nSimone Eydallin<\/p>\n<\/div>\n<\/div><\/section><\/div><div  class='flex_column av-1qeqt-bb2b11ce9085cb682a7adbb687a63cdf av_one_half  avia-builder-el-6  el_after_av_one_half  avia-builder-el-last  flex_column_div  '     ><section  class='av_textblock_section av-m0sietol-7512c3323e5afc07debe1a2e55e12b78 '   itemscope=\"itemscope\" itemtype=\"https:\/\/schema.org\/CreativeWork\" ><div class='avia_textblock'  itemprop=\"text\" ><div class=\"leftaligncenter\">\n<p style=\"text-align: center;\">Federico Faure<br \/>\nRenato Giono<br \/>\nPiero Gros<br \/>\nPatrick Hooker<br \/>\nKaren Laycock<br \/>\nAndrea Madiotto<br \/>\nRoberta Natta<br \/>\nStefano Pagliano<br \/>\nValter Perron<br \/>\nEdo Strami<br \/>\nAndrea Tiberi<\/p>\n<\/div>\n<\/div><\/section><\/div>\n\n<\/div><\/div><\/div><!-- close content main div --><\/div><\/div>\n<style type=\"text\/css\" data-created_by=\"avia_inline_auto\" id=\"style-css-av-mc9j9-780c1a97dac127f7d393058d133cf741\">\n.avia-section.av-mc9j9-780c1a97dac127f7d393058d133cf741{\nbackground-color:#f8f8f8;\nbackground-image:unset;\n}\n<\/style>\n<div id='av_section_3'  class='avia-section av-mc9j9-780c1a97dac127f7d393058d133cf741 main_color avia-section-default avia-no-shadow  avia-builder-el-8  el_after_av_section  el_before_av_section  avia-bg-style-scroll container_wrap fullsize'  ><div class='container av-section-cont-open' ><div class='template-page content  av-content-full alpha units'><div class='post-entry post-entry-type-page post-entry-4701'><div class='entry-content-wrapper clearfix'>\n<div  class='flex_column av-sp0d-382d64725beb441038bc068f837c42c3 av_one_full  avia-builder-el-9  avia-builder-el-no-sibling  first flex_column_div  '     ><section  class='av_textblock_section av-m0sifqcv-c4040e718a98cf3921862b654491b09d '   itemscope=\"itemscope\" itemtype=\"https:\/\/schema.org\/CreativeWork\" ><div class='avia_textblock'  itemprop=\"text\" ><div class=\"leftaligncenter\">\n<p style=\"text-align: center;\">Nous remercions aussi pour leur collaboration:<\/p>\n<p style=\"text-align: center;\">Cinzia Eydallin et Manuela Buzio \u2013 Office de Tourisme<\/p>\n<p style=\"text-align: center;\">Giorgio Giordana du Consorzio Turistico de Sauze d\u2019Oulx<\/p>\n<\/div>\n<\/div><\/section><\/div>\n\n<\/div><\/div><\/div><!-- close content main div --><\/div><\/div>\n<style type=\"text\/css\" data-created_by=\"avia_inline_auto\" id=\"style-css-av-cvuwl-b1a7f6f726d210dd1c7543ece56752ad\">\n.avia-section.av-cvuwl-b1a7f6f726d210dd1c7543ece56752ad{\nbackground-color:#ffffff;\nbackground-image:unset;\n}\n<\/style>\n<div id='av_section_4'  class='avia-section av-cvuwl-b1a7f6f726d210dd1c7543ece56752ad main_color avia-section-default avia-no-shadow  avia-builder-el-11  el_after_av_section  avia-builder-el-last  avia-bg-style-scroll container_wrap fullsize'  ><div class='container av-section-cont-open' ><div class='template-page content  av-content-full alpha units'><div class='post-entry post-entry-type-page post-entry-4701'><div class='entry-content-wrapper clearfix'>\n<div  class='flex_column av-9os5p-8a01eda695607ff8e44c09ba4d906a21 av_one_full  avia-builder-el-12  avia-builder-el-no-sibling  first flex_column_div  '     ><section  class='av_textblock_section av-m0siiuvt-532cc48c2249842112f2a044891470a0 '   itemscope=\"itemscope\" itemtype=\"https:\/\/schema.org\/CreativeWork\" ><div class='avia_textblock'  itemprop=\"text\" ><div class=\"leftaligncenter\">\n<p style=\"text-align: center;\">Ce site internet et vid\u00e9os ont \u00e9t\u00e9 r\u00e9alis\u00e9s par Damian Davies d\u2019<a href=\"http:\/\/www.alpscreative.net\/\" target=\"_blank\" rel=\"noopener\">Alps Creative<\/a> \u00e0 la demande de la Mairie de Sauze d\u2019Oulx.<\/p>\n<\/div>\n<\/div><\/section><\/div>\n\n","protected":false},"excerpt":{"rendered":"","protected":false},"author":1,"featured_media":0,"parent":0,"menu_order":0,"comment_status":"closed","ping_status":"closed","template":"","meta":{"footnotes":""},"class_list":["post-4701","page","type-page","status-publish","hentry"],"_links":{"self":[{"href":"https:\/\/sauzedoulx.net\/fr\/wp-json\/wp\/v2\/pages\/4701","targetHints":{"allow":["GET"]}}],"collection":[{"href":"https:\/\/sauzedoulx.net\/fr\/wp-json\/wp\/v2\/pages"}],"about":[{"href":"https:\/\/sauzedoulx.net\/fr\/wp-json\/wp\/v2\/types\/page"}],"author":[{"embeddable":true,"href":"https:\/\/sauzedoulx.net\/fr\/wp-json\/wp\/v2\/users\/1"}],"replies":[{"embeddable":true,"href":"https:\/\/sauzedoulx.net\/fr\/wp-json\/wp\/v2\/comments?post=4701"}],"version-history":[{"count":0,"href":"https:\/\/sauzedoulx.net\/fr\/wp-json\/wp\/v2\/pages\/4701\/revisions"}],"wp:attachment":[{"href":"https:\/\/sauzedoulx.net\/fr\/wp-json\/wp\/v2\/media?parent=4701"}],"curies":[{"name":"wp","href":"https:\/\/api.w.org\/{rel}","templated":true}]}}