{"id":5957,"date":"2025-04-27T09:17:54","date_gmt":"2025-04-27T09:17:54","guid":{"rendered":"https:\/\/sauzedoulx.net\/?page_id=5957"},"modified":"2025-04-28T08:35:06","modified_gmt":"2025-04-28T08:35:06","slug":"centre-sportif-pin-court","status":"publish","type":"page","link":"https:\/\/sauzedoulx.net\/fr\/sauze-doulx\/centre-sportif-pin-court\/","title":{"rendered":"Centre Sportif Pin Court"},"content":{"rendered":"<section  class='av_textblock_section av-m9zqa910-25d0b0de96119345c9b12e8220361eb5 '   itemscope=\"itemscope\" itemtype=\"https:\/\/schema.org\/CreativeWork\" ><div class='avia_textblock'  itemprop=\"text\" ><h2 style=\"text-align: center;\">CENTRE SPORTIF PIN COURT<\/h2>\n<p style=\"text-align: center;\">Le centre sportif Pin Court est un point de r\u00e9f\u00e9rence pour les amateurs de sport \u00e0 Sauze d&rsquo;Oulx, dans le Val de Suse. Gr\u00e2ce \u00e0 des installations modernes et \u00e0 un cadre naturel unique, notre centre offre un environnement id\u00e9al pour ceux qui recherchent un entra\u00eenement professionnel, un s\u00e9jour actif en montagne ou simplement des moments de d\u00e9tente et de r\u00e9cr\u00e9ation par le sport.<\/p>\n<p style=\"text-align: center;\">La mission du centre est de promouvoir un mode de vie sain et d&rsquo;accueillir les athl\u00e8tes, les familles, les touristes et les passionn\u00e9s de tous \u00e2ges, en garantissant une exp\u00e9rience sportive compl\u00e8te<\/p>\n<\/div><\/section>\n<div  class='flex_column av-av_one_full-cccaee116c3e917eacba14988591ccf9 av_one_full  avia-builder-el-1  el_after_av_textblock  el_before_av_one_full  first flex_column_div  column-top-margin'     ><style type=\"text\/css\" data-created_by=\"avia_inline_auto\" id=\"style-css-av-m9zfaeoo-c67d98e14242375c9261dd736cffd3c6\">\n.avia-image-container.av-m9zfaeoo-c67d98e14242375c9261dd736cffd3c6 img.avia_image{\nbox-shadow:none;\n}\n.avia-image-container.av-m9zfaeoo-c67d98e14242375c9261dd736cffd3c6 .av-image-caption-overlay-center{\ncolor:#ffffff;\n}\n<\/style>\n<div  class='avia-image-container av-m9zfaeoo-c67d98e14242375c9261dd736cffd3c6 av-styling- avia-align-center  avia-builder-el-2  avia-builder-el-no-sibling '   itemprop=\"image\" itemscope=\"itemscope\" itemtype=\"https:\/\/schema.org\/ImageObject\" ><div class=\"avia-image-container-inner\"><div class=\"avia-image-overlay-wrap\"><img decoding=\"async\" fetchpriority=\"high\" class='wp-image-2540 avia-img-lazy-loading-not-2540 avia_image ' src=\"https:\/\/sauzedoulx.net\/wp-content\/uploads\/2024\/09\/pincourt-1500x430-1.jpg\" alt='' title='pincourt-1500x430'  height=\"430\" width=\"1500\"  itemprop=\"thumbnailUrl\" srcset=\"https:\/\/sauzedoulx.net\/wp-content\/uploads\/2024\/09\/pincourt-1500x430-1.jpg 1500w, https:\/\/sauzedoulx.net\/wp-content\/uploads\/2024\/09\/pincourt-1500x430-1-300x86.jpg 300w, https:\/\/sauzedoulx.net\/wp-content\/uploads\/2024\/09\/pincourt-1500x430-1-1030x295.jpg 1030w, https:\/\/sauzedoulx.net\/wp-content\/uploads\/2024\/09\/pincourt-1500x430-1-768x220.jpg 768w, https:\/\/sauzedoulx.net\/wp-content\/uploads\/2024\/09\/pincourt-1500x430-1-705x202.jpg 705w\" sizes=\"(max-width: 1500px) 100vw, 1500px\" \/><\/div><\/div><\/div><\/div><div  class='flex_column av-av_one_full-cccaee116c3e917eacba14988591ccf9 av_one_full  avia-builder-el-3  el_after_av_one_full  el_before_av_one_third  first flex_column_div  column-top-margin'     ><section  class='av_textblock_section av-m9zfb61n-4bd2a6be41fca8074237d3baa1f30734 '   itemscope=\"itemscope\" itemtype=\"https:\/\/schema.org\/CreativeWork\" ><div class='avia_textblock'  itemprop=\"text\" ><h2 style=\"text-align: center;\">\u00c9QUIPEMENTS EXT\u00c9RIEURS<\/h2>\n<ul>\n<li><strong>Terrains de tennis en terre battue :<\/strong> Pour ceux qui appr\u00e9cient la pr\u00e9cision et la technique du tennis, nos courts offrent un terrain id\u00e9al pour un entra\u00eenement intensif, des le\u00e7ons et des matchs entre amis.<\/li>\n<li><strong>Terrains de padel :<\/strong> Le sport du moment, id\u00e9al pour s&rsquo;amuser et se rencontrer, que vous pouvez pratiquer sur nos terrains d\u00e9di\u00e9s, tant au niveau amateur que professionnel.<\/li>\n<li><strong>Terrain de football et de football \u00e0 cinq :<\/strong> Un terrain en gazon naturel, parfait pour les matchs et les entra\u00eenements, qui attire des \u00e9quipes professionnelles et amateurs \u00e0 la recherche d&rsquo;un environnement stimulant en altitude.<\/li>\n<\/ul>\n<\/div><\/section><\/div><\/p>\n<div  class='flex_column av-av_one_third-cccaee116c3e917eacba14988591ccf9 av_one_third  avia-builder-el-5  el_after_av_one_full  el_before_av_one_third  first flex_column_div  column-top-margin'     ><style type=\"text\/css\" data-created_by=\"avia_inline_auto\" id=\"style-css-av-m9zfc9hz-e113703e0afbe98cc7c99e4b7b5ae93b\">\n.avia-image-container.av-m9zfc9hz-e113703e0afbe98cc7c99e4b7b5ae93b img.avia_image{\nbox-shadow:none;\n}\n.avia-image-container.av-m9zfc9hz-e113703e0afbe98cc7c99e4b7b5ae93b .av-image-caption-overlay-center{\ncolor:#ffffff;\n}\n<\/style>\n<div  class='avia-image-container av-m9zfc9hz-e113703e0afbe98cc7c99e4b7b5ae93b av-styling- avia-align-center  avia-builder-el-6  avia-builder-el-no-sibling '   itemprop=\"image\" itemscope=\"itemscope\" itemtype=\"https:\/\/schema.org\/ImageObject\" ><div class=\"avia-image-container-inner\"><div class=\"avia-image-overlay-wrap\"><img decoding=\"async\" fetchpriority=\"high\" class='wp-image-5786 avia-img-lazy-loading-not-5786 avia_image ' src=\"https:\/\/sauzedoulx.net\/wp-content\/uploads\/2025\/04\/486853937_1194536822680931_7427287126160403722_n-1030x699.jpg\" alt='' title='486853937_1194536822680931_7427287126160403722_n'  height=\"699\" width=\"1030\"  itemprop=\"thumbnailUrl\" srcset=\"https:\/\/sauzedoulx.net\/wp-content\/uploads\/2025\/04\/486853937_1194536822680931_7427287126160403722_n-1030x699.jpg 1030w, https:\/\/sauzedoulx.net\/wp-content\/uploads\/2025\/04\/486853937_1194536822680931_7427287126160403722_n-300x204.jpg 300w, https:\/\/sauzedoulx.net\/wp-content\/uploads\/2025\/04\/486853937_1194536822680931_7427287126160403722_n-768x521.jpg 768w, https:\/\/sauzedoulx.net\/wp-content\/uploads\/2025\/04\/486853937_1194536822680931_7427287126160403722_n-1536x1043.jpg 1536w, https:\/\/sauzedoulx.net\/wp-content\/uploads\/2025\/04\/486853937_1194536822680931_7427287126160403722_n-1500x1018.jpg 1500w, https:\/\/sauzedoulx.net\/wp-content\/uploads\/2025\/04\/486853937_1194536822680931_7427287126160403722_n-705x478.jpg 705w, https:\/\/sauzedoulx.net\/wp-content\/uploads\/2025\/04\/486853937_1194536822680931_7427287126160403722_n.jpg 2048w\" sizes=\"(max-width: 1030px) 100vw, 1030px\" \/><\/div><\/div><\/div><\/div>\n<div  class='flex_column av-av_one_third-bda30c2a5c8f7798e3bcdbf06fc60cb6 av_one_third  avia-builder-el-7  el_after_av_one_third  el_before_av_one_third  flex_column_div  column-top-margin'     ><style type=\"text\/css\" data-created_by=\"avia_inline_auto\" id=\"style-css-av-m9zfciz2-9a4aa96fb75f5d088240b08a45f08e28\">\n.avia-image-container.av-m9zfciz2-9a4aa96fb75f5d088240b08a45f08e28 img.avia_image{\nbox-shadow:none;\n}\n.avia-image-container.av-m9zfciz2-9a4aa96fb75f5d088240b08a45f08e28 .av-image-caption-overlay-center{\ncolor:#ffffff;\n}\n<\/style>\n<div  class='avia-image-container av-m9zfciz2-9a4aa96fb75f5d088240b08a45f08e28 av-styling- avia-align-center  avia-builder-el-8  avia-builder-el-no-sibling '   itemprop=\"image\" itemscope=\"itemscope\" itemtype=\"https:\/\/schema.org\/ImageObject\" ><div class=\"avia-image-container-inner\"><div class=\"avia-image-overlay-wrap\"><img decoding=\"async\" fetchpriority=\"high\" class='wp-image-5774 avia-img-lazy-loading-not-5774 avia_image ' src=\"https:\/\/sauzedoulx.net\/wp-content\/uploads\/2025\/04\/491831722_1218532490281364_2754978386071803151_n-1030x687.jpg\" alt='' title='491831722_1218532490281364_2754978386071803151_n'  height=\"687\" width=\"1030\"  itemprop=\"thumbnailUrl\" srcset=\"https:\/\/sauzedoulx.net\/wp-content\/uploads\/2025\/04\/491831722_1218532490281364_2754978386071803151_n-1030x687.jpg 1030w, https:\/\/sauzedoulx.net\/wp-content\/uploads\/2025\/04\/491831722_1218532490281364_2754978386071803151_n-300x200.jpg 300w, https:\/\/sauzedoulx.net\/wp-content\/uploads\/2025\/04\/491831722_1218532490281364_2754978386071803151_n-768x512.jpg 768w, https:\/\/sauzedoulx.net\/wp-content\/uploads\/2025\/04\/491831722_1218532490281364_2754978386071803151_n-705x470.jpg 705w, https:\/\/sauzedoulx.net\/wp-content\/uploads\/2025\/04\/491831722_1218532490281364_2754978386071803151_n.jpg 1200w\" sizes=\"(max-width: 1030px) 100vw, 1030px\" \/><\/div><\/div><\/div><\/div>\n<div  class='flex_column av-av_one_third-bda30c2a5c8f7798e3bcdbf06fc60cb6 av_one_third  avia-builder-el-9  el_after_av_one_third  el_before_av_one_full  flex_column_div  column-top-margin'     ><style type=\"text\/css\" data-created_by=\"avia_inline_auto\" id=\"style-css-av-m9zfct9q-77016fe694cfe7d94f261ece831bb2ba\">\n.avia-image-container.av-m9zfct9q-77016fe694cfe7d94f261ece831bb2ba img.avia_image{\nbox-shadow:none;\n}\n.avia-image-container.av-m9zfct9q-77016fe694cfe7d94f261ece831bb2ba .av-image-caption-overlay-center{\ncolor:#ffffff;\n}\n<\/style>\n<div  class='avia-image-container av-m9zfct9q-77016fe694cfe7d94f261ece831bb2ba av-styling- avia-align-center  avia-builder-el-10  avia-builder-el-no-sibling '   itemprop=\"image\" itemscope=\"itemscope\" itemtype=\"https:\/\/schema.org\/ImageObject\" ><div class=\"avia-image-container-inner\"><div class=\"avia-image-overlay-wrap\"><img decoding=\"async\" fetchpriority=\"high\" class='wp-image-5809 avia-img-lazy-loading-not-5809 avia_image ' src=\"https:\/\/sauzedoulx.net\/wp-content\/uploads\/2025\/04\/487880454_1199800048821275_8068611000600487268_n-2-1030x700.jpg\" alt='' title='487880454_1199800048821275_8068611000600487268_n'  height=\"700\" width=\"1030\"  itemprop=\"thumbnailUrl\" srcset=\"https:\/\/sauzedoulx.net\/wp-content\/uploads\/2025\/04\/487880454_1199800048821275_8068611000600487268_n-2-1030x700.jpg 1030w, https:\/\/sauzedoulx.net\/wp-content\/uploads\/2025\/04\/487880454_1199800048821275_8068611000600487268_n-2-300x204.jpg 300w, https:\/\/sauzedoulx.net\/wp-content\/uploads\/2025\/04\/487880454_1199800048821275_8068611000600487268_n-2-768x522.jpg 768w, https:\/\/sauzedoulx.net\/wp-content\/uploads\/2025\/04\/487880454_1199800048821275_8068611000600487268_n-2-1536x1043.jpg 1536w, https:\/\/sauzedoulx.net\/wp-content\/uploads\/2025\/04\/487880454_1199800048821275_8068611000600487268_n-2-1500x1019.jpg 1500w, https:\/\/sauzedoulx.net\/wp-content\/uploads\/2025\/04\/487880454_1199800048821275_8068611000600487268_n-2-705x479.jpg 705w, https:\/\/sauzedoulx.net\/wp-content\/uploads\/2025\/04\/487880454_1199800048821275_8068611000600487268_n-2.jpg 2048w\" sizes=\"(max-width: 1030px) 100vw, 1030px\" \/><\/div><\/div><\/div><\/div>\n<div  class='flex_column av-av_one_full-cccaee116c3e917eacba14988591ccf9 av_one_full  avia-builder-el-11  el_after_av_one_third  el_before_av_one_third  first flex_column_div  column-top-margin'     ><section  class='av_textblock_section av-m9zfdufr-4f4cafd7f6818219f14059cb19afdbd4 '   itemscope=\"itemscope\" itemtype=\"https:\/\/schema.org\/CreativeWork\" ><div class='avia_textblock'  itemprop=\"text\" ><h2 style=\"text-align: center;\">\u00c9QUIPEMENTS INT\u00c9RIEURS<\/h2>\n<ul>\n<li><strong>Salle de sport \u00e9quip\u00e9e :<\/strong> Un environnement stimulant et moderne dot\u00e9 des meilleurs \u00e9quipements de fitness et de musculation, adapt\u00e9 \u00e0 la fois \u00e0 la musculation et aux s\u00e9ances cardio et fonctionnelles.<\/li>\n<li><strong>Cours de fitness et de bien-\u00eatre :<\/strong> Pilates, yoga, spinning et autres, dans des cours con\u00e7us pour tous les niveaux de condition physique et anim\u00e9s par nos instructeurs exp\u00e9riment\u00e9s.<\/li>\n<\/ul>\n<\/div><\/section><\/div>\n<div  class='flex_column av-av_one_third-cccaee116c3e917eacba14988591ccf9 av_one_third  avia-builder-el-13  el_after_av_one_full  el_before_av_one_third  first flex_column_div  column-top-margin'     ><style type=\"text\/css\" data-created_by=\"avia_inline_auto\" id=\"style-css-av-m9zfkmmj-47e4681ad17d1334fe2a15fdb0f9fbab\">\n.avia-image-container.av-m9zfkmmj-47e4681ad17d1334fe2a15fdb0f9fbab img.avia_image{\nbox-shadow:none;\n}\n.avia-image-container.av-m9zfkmmj-47e4681ad17d1334fe2a15fdb0f9fbab .av-image-caption-overlay-center{\ncolor:#ffffff;\n}\n<\/style>\n<div  class='avia-image-container av-m9zfkmmj-47e4681ad17d1334fe2a15fdb0f9fbab av-styling- avia-align-center  avia-builder-el-14  avia-builder-el-no-sibling '   itemprop=\"image\" itemscope=\"itemscope\" itemtype=\"https:\/\/schema.org\/ImageObject\" ><div class=\"avia-image-container-inner\"><div class=\"avia-image-overlay-wrap\"><img decoding=\"async\" fetchpriority=\"high\" class='wp-image-5777 avia-img-lazy-loading-not-5777 avia_image ' src=\"https:\/\/sauzedoulx.net\/wp-content\/uploads\/2025\/04\/6154b164-0547-473d-bfb1-ef50e8a3141a-1030x773.jpeg\" alt='' title='6154b164-0547-473d-bfb1-ef50e8a3141a'  height=\"773\" width=\"1030\"  itemprop=\"thumbnailUrl\" srcset=\"https:\/\/sauzedoulx.net\/wp-content\/uploads\/2025\/04\/6154b164-0547-473d-bfb1-ef50e8a3141a-1030x773.jpeg 1030w, https:\/\/sauzedoulx.net\/wp-content\/uploads\/2025\/04\/6154b164-0547-473d-bfb1-ef50e8a3141a-300x225.jpeg 300w, https:\/\/sauzedoulx.net\/wp-content\/uploads\/2025\/04\/6154b164-0547-473d-bfb1-ef50e8a3141a-768x576.jpeg 768w, https:\/\/sauzedoulx.net\/wp-content\/uploads\/2025\/04\/6154b164-0547-473d-bfb1-ef50e8a3141a-705x529.jpeg 705w, https:\/\/sauzedoulx.net\/wp-content\/uploads\/2025\/04\/6154b164-0547-473d-bfb1-ef50e8a3141a.jpeg 1080w\" sizes=\"(max-width: 1030px) 100vw, 1030px\" \/><\/div><\/div><\/div><\/div>\n<div  class='flex_column av-av_one_third-bda30c2a5c8f7798e3bcdbf06fc60cb6 av_one_third  avia-builder-el-15  el_after_av_one_third  el_before_av_one_third  flex_column_div  column-top-margin'     ><style type=\"text\/css\" data-created_by=\"avia_inline_auto\" id=\"style-css-av-m9zfkwmq-5809cc0c67949a26f76314fbe22ae41b\">\n.avia-image-container.av-m9zfkwmq-5809cc0c67949a26f76314fbe22ae41b img.avia_image{\nbox-shadow:none;\n}\n.avia-image-container.av-m9zfkwmq-5809cc0c67949a26f76314fbe22ae41b .av-image-caption-overlay-center{\ncolor:#ffffff;\n}\n<\/style>\n<div  class='avia-image-container av-m9zfkwmq-5809cc0c67949a26f76314fbe22ae41b av-styling- avia-align-center  avia-builder-el-16  avia-builder-el-no-sibling '   itemprop=\"image\" itemscope=\"itemscope\" itemtype=\"https:\/\/schema.org\/ImageObject\" ><div class=\"avia-image-container-inner\"><div class=\"avia-image-overlay-wrap\"><img decoding=\"async\" fetchpriority=\"high\" class='wp-image-5780 avia-img-lazy-loading-not-5780 avia_image ' src=\"https:\/\/sauzedoulx.net\/wp-content\/uploads\/2025\/04\/482221167_1178181744316439_6098040375117250897_n-1030x773.jpg\" alt='' title='482221167_1178181744316439_6098040375117250897_n'  height=\"773\" width=\"1030\"  itemprop=\"thumbnailUrl\" srcset=\"https:\/\/sauzedoulx.net\/wp-content\/uploads\/2025\/04\/482221167_1178181744316439_6098040375117250897_n-1030x773.jpg 1030w, https:\/\/sauzedoulx.net\/wp-content\/uploads\/2025\/04\/482221167_1178181744316439_6098040375117250897_n-300x225.jpg 300w, https:\/\/sauzedoulx.net\/wp-content\/uploads\/2025\/04\/482221167_1178181744316439_6098040375117250897_n-768x576.jpg 768w, https:\/\/sauzedoulx.net\/wp-content\/uploads\/2025\/04\/482221167_1178181744316439_6098040375117250897_n-1536x1152.jpg 1536w, https:\/\/sauzedoulx.net\/wp-content\/uploads\/2025\/04\/482221167_1178181744316439_6098040375117250897_n-1500x1125.jpg 1500w, https:\/\/sauzedoulx.net\/wp-content\/uploads\/2025\/04\/482221167_1178181744316439_6098040375117250897_n-705x529.jpg 705w, https:\/\/sauzedoulx.net\/wp-content\/uploads\/2025\/04\/482221167_1178181744316439_6098040375117250897_n.jpg 2048w\" sizes=\"(max-width: 1030px) 100vw, 1030px\" \/><\/div><\/div><\/div><\/div>\n<div  class='flex_column av-av_one_third-bda30c2a5c8f7798e3bcdbf06fc60cb6 av_one_third  avia-builder-el-17  el_after_av_one_third  el_before_av_one_full  flex_column_div  column-top-margin'     ><style type=\"text\/css\" data-created_by=\"avia_inline_auto\" id=\"style-css-av-m9zfl8fd-621f6185dce790aa52362b1921545688\">\n.avia-image-container.av-m9zfl8fd-621f6185dce790aa52362b1921545688 img.avia_image{\nbox-shadow:none;\n}\n.avia-image-container.av-m9zfl8fd-621f6185dce790aa52362b1921545688 .av-image-caption-overlay-center{\ncolor:#ffffff;\n}\n<\/style>\n<div  class='avia-image-container av-m9zfl8fd-621f6185dce790aa52362b1921545688 av-styling- avia-align-center  avia-builder-el-18  avia-builder-el-no-sibling '   itemprop=\"image\" itemscope=\"itemscope\" itemtype=\"https:\/\/schema.org\/ImageObject\" ><div class=\"avia-image-container-inner\"><div class=\"avia-image-overlay-wrap\"><img decoding=\"async\" fetchpriority=\"high\" class='wp-image-5797 avia-img-lazy-loading-not-5797 avia_image ' src=\"https:\/\/sauzedoulx.net\/wp-content\/uploads\/2025\/04\/473156303_1131064085694872_1585657786819088238_n.jpg\" alt='' title='473156303_1131064085694872_1585657786819088238_n'  height=\"720\" width=\"960\"  itemprop=\"thumbnailUrl\" srcset=\"https:\/\/sauzedoulx.net\/wp-content\/uploads\/2025\/04\/473156303_1131064085694872_1585657786819088238_n.jpg 960w, https:\/\/sauzedoulx.net\/wp-content\/uploads\/2025\/04\/473156303_1131064085694872_1585657786819088238_n-300x225.jpg 300w, https:\/\/sauzedoulx.net\/wp-content\/uploads\/2025\/04\/473156303_1131064085694872_1585657786819088238_n-768x576.jpg 768w, https:\/\/sauzedoulx.net\/wp-content\/uploads\/2025\/04\/473156303_1131064085694872_1585657786819088238_n-705x529.jpg 705w\" sizes=\"(max-width: 960px) 100vw, 960px\" \/><\/div><\/div><\/div><\/div>\n<div  class='flex_column av-av_one_full-cccaee116c3e917eacba14988591ccf9 av_one_full  avia-builder-el-19  el_after_av_one_third  el_before_av_video  first flex_column_div  column-top-margin'     ><section  class='av_textblock_section av-m9zfmqaz-2919d8d4025503d60927eecbc2132631 '   itemscope=\"itemscope\" itemtype=\"https:\/\/schema.org\/CreativeWork\" ><div class='avia_textblock'  itemprop=\"text\" ><h2 style=\"text-align: center;\">QUELQUES INFORMATIONS G\u00c9N\u00c9RALES<\/h2>\n<p style=\"text-align: center;\">En hiver, le gym est ferm\u00e9 le dimanche, sauf pendant les vacances de No\u00ebl o\u00f9 il est ouvert tous les jours.<\/p>\n<p style=\"text-align: center;\">Les installations ext\u00e9rieures sont ferm\u00e9es de novembre \u00e0 avril.<\/p>\n<p style=\"text-align: center;\">Il est possible de s&rsquo;abonner \u00e0 la salle de sport.<\/p>\n<\/div><\/section><\/div>\n<div  class='avia-video av-m9zfptcz-edf307580561bc3df3c7e464f867846c avia-video-16-9 av-no-preview-image avia-video-load-always av-lazyload-immediate av-lazyload-video-embed'  itemprop=\"video\" itemtype=\"https:\/\/schema.org\/VideoObject\"  data-original_url='https:\/\/www.youtube.com\/watch?v=oaK-8ggM-m0'><script type='text\/html' class='av-video-tmpl'><div class='avia-iframe-wrap'><iframe loading=\"lazy\" title=\"Union Volley in Sauze&#039;s Pin Court Sports Centre\" width=\"1500\" height=\"844\" src=\"https:\/\/www.youtube.com\/embed\/oaK-8ggM-m0?feature=oembed&autoplay=0&loop=0&controls=1&mute=0\" frameborder=\"0\" allow=\"accelerometer; autoplay; clipboard-write; encrypted-media; gyroscope; picture-in-picture; web-share\" referrerpolicy=\"strict-origin-when-cross-origin\" allowfullscreen><\/iframe><\/div><\/script><div class='av-click-to-play-overlay'><div class=\"avia_playpause_icon\"><\/div><\/div><\/div>\n","protected":false},"excerpt":{"rendered":"","protected":false},"author":1,"featured_media":0,"parent":4479,"menu_order":0,"comment_status":"closed","ping_status":"closed","template":"","meta":{"footnotes":""},"class_list":["post-5957","page","type-page","status-publish","hentry"],"_links":{"self":[{"href":"https:\/\/sauzedoulx.net\/fr\/wp-json\/wp\/v2\/pages\/5957","targetHints":{"allow":["GET"]}}],"collection":[{"href":"https:\/\/sauzedoulx.net\/fr\/wp-json\/wp\/v2\/pages"}],"about":[{"href":"https:\/\/sauzedoulx.net\/fr\/wp-json\/wp\/v2\/types\/page"}],"author":[{"embeddable":true,"href":"https:\/\/sauzedoulx.net\/fr\/wp-json\/wp\/v2\/users\/1"}],"replies":[{"embeddable":true,"href":"https:\/\/sauzedoulx.net\/fr\/wp-json\/wp\/v2\/comments?post=5957"}],"version-history":[{"count":3,"href":"https:\/\/sauzedoulx.net\/fr\/wp-json\/wp\/v2\/pages\/5957\/revisions"}],"predecessor-version":[{"id":5995,"href":"https:\/\/sauzedoulx.net\/fr\/wp-json\/wp\/v2\/pages\/5957\/revisions\/5995"}],"up":[{"embeddable":true,"href":"https:\/\/sauzedoulx.net\/fr\/wp-json\/wp\/v2\/pages\/4479"}],"wp:attachment":[{"href":"https:\/\/sauzedoulx.net\/fr\/wp-json\/wp\/v2\/media?parent=5957"}],"curies":[{"name":"wp","href":"https:\/\/api.w.org\/{rel}","templated":true}]}}