{"id":6145,"date":"2025-05-01T09:46:24","date_gmt":"2025-05-01T09:46:24","guid":{"rendered":"https:\/\/sauzedoulx.net\/?page_id=6145"},"modified":"2025-05-27T08:55:05","modified_gmt":"2025-05-27T08:55:05","slug":"home-copy","status":"publish","type":"page","link":"https:\/\/sauzedoulx.net\/fr\/home-copy\/","title":{"rendered":"Home estate"},"content":{"rendered":"\n<style type=\"text\/css\" data-created_by=\"avia_inline_auto\" id=\"style-css-av-4nni7-d6ad04cd15bf656a71c71c404272a1c1\">\n.avia-section.av-4nni7-d6ad04cd15bf656a71c71c404272a1c1{\nbackground-repeat:no-repeat;\nbackground-image:url(https:\/\/sauzedoulx.net\/wp-content\/uploads\/2025\/05\/60448cd5-942e-4c62-98dc-a64e06f9607f-1030x313.jpg);\nbackground-position:50% 50%;\nbackground-attachment:scroll;\n}\n.avia-section.av-4nni7-d6ad04cd15bf656a71c71c404272a1c1 .av-section-color-overlay{\nopacity:0.1;\nbackground-color:#000000;\n}\n<\/style>\n<div id='av_section_1'  class='avia-section av-4nni7-d6ad04cd15bf656a71c71c404272a1c1 main_color avia-section-default avia-no-border-styling  avia-builder-el-0  el_before_av_section  avia-builder-el-first  avia-full-stretch avia-bg-style-scroll av-section-color-overlay-active av-minimum-height av-minimum-height-78 av-height-percent  container_wrap fullsize'  data-section-bg-repeat='stretch' data-av_minimum_height_pc='78' data-av_min_height_opt='percent'><div class=\"av-section-color-overlay-wrap\"><div class=\"av-section-color-overlay\"><\/div><div class='container av-section-cont-open' ><main  role=\"main\" itemprop=\"mainContentOfPage\"  class='template-page content  av-content-full alpha units'><div class='post-entry post-entry-type-page post-entry-6145'><div class='entry-content-wrapper clearfix'>\n<section  class='av_textblock_section av-ma5el2um-fb81cb7a06cc96a842866c0cf2c92072 '   itemscope=\"itemscope\" itemtype=\"https:\/\/schema.org\/CreativeWork\" ><div class='avia_textblock'  itemprop=\"text\" ><h1 class=\"summerheadtext\" style=\"text-align: center;\"><span style=\"color: #ffffff;\">BIENVENUE \u00c0 SAUZE D&rsquo;OULX<\/span><\/h1>\n<\/div><\/section>\n<div class='flex_column_table av-193ur-8359693544182f3bcf19e1af2d2a6740 sc-av_one_third av-equal-height-column-flextable'>\n<style type=\"text\/css\" data-created_by=\"avia_inline_auto\" id=\"style-css-av-193ur-8359693544182f3bcf19e1af2d2a6740\">\n.flex_column.av-193ur-8359693544182f3bcf19e1af2d2a6740{\nwidth:31%;\nmargin-left:0;\n}\n#top .flex_column_table.av-equal-height-column-flextable.av-193ur-8359693544182f3bcf19e1af2d2a6740 .av-flex-placeholder{\nwidth:3.5%;\n}\n<\/style>\n<div  class='flex_column av-193ur-8359693544182f3bcf19e1af2d2a6740 av_one_third  avia-builder-el-2  el_after_av_textblock  el_before_av_one_third  skihireboxes2 first flex_column_table_cell av-equal-height-column av-align-middle  column-top-margin'     ><section  class='av_textblock_section av-41uf-76357b4a75b42e418cfe728075383883 '   itemscope=\"itemscope\" itemtype=\"https:\/\/schema.org\/CreativeWork\" ><div class='avia_textblock'  itemprop=\"text\" ><h2 style=\"text-align: center;\"><span style=\"color: #ffffff;\">O\u00f9 la nature <\/span><\/h2>\n<h2 style=\"text-align: center;\"><span style=\"color: #ffffff;\">est le protagoniste<\/span><\/h2>\n<\/div><\/section><\/div><div class='av-flex-placeholder'><\/div>\n<style type=\"text\/css\" data-created_by=\"avia_inline_auto\" id=\"style-css-av-2kj3v-e02a38f9b98278d9439f07d2a73692ca\">\n.flex_column.av-2kj3v-e02a38f9b98278d9439f07d2a73692ca{\nwidth:31%;\nmargin-left:0;\n}\n#top .flex_column_table.av-equal-height-column-flextable.av-2kj3v-e02a38f9b98278d9439f07d2a73692ca .av-flex-placeholder{\nwidth:3.5%;\n}\n<\/style>\n<div  class='flex_column av-2kj3v-e02a38f9b98278d9439f07d2a73692ca av_one_third  avia-builder-el-4  el_after_av_one_third  el_before_av_one_third  skihireboxes2 flex_column_table_cell av-equal-height-column av-align-middle  column-top-margin'     ><section  class='av_textblock_section av-27sb7-167e1cf897c4080e9986199af602fe89 '   itemscope=\"itemscope\" itemtype=\"https:\/\/schema.org\/CreativeWork\" ><div class='avia_textblock'  itemprop=\"text\" ><h2 style=\"text-align: center;\"><span style=\"color: #ffffff;\">O\u00f9 le ski est entr\u00e9 <\/span><\/h2>\n<h2 style=\"text-align: center;\"><span style=\"color: #ffffff;\">dans l&rsquo;histoire<\/span><\/h2>\n<\/div><\/section><\/div><div class='av-flex-placeholder'><\/div>\n<style type=\"text\/css\" data-created_by=\"avia_inline_auto\" id=\"style-css-av-3tcrj-d3ba9e621ac7dd480c175c03e64a1fd6\">\n.flex_column.av-3tcrj-d3ba9e621ac7dd480c175c03e64a1fd6{\nwidth:31%;\nmargin-left:0;\n}\n#top .flex_column_table.av-equal-height-column-flextable.av-3tcrj-d3ba9e621ac7dd480c175c03e64a1fd6 .av-flex-placeholder{\nwidth:3.5%;\n}\n<\/style>\n<div  class='flex_column av-3tcrj-d3ba9e621ac7dd480c175c03e64a1fd6 av_one_third  avia-builder-el-6  el_after_av_one_third  avia-builder-el-last  skihireboxes2 flex_column_table_cell av-equal-height-column av-align-middle  column-top-margin'     ><section  class='av_textblock_section av-3cjqz-a8da1e576b7b1778c0e881e5f1cadf1b '   itemscope=\"itemscope\" itemtype=\"https:\/\/schema.org\/CreativeWork\" ><div class='avia_textblock'  itemprop=\"text\" ><h2 style=\"text-align: center;\"><span style=\"color: #ffffff;\">O\u00f9 il y a des villages et des vues <\/span><\/h2>\n<h2 style=\"text-align: center;\"><span style=\"color: #ffffff;\">\u00e0 couper le souffle<\/span><\/h2>\n<\/div><\/section><\/div><\/div><!--close column table wrapper. Autoclose: 1 -->\n\n<\/div><\/div><\/main><!-- close content main element --><\/div><\/div><\/div><div id='av_section_2'  class='avia-section av-27dfcl-9e3d1dd8a7b641edb98c4b1b3df3aa57 main_color avia-section-default avia-no-border-styling  avia-builder-el-8  el_after_av_section  el_before_av_section  avia-bg-style-scroll container_wrap fullsize'  ><div class='container av-section-cont-open' ><div class='template-page content  av-content-full alpha units'><div class='post-entry post-entry-type-page post-entry-6145'><div class='entry-content-wrapper clearfix'>\n<section  class='av_textblock_section av-m9r57r2l-c42bfdc6fd8474ee1ccb6ed5e78c8368 '   itemscope=\"itemscope\" itemtype=\"https:\/\/schema.org\/CreativeWork\" ><div class='avia_textblock'  itemprop=\"text\" ><h1 style=\"text-align: center;\">L&rsquo;\u00c9T\u00c9 DANS LA NATURE, LE SPORT ET LA TRADITION<\/h1>\n<p style=\"text-align: center;\">L&rsquo;\u00e9t\u00e9 \u00e0 Sauze d&rsquo;Oulx est l&rsquo;occasion de d\u00e9couvrir la montagne dans sa beaut\u00e9 la plus authentique.<\/p>\n<p style=\"text-align: center;\">Situ\u00e9 \u00e0 1 509 m\u00e8tres d&rsquo;altitude, ce village alpin offre un large \u00e9ventail d&rsquo;activit\u00e9s aux amateurs de vacances en altitude.<\/p>\n<p style=\"text-align: center;\">L&rsquo;\u00e9quilibre entre la d\u00e9tente et l&rsquo;aventure fait du Sauze d&rsquo;Oulx la destination id\u00e9ale pour ceux qui souhaitent d\u00e9couvrir la montagne sous toutes ses facettes.<\/p>\n<\/div><\/section>\n\n<\/div><\/div><\/div><!-- close content main div --><\/div><\/div>\n<style type=\"text\/css\" data-created_by=\"avia_inline_auto\" id=\"style-css-av-82gw3i-b3886e0f1fef4cd1562f2aa1bb163a55\">\n.avia-section.av-82gw3i-b3886e0f1fef4cd1562f2aa1bb163a55 .av-parallax .av-parallax-inner{\nbackground-repeat:no-repeat;\nbackground-image:url(https:\/\/sauzedoulx.net\/wp-content\/uploads\/2025\/05\/3026444893_5527e8efff_o-1.jpg);\nbackground-position:100% 0%;\nbackground-attachment:scroll;\n}\n<\/style>\n<div id='summerhomepage'  class='avia-section av-82gw3i-b3886e0f1fef4cd1562f2aa1bb163a55 main_color avia-section-default avia-no-border-styling  avia-builder-el-10  el_after_av_section  el_before_av_section  avia-full-stretch av-parallax-section avia-bg-style-parallax av-minimum-height av-minimum-height-75 av-height-percent  container_wrap fullsize'  data-section-bg-repeat='stretch' data-av_minimum_height_pc='75' data-av_min_height_opt='percent'><div class='av-parallax' data-avia-parallax-ratio='0.3' ><div class='av-parallax-inner main_color avia-full-stretch'><\/div><\/div><div class='container av-section-cont-open' ><div class='template-page content  av-content-full alpha units'><div class='post-entry post-entry-type-page post-entry-6145'><div class='entry-content-wrapper clearfix'>\n<section  class='av_textblock_section av-7uyal2-d24250308b87f363eb2768d537fda203 '   itemscope=\"itemscope\" itemtype=\"https:\/\/schema.org\/CreativeWork\" ><div class='avia_textblock'  itemprop=\"text\" ><div  class='hr av-7qgeni-8ff7bb7d226cc0360e56fba318d3ce14 hr-short  avia-builder-el-12  el_before_av_hr  avia-builder-el-first  hr-center'><span class='hr-inner '><span class=\"hr-inner-style\"><\/span><\/span><\/div>\n<h1 style=\"color: #ffffff !important; text-align: center; margin-top: 25px; margin-bottom: 25px;\"><strong>REMONT\u00c9ES M\u00c9CANIQUES ET LE BIKE PARK SONT OUVERTS<br \/>\nEN JUILLET ET AO\u00dbT<\/strong><\/h1>\n<div  class='hr av-7j7hwm-176f0f18c15c91f7804e4134d81ea6c0 hr-short  avia-builder-el-13  el_after_av_hr  avia-builder-el-last  hr-center'><span class='hr-inner '><span class=\"hr-inner-style\"><\/span><\/span><\/div>\n<\/div><\/section>\n\n<\/div><\/div><\/div><!-- close content main div --><\/div><\/div><div id='av_section_4'  class='avia-section av-5t4un9-f04ed17792e220a813c171cd1e1ed78b main_color avia-section-default avia-no-border-styling  avia-builder-el-14  el_after_av_section  el_before_av_section  avia-bg-style-scroll container_wrap fullsize'  ><div class='container av-section-cont-open' ><div class='template-page content  av-content-full alpha units'><div class='post-entry post-entry-type-page post-entry-6145'><div class='entry-content-wrapper clearfix'>\n<section  class='av_textblock_section av-ma6jzjbl-cd08770d5140a994d245189960f22b7a '   itemscope=\"itemscope\" itemtype=\"https:\/\/schema.org\/CreativeWork\" ><div class='avia_textblock'  itemprop=\"text\" ><h2 style=\"text-align: center;\">UN \u00c9T\u00c9 D&rsquo;\u00c9V\u00c9NEMENTS, DE CULTURE ET D&rsquo;AMUSEMENT<\/h2>\n<p style=\"text-align: center;\">Du d\u00e9but de l&rsquo;\u00e9t\u00e9 jusqu&rsquo;en septembre, la Sauze d&rsquo;Oulx se transforme en une sc\u00e8ne anim\u00e9e d&rsquo;exp\u00e9riences pour tous les go\u00fbts.<br \/>\nMarch\u00e9s typiques, excursions guid\u00e9es entre nature et culture, concerts en plein air et \u00e9v\u00e9nements sportifs passionnants animent chaque jour le village, offrant des moments de plaisir, de d\u00e9tente et de partage pour tous les \u00e2ges.<\/p>\n<\/div><\/section>\n\n<\/div><\/div><\/div><!-- close content main div --><\/div><\/div>\n<style type=\"text\/css\" data-created_by=\"avia_inline_auto\" id=\"style-css-av-m9r729bh-18b7dc0114fcc5350089e6fe545ad7d5\">\n.avia-section.av-m9r729bh-18b7dc0114fcc5350089e6fe545ad7d5{\nbackground-repeat:no-repeat;\nbackground-image:url(https:\/\/sauzedoulx.net\/wp-content\/uploads\/2024\/10\/lago-launce-sauze-d-oulx.jpg);\nbackground-position:50% 100%;\nbackground-attachment:fixed;\n}\n.avia-section.av-m9r729bh-18b7dc0114fcc5350089e6fe545ad7d5 .av-section-color-overlay{\nopacity:0.1;\nbackground-color:#000000;\n}\n<\/style>\n<div id='av_section_5'  class='avia-section av-m9r729bh-18b7dc0114fcc5350089e6fe545ad7d5 main_color avia-section-default avia-no-border-styling  avia-builder-el-16  el_after_av_section  el_before_av_section  avia-full-stretch avia-bg-style-fixed av-section-color-overlay-active av-minimum-height av-minimum-height-78 av-height-percent  container_wrap fullsize'  data-section-bg-repeat='stretch' data-av_minimum_height_pc='78' data-av_min_height_opt='percent'><div class=\"av-section-color-overlay-wrap\"><div class=\"av-section-color-overlay\"><\/div><div class='container av-section-cont-open' ><div class='template-page content  av-content-full alpha units'><div class='post-entry post-entry-type-page post-entry-6145'><div class='entry-content-wrapper clearfix'>\n<div class='flex_column_table av-m9r713ml-a2ea83d8b1b82567cc6c537a7bf5a5f1 sc-av_one_third av-equal-height-column-flextable'>\n<style type=\"text\/css\" data-created_by=\"avia_inline_auto\" id=\"style-css-av-m9r713ml-a2ea83d8b1b82567cc6c537a7bf5a5f1\">\n.flex_column.av-m9r713ml-a2ea83d8b1b82567cc6c537a7bf5a5f1{\nwidth:31%;\nmargin-left:0;\nbackground:url(https:\/\/sauzedoulx.net\/wp-content\/uploads\/2024\/10\/lago-launce-sauze-d-oulx-300x129.jpg) 50% 50% no-repeat scroll ;\n}\n#top .flex_column_table.av-equal-height-column-flextable.av-m9r713ml-a2ea83d8b1b82567cc6c537a7bf5a5f1 .av-flex-placeholder{\nwidth:3.5%;\n}\n<\/style>\n<div  class='flex_column av-m9r713ml-a2ea83d8b1b82567cc6c537a7bf5a5f1 av_one_third  avia-builder-el-17  el_before_av_one_third  avia-builder-el-first  skihireboxes2 first flex_column_table_cell av-equal-height-column av-align-middle  '     ><section  class='av_textblock_section av-m9r7455r-7164c752d7f3263cf23b41ad88655027 '   itemscope=\"itemscope\" itemtype=\"https:\/\/schema.org\/CreativeWork\" ><div class='avia_textblock'  itemprop=\"text\" ><h3 style=\"text-align: center; color: #fff;\">V\u00c9LOS E BIKE PARK<\/h3>\n\n<style type=\"text\/css\" data-created_by=\"avia_inline_auto\" id=\"style-css-av-i237-ff90bb8a616f9ab95a342f38a7d05a38\">\n#top .hr.av-i237-ff90bb8a616f9ab95a342f38a7d05a38{\nmargin-top:0px;\nmargin-bottom:15px;\n}\n.hr.av-i237-ff90bb8a616f9ab95a342f38a7d05a38 .hr-inner{\nwidth:50px;\nborder-color:#ffffff;\nmax-width:45%;\n}\n.hr.av-i237-ff90bb8a616f9ab95a342f38a7d05a38 .av-seperator-icon{\ncolor:#ffffff;\n}\n<\/style>\n<div  class='hr av-i237-ff90bb8a616f9ab95a342f38a7d05a38 hr-custom  avia-builder-el-19  avia-builder-el-no-sibling  hr-center hr-icon-yes'><span class='hr-inner inner-border-av-border-thin'><span class=\"hr-inner-style\"><\/span><\/span><span class='av-seperator-icon' aria-hidden='true' data-av_icon='\ue866' data-av_iconfont='entypo-fontello'><\/span><span class='hr-inner inner-border-av-border-thin'><span class=\"hr-inner-style\"><\/span><\/span><\/div>\n<p style=\"text-align: center;\"><span style=\"color: #ffffff;\"><a style=\"color: #ffffff;\" href=\"https:\/\/sauzedoulx.net\/estate\/mtb\/\">Mountain Bike<\/a><\/span><br \/>\n<span style=\"color: #ffffff;\"> <a style=\"color: #ffffff;\" href=\"https:\/\/sauzedoulx.net\/estate\/freeride\/\">Bike Park<\/a><\/span><br \/>\n<span style=\"color: #ffffff;\"><a style=\"color: #ffffff;\" href=\"https:\/\/sauzedoulx.net\/estate\/bici-da-strada\/\">V\u00e9los de route<\/a><\/span><br \/>\n<span style=\"color: #ffffff;\"> <a style=\"color: #ffffff;\" href=\"https:\/\/sauzedoulx.net\/estate\/affitto-bici\/\">Location de v\u00e9los<\/a><\/span><\/p>\n<\/div><\/section><\/div><div class='av-flex-placeholder'><\/div>\n<style type=\"text\/css\" data-created_by=\"avia_inline_auto\" id=\"style-css-av-4kb6t-fd8ca028e44601481561528f1b51dea8\">\n.flex_column.av-4kb6t-fd8ca028e44601481561528f1b51dea8{\nwidth:31%;\nmargin-left:0;\n}\n#top .flex_column_table.av-equal-height-column-flextable.av-4kb6t-fd8ca028e44601481561528f1b51dea8 .av-flex-placeholder{\nwidth:3.5%;\n}\n<\/style>\n<div  class='flex_column av-4kb6t-fd8ca028e44601481561528f1b51dea8 av_one_third  avia-builder-el-20  el_after_av_one_third  el_before_av_one_third  skihireboxes2 flex_column_table_cell av-equal-height-column av-align-middle  '     ><section  class='av_textblock_section av-m9r758h1-15995d0a17bd8a53007aac0e1c250980 '   itemscope=\"itemscope\" itemtype=\"https:\/\/schema.org\/CreativeWork\" ><div class='avia_textblock'  itemprop=\"text\" ><h3 style=\"text-align: center; color: #fff;\">SPORTS D&rsquo;\u00c9T\u00c9<\/h3>\n\n<style type=\"text\/css\" data-created_by=\"avia_inline_auto\" id=\"style-css-av-i237-9-02b2def9e23817a94043b56579e910e5\">\n#top .hr.av-i237-9-02b2def9e23817a94043b56579e910e5{\nmargin-top:0px;\nmargin-bottom:15px;\n}\n.hr.av-i237-9-02b2def9e23817a94043b56579e910e5 .hr-inner{\nwidth:50px;\nborder-color:#ffffff;\nmax-width:45%;\n}\n.hr.av-i237-9-02b2def9e23817a94043b56579e910e5 .av-seperator-icon{\ncolor:#ffffff;\n}\n<\/style>\n<div  class='hr av-i237-9-02b2def9e23817a94043b56579e910e5 hr-custom  avia-builder-el-22  avia-builder-el-no-sibling  hr-center hr-icon-yes'><span class='hr-inner inner-border-av-border-thin'><span class=\"hr-inner-style\"><\/span><\/span><span class='av-seperator-icon' aria-hidden='true' data-av_icon='\ue866' data-av_iconfont='entypo-fontello'><\/span><span class='hr-inner inner-border-av-border-thin'><span class=\"hr-inner-style\"><\/span><\/span><\/div>\n<p style=\"text-align: center;\"><span style=\"color: #ffffff;\"><a style=\"color: #ffffff;\" href=\"https:\/\/sauzedoulx.net\/estate\/escursioni\/\">Promenades et randonn\u00e9es<\/a><\/span><br \/>\n<span style=\"color: #ffffff;\"> <a style=\"color: #ffffff;\" href=\"https:\/\/sauzedoulx.net\/estate\/off-road\/\">Off Road<\/a><\/span><br \/>\n<span style=\"color: #ffffff;\"> <a style=\"color: #ffffff;\" href=\"https:\/\/sauzedoulx.net\/estate\/jogging-e-trail-running\/\">Jogging e trail running<\/a><\/span><br \/>\n<span style=\"color: #ffffff;\"><a style=\"color: #ffffff;\" href=\"https:\/\/sauzedoulx.net\/fr\/sauze-doulx\/centre-sportif-pin-court\/\"> Centre Sportif Pin Court<\/a><\/span><\/p>\n<\/div><\/section><\/div><div class='av-flex-placeholder'><\/div>\n<style type=\"text\/css\" data-created_by=\"avia_inline_auto\" id=\"style-css-av-14jj9x-a6cf8378fb2066f5e2f1166e2f7a4f43\">\n.flex_column.av-14jj9x-a6cf8378fb2066f5e2f1166e2f7a4f43{\nwidth:31%;\nmargin-left:0;\n}\n#top .flex_column_table.av-equal-height-column-flextable.av-14jj9x-a6cf8378fb2066f5e2f1166e2f7a4f43 .av-flex-placeholder{\nwidth:3.5%;\n}\n<\/style>\n<div  class='flex_column av-14jj9x-a6cf8378fb2066f5e2f1166e2f7a4f43 av_one_third  avia-builder-el-23  el_after_av_one_third  avia-builder-el-last  skihireboxes2 flex_column_table_cell av-equal-height-column av-align-middle  '     ><section  class='av_textblock_section av-m9r766il-660c8a226db6707bdab0950a9eaad445 '   itemscope=\"itemscope\" itemtype=\"https:\/\/schema.org\/CreativeWork\" ><div class='avia_textblock'  itemprop=\"text\" ><h3 style=\"text-align: center; color: #fff;\">ACTIVIT\u00c9S D&rsquo;\u00c9T\u00c9<\/h3>\n\n<style type=\"text\/css\" data-created_by=\"avia_inline_auto\" id=\"style-css-av-i237-8-1230b635a9fc36e48685a101ba68ba7d\">\n#top .hr.av-i237-8-1230b635a9fc36e48685a101ba68ba7d{\nmargin-top:0px;\nmargin-bottom:15px;\n}\n.hr.av-i237-8-1230b635a9fc36e48685a101ba68ba7d .hr-inner{\nwidth:50px;\nborder-color:#ffffff;\nmax-width:45%;\n}\n.hr.av-i237-8-1230b635a9fc36e48685a101ba68ba7d .av-seperator-icon{\ncolor:#ffffff;\n}\n<\/style>\n<div  class='hr av-i237-8-1230b635a9fc36e48685a101ba68ba7d hr-custom  avia-builder-el-25  avia-builder-el-no-sibling  hr-center hr-icon-yes'><span class='hr-inner inner-border-av-border-thin'><span class=\"hr-inner-style\"><\/span><\/span><span class='av-seperator-icon' aria-hidden='true' data-av_icon='\ue866' data-av_iconfont='entypo-fontello'><\/span><span class='hr-inner inner-border-av-border-thin'><span class=\"hr-inner-style\"><\/span><\/span><\/div>\n<p style=\"text-align: center;\"><span style=\"color: #ffffff;\"><a style=\"color: #ffffff;\" href=\"https:\/\/sauzedoulx.net\/estate\/\">L&rsquo;\u00e9t\u00e9 \u00e0 Sauze d&rsquo;Oulx<\/a><\/span><br \/>\n<span style=\"color: #ffffff;\"> <a style=\"color: #ffffff;\" href=\"https:\/\/sauzedoulx.net\/estate\/parco-avventura\/\">Adventure Village<\/a><\/span><br \/>\n<span style=\"color: #ffffff;\"> <a style=\"color: #ffffff;\" href=\"https:\/\/sauzedoulx.net\/estate\/eventi-estivi\/\">\u00c9v\u00e9nements d&rsquo;\u00e9t\u00e9<\/a><\/span><br \/>\n<span style=\"color: #ffffff;\"><a style=\"color: #ffffff;\" href=\"https:\/\/sauzedoulx.net\/cosa-visitare\/\">Ce qu&rsquo;il faut visiter<\/a><\/span><\/p>\n<\/div><\/section><\/div><\/div><!--close column table wrapper. Autoclose: 1 -->\n\n<\/div><\/div><\/div><!-- close content main div --><\/div><\/div><\/div><div id='av_section_6'  class='avia-section av-1d0tr-ce9a8f1a52ccce43503ab5396ecfb62a main_color avia-section-default avia-no-border-styling  avia-builder-el-26  el_after_av_section  el_before_av_section  avia-bg-style-scroll container_wrap fullsize'  ><div class='container av-section-cont-open' ><div class='template-page content  av-content-full alpha units'><div class='post-entry post-entry-type-page post-entry-6145'><div class='entry-content-wrapper clearfix'>\n\n<style type=\"text\/css\" data-created_by=\"avia_inline_auto\" id=\"style-css-av-1g1jn-7e9ba6206e601d615bbb676bf6e17091\">\n.flex_column.av-1g1jn-7e9ba6206e601d615bbb676bf6e17091{\nwidth:49.5%;\n}\n<\/style>\n<div  class='flex_column av-1g1jn-7e9ba6206e601d615bbb676bf6e17091 av_one_half  avia-builder-el-27  el_before_av_one_half  avia-builder-el-first  first flex_column_div avia-link-column av-column-link avia-link-column-hover  '    data-link-column-url=\"https:\/\/sauzedoulx.net\/en\/winter\/ski-area-piste-map\/\"   ><a class=\"av-screen-reader-only\" href=https:\/\/sauzedoulx.net\/en\/winter\/ski-area-piste-map\/ >Lier vers : Ski Area &#038; Piste Map<\/a><style type=\"text\/css\" data-created_by=\"avia_inline_auto\" id=\"style-css-av-m292mts0-7bc9f3f26d6b8ec5860c090123e15b5a\">\n.avia-image-container.av-m292mts0-7bc9f3f26d6b8ec5860c090123e15b5a img.avia_image{\nbox-shadow:none;\n}\n.avia-image-container.av-m292mts0-7bc9f3f26d6b8ec5860c090123e15b5a .av-image-caption-overlay-center{\ncolor:#ffffff;\n}\n<\/style>\n<div  class='avia-image-container av-m292mts0-7bc9f3f26d6b8ec5860c090123e15b5a av-styling- avia-align-center  avia-builder-el-28  avia-builder-el-no-sibling '   itemprop=\"image\" itemscope=\"itemscope\" itemtype=\"https:\/\/schema.org\/ImageObject\" ><div class=\"avia-image-container-inner\"><div class=\"avia-image-overlay-wrap\"><img decoding=\"async\" fetchpriority=\"high\" class='wp-image-3423 avia-img-lazy-loading-not-3423 avia_image ' src=\"https:\/\/sauzedoulx.net\/wp-content\/uploads\/2024\/10\/unionvialattea_small.png\" alt='' title='unionvialattea_small'  height=\"182\" width=\"220\"  itemprop=\"thumbnailUrl\"  \/><\/div><\/div><\/div><\/div>\n<style type=\"text\/css\" data-created_by=\"avia_inline_auto\" id=\"style-css-av-z073-d93e11f17e9bf93673854ad80923a4bd\">\n.flex_column.av-z073-d93e11f17e9bf93673854ad80923a4bd{\nwidth:49.5%;\nmargin-left:1%;\n}\n<\/style>\n<div  class='flex_column av-z073-d93e11f17e9bf93673854ad80923a4bd av_one_half  avia-builder-el-29  el_after_av_one_half  avia-builder-el-last  flex_column_div avia-link-column av-column-link avia-link-column-hover  '    data-link-column-url=\"https:\/\/sauzedoulx.net\/en\/winter\/ski-area-piste-map\/\"   ><a class=\"av-screen-reader-only\" href=https:\/\/sauzedoulx.net\/en\/winter\/ski-area-piste-map\/ >Lier vers : Ski Area &#038; Piste Map<\/a><style type=\"text\/css\" data-created_by=\"avia_inline_auto\" id=\"style-css-av-m292n65a-7432aef7b4c0e300c7190b17301f9d27\">\n.avia-image-container.av-m292n65a-7432aef7b4c0e300c7190b17301f9d27 img.avia_image{\nbox-shadow:none;\n}\n.avia-image-container.av-m292n65a-7432aef7b4c0e300c7190b17301f9d27 .av-image-caption-overlay-center{\ncolor:#ffffff;\n}\n<\/style>\n<div  class='avia-image-container av-m292n65a-7432aef7b4c0e300c7190b17301f9d27 av-styling- avia-align-center  avia-builder-el-30  avia-builder-el-no-sibling '   itemprop=\"image\" itemscope=\"itemscope\" itemtype=\"https:\/\/schema.org\/ImageObject\" ><div class=\"avia-image-container-inner\"><div class=\"avia-image-overlay-wrap\"><img decoding=\"async\" fetchpriority=\"high\" class='wp-image-3426 avia-img-lazy-loading-not-3426 avia_image ' src=\"https:\/\/sauzedoulx.net\/wp-content\/uploads\/2024\/10\/sauzethlogo2.png\" alt='' title='sauzethlogo2'  height=\"200\" width=\"171\"  itemprop=\"thumbnailUrl\"  \/><\/div><\/div><\/div><\/div>\n\n<\/div><\/div><\/div><!-- close content main div --><\/div><\/div><div id='av_section_7'  class='avia-section av-4ae9ad-151ce8f83358855f072c2b13f5519e49 main_color avia-section-default avia-no-border-styling  avia-builder-el-31  el_after_av_section  avia-builder-el-last  avia-bg-style-scroll container_wrap fullsize'  ><div class='container av-section-cont-open' ><div class='template-page content  av-content-full alpha units'><div class='post-entry post-entry-type-page post-entry-6145'><div class='entry-content-wrapper clearfix'>\n","protected":false},"excerpt":{"rendered":"","protected":false},"author":1,"featured_media":3565,"parent":0,"menu_order":0,"comment_status":"closed","ping_status":"closed","template":"","meta":{"footnotes":""},"class_list":["post-6145","page","type-page","status-publish","has-post-thumbnail","hentry"],"_links":{"self":[{"href":"https:\/\/sauzedoulx.net\/fr\/wp-json\/wp\/v2\/pages\/6145","targetHints":{"allow":["GET"]}}],"collection":[{"href":"https:\/\/sauzedoulx.net\/fr\/wp-json\/wp\/v2\/pages"}],"about":[{"href":"https:\/\/sauzedoulx.net\/fr\/wp-json\/wp\/v2\/types\/page"}],"author":[{"embeddable":true,"href":"https:\/\/sauzedoulx.net\/fr\/wp-json\/wp\/v2\/users\/1"}],"replies":[{"embeddable":true,"href":"https:\/\/sauzedoulx.net\/fr\/wp-json\/wp\/v2\/comments?post=6145"}],"version-history":[{"count":18,"href":"https:\/\/sauzedoulx.net\/fr\/wp-json\/wp\/v2\/pages\/6145\/revisions"}],"predecessor-version":[{"id":6848,"href":"https:\/\/sauzedoulx.net\/fr\/wp-json\/wp\/v2\/pages\/6145\/revisions\/6848"}],"wp:featuredmedia":[{"embeddable":true,"href":"https:\/\/sauzedoulx.net\/fr\/wp-json\/wp\/v2\/media\/3565"}],"wp:attachment":[{"href":"https:\/\/sauzedoulx.net\/fr\/wp-json\/wp\/v2\/media?parent=6145"}],"curies":[{"name":"wp","href":"https:\/\/api.w.org\/{rel}","templated":true}]}}